{"id":24762,"date":"2016-12-12T17:54:13","date_gmt":"2016-12-12T16:54:13","guid":{"rendered":"https:\/\/www.aie.es\/formulario-hazte-socio\/"},"modified":"2018-10-23T07:23:29","modified_gmt":"2018-10-23T06:23:29","slug":"formulario-hazte-socio","status":"publish","type":"page","link":"https:\/\/www.aie.es\/en\/members\/become-a-member\/formulario-hazte-socio\/","title":{"rendered":"Become a Member Form"},"content":{"rendered":"<div class=\"wpb-content-wrapper\"><p>[vc_row row_type=&#8221;row&#8221; use_row_as_full_screen_section=&#8221;no&#8221; type=&#8221;full_width&#8221; angled_section=&#8221;no&#8221; text_align=&#8221;left&#8221; background_image_as_pattern=&#8221;without_pattern&#8221; css_animation=&#8221;&#8221;][vc_column][vc_column_text]<\/p>\n<div class=\"float-title\">\n<h1>Solicitud de incorporaci\u00f3n a AIE<\/h1>\n<\/div>\n<div class=\"formulario\"><iframe style=\"margin-left: -210px; margin-top: -180px;\" src=\"https:\/\/old.aie.es\/index.php?option=com_chronocontact&amp;chronoformname=formulario_adhesi%C3%B3nPruebas\" width=\"960\" height=\"1800\" scrolling=\"no\"><\/iframe><\/div>\n<div class=\"franja-sup\"><\/div>\n<div class=\"franja-izq\"><\/div>\n<div class=\"franja-bot\"><\/div>\n<p>[\/vc_column_text][\/vc_column][\/vc_row]<\/p>\n<\/div>","protected":false},"excerpt":{"rendered":"<p>[vc_row row_type=&#8221;row&#8221; use_row_as_full_screen_section=&#8221;no&#8221; type=&#8221;full_width&#8221; angled_section=&#8221;no&#8221; text_align=&#8221;left&#8221; background_image_as_pattern=&#8221;without_pattern&#8221; css_animation=&#8221;&#8221;][vc_column][vc_column_text] Solicitud de incorporaci\u00f3n a AIE [\/vc_column_text][\/vc_column][\/vc_row]<\/p>\n","protected":false},"author":2,"featured_media":0,"parent":24789,"menu_order":0,"comment_status":"closed","ping_status":"closed","template":"","meta":{"_acf_changed":false,"_relevanssi_hide_post":"","_relevanssi_hide_content":"","_relevanssi_pin_for_all":"","_relevanssi_pin_keywords":"","_relevanssi_unpin_keywords":"","_relevanssi_related_keywords":"","_relevanssi_related_include_ids":"","_relevanssi_related_exclude_ids":"","_relevanssi_related_no_append":"","_relevanssi_related_not_related":"","_relevanssi_related_posts":"","_relevanssi_noindex_reason":"","footnotes":""},"acf":[],"yoast_head":"<!-- This site is optimized with the Yoast SEO Premium plugin v21.5 (Yoast SEO v21.9.1) - https:\/\/yoast.com\/wordpress\/plugins\/seo\/ -->\n<title>Become a Member Form - AIE Sociedad de Artistas Int\u00e9rpretes o Ejecutantes de Espa\u00f1a<\/title>\n<meta name=\"robots\" content=\"index, follow, max-snippet:-1, max-image-preview:large, max-video-preview:-1\" \/>\n<link rel=\"canonical\" href=\"https:\/\/www.aie.es\/en\/members\/become-a-member\/formulario-hazte-socio\/\" \/>\n<meta property=\"og:locale\" content=\"en_US\" \/>\n<meta property=\"og:type\" content=\"article\" \/>\n<meta property=\"og:title\" content=\"Become a Member Form\" \/>\n<meta property=\"og:description\" content=\"[vc_row row_type=&#8221;row&#8221; use_row_as_full_screen_section=&#8221;no&#8221; type=&#8221;full_width&#8221; angled_section=&#8221;no&#8221; text_align=&#8221;left&#8221; background_image_as_pattern=&#8221;without_pattern&#8221; css_animation=&#8221;&#8221;][vc_column][vc_column_text] Solicitud de incorporaci\u00f3n a AIE [\/vc_column_text][\/vc_column][\/vc_row]\" \/>\n<meta property=\"og:url\" content=\"https:\/\/www.aie.es\/en\/members\/become-a-member\/formulario-hazte-socio\/\" \/>\n<meta property=\"og:site_name\" content=\"AIE Sociedad de Artistas Int\u00e9rpretes o Ejecutantes de Espa\u00f1a\" \/>\n<meta property=\"article:modified_time\" content=\"2018-10-23T06:23:29+00:00\" \/>\n<meta name=\"twitter:card\" content=\"summary_large_image\" \/>\n<script type=\"application\/ld+json\" class=\"yoast-schema-graph\">{\"@context\":\"https:\/\/schema.org\",\"@graph\":[{\"@type\":\"WebPage\",\"@id\":\"https:\/\/www.aie.es\/en\/members\/become-a-member\/formulario-hazte-socio\/\",\"url\":\"https:\/\/www.aie.es\/en\/members\/become-a-member\/formulario-hazte-socio\/\",\"name\":\"Become a Member Form - AIE Sociedad de Artistas Int\u00e9rpretes o Ejecutantes de Espa\u00f1a\",\"isPartOf\":{\"@id\":\"https:\/\/www.aie.es\/#website\"},\"datePublished\":\"2016-12-12T16:54:13+00:00\",\"dateModified\":\"2018-10-23T06:23:29+00:00\",\"breadcrumb\":{\"@id\":\"https:\/\/www.aie.es\/en\/members\/become-a-member\/formulario-hazte-socio\/#breadcrumb\"},\"inLanguage\":\"en-US\",\"potentialAction\":[{\"@type\":\"ReadAction\",\"target\":[\"https:\/\/www.aie.es\/en\/members\/become-a-member\/formulario-hazte-socio\/\"]}]},{\"@type\":\"BreadcrumbList\",\"@id\":\"https:\/\/www.aie.es\/en\/members\/become-a-member\/formulario-hazte-socio\/#breadcrumb\",\"itemListElement\":[{\"@type\":\"ListItem\",\"position\":1,\"name\":\"Portada\",\"item\":\"https:\/\/www.aie.es\/en\/\"},{\"@type\":\"ListItem\",\"position\":2,\"name\":\"Members\",\"item\":\"https:\/\/www.aie.es\/en\/members\/\"},{\"@type\":\"ListItem\",\"position\":3,\"name\":\"Become a Member\",\"item\":\"https:\/\/www.aie.es\/en\/members\/become-a-member\/\"},{\"@type\":\"ListItem\",\"position\":4,\"name\":\"Become a Member Form\"}]},{\"@type\":\"WebSite\",\"@id\":\"https:\/\/www.aie.es\/#website\",\"url\":\"https:\/\/www.aie.es\/\",\"name\":\"AIE Sociedad de Artistas Int\u00e9rpretes o Ejecutantes de Espa\u00f1a\",\"description\":\"Entidad de gesti\u00f3n de derechos de propiedad intelectual\",\"potentialAction\":[{\"@type\":\"SearchAction\",\"target\":{\"@type\":\"EntryPoint\",\"urlTemplate\":\"https:\/\/www.aie.es\/?s={search_term_string}\"},\"query-input\":\"required name=search_term_string\"}],\"inLanguage\":\"en-US\"}]}<\/script>\n<!-- \/ Yoast SEO Premium plugin. -->","yoast_head_json":{"title":"Become a Member Form - AIE Sociedad de Artistas Int\u00e9rpretes o Ejecutantes de Espa\u00f1a","robots":{"index":"index","follow":"follow","max-snippet":"max-snippet:-1","max-image-preview":"max-image-preview:large","max-video-preview":"max-video-preview:-1"},"canonical":"https:\/\/www.aie.es\/en\/members\/become-a-member\/formulario-hazte-socio\/","og_locale":"en_US","og_type":"article","og_title":"Become a Member Form","og_description":"[vc_row row_type=&#8221;row&#8221; use_row_as_full_screen_section=&#8221;no&#8221; type=&#8221;full_width&#8221; angled_section=&#8221;no&#8221; text_align=&#8221;left&#8221; background_image_as_pattern=&#8221;without_pattern&#8221; css_animation=&#8221;&#8221;][vc_column][vc_column_text] Solicitud de incorporaci\u00f3n a AIE [\/vc_column_text][\/vc_column][\/vc_row]","og_url":"https:\/\/www.aie.es\/en\/members\/become-a-member\/formulario-hazte-socio\/","og_site_name":"AIE Sociedad de Artistas Int\u00e9rpretes o Ejecutantes de Espa\u00f1a","article_modified_time":"2018-10-23T06:23:29+00:00","twitter_card":"summary_large_image","schema":{"@context":"https:\/\/schema.org","@graph":[{"@type":"WebPage","@id":"https:\/\/www.aie.es\/en\/members\/become-a-member\/formulario-hazte-socio\/","url":"https:\/\/www.aie.es\/en\/members\/become-a-member\/formulario-hazte-socio\/","name":"Become a Member Form - AIE Sociedad de Artistas Int\u00e9rpretes o Ejecutantes de Espa\u00f1a","isPartOf":{"@id":"https:\/\/www.aie.es\/#website"},"datePublished":"2016-12-12T16:54:13+00:00","dateModified":"2018-10-23T06:23:29+00:00","breadcrumb":{"@id":"https:\/\/www.aie.es\/en\/members\/become-a-member\/formulario-hazte-socio\/#breadcrumb"},"inLanguage":"en-US","potentialAction":[{"@type":"ReadAction","target":["https:\/\/www.aie.es\/en\/members\/become-a-member\/formulario-hazte-socio\/"]}]},{"@type":"BreadcrumbList","@id":"https:\/\/www.aie.es\/en\/members\/become-a-member\/formulario-hazte-socio\/#breadcrumb","itemListElement":[{"@type":"ListItem","position":1,"name":"Portada","item":"https:\/\/www.aie.es\/en\/"},{"@type":"ListItem","position":2,"name":"Members","item":"https:\/\/www.aie.es\/en\/members\/"},{"@type":"ListItem","position":3,"name":"Become a Member","item":"https:\/\/www.aie.es\/en\/members\/become-a-member\/"},{"@type":"ListItem","position":4,"name":"Become a Member Form"}]},{"@type":"WebSite","@id":"https:\/\/www.aie.es\/#website","url":"https:\/\/www.aie.es\/","name":"AIE Sociedad de Artistas Int\u00e9rpretes o Ejecutantes de Espa\u00f1a","description":"Entidad de gesti\u00f3n de derechos de propiedad intelectual","potentialAction":[{"@type":"SearchAction","target":{"@type":"EntryPoint","urlTemplate":"https:\/\/www.aie.es\/?s={search_term_string}"},"query-input":"required name=search_term_string"}],"inLanguage":"en-US"}]}},"_links":{"self":[{"href":"https:\/\/www.aie.es\/en\/wp-json\/wp\/v2\/pages\/24762"}],"collection":[{"href":"https:\/\/www.aie.es\/en\/wp-json\/wp\/v2\/pages"}],"about":[{"href":"https:\/\/www.aie.es\/en\/wp-json\/wp\/v2\/types\/page"}],"author":[{"embeddable":true,"href":"https:\/\/www.aie.es\/en\/wp-json\/wp\/v2\/users\/2"}],"replies":[{"embeddable":true,"href":"https:\/\/www.aie.es\/en\/wp-json\/wp\/v2\/comments?post=24762"}],"version-history":[{"count":1,"href":"https:\/\/www.aie.es\/en\/wp-json\/wp\/v2\/pages\/24762\/revisions"}],"predecessor-version":[{"id":26402,"href":"https:\/\/www.aie.es\/en\/wp-json\/wp\/v2\/pages\/24762\/revisions\/26402"}],"up":[{"embeddable":true,"href":"https:\/\/www.aie.es\/en\/wp-json\/wp\/v2\/pages\/24789"}],"wp:attachment":[{"href":"https:\/\/www.aie.es\/en\/wp-json\/wp\/v2\/media?parent=24762"}],"curies":[{"name":"wp","href":"https:\/\/api.w.org\/{rel}","templated":true}]}}