{"id":24770,"date":"2016-08-08T13:19:11","date_gmt":"2016-08-08T12:19:11","guid":{"rendered":"https:\/\/www.aie.es\/privacidad\/"},"modified":"2025-02-14T10:51:13","modified_gmt":"2025-02-14T09:51:13","slug":"privacy-policy","status":"publish","type":"page","link":"https:\/\/www.aie.es\/en\/privacy-policy\/","title":{"rendered":"Privacy Policy"},"content":{"rendered":"<div class=\"wpb-content-wrapper\"><p>[vc_row css_animation=&#8221;&#8221; row_type=&#8221;row&#8221; use_row_as_full_screen_section=&#8221;no&#8221; type=&#8221;full_width&#8221; angled_section=&#8221;no&#8221; text_align=&#8221;left&#8221; background_image_as_pattern=&#8221;without_pattern&#8221;][vc_column width=&#8221;1\/6&#8243;][\/vc_column][vc_column width=&#8221;2\/3&#8243;][vc_empty_space][vc_column_text css=&#8221;&#8221;]<\/p>\n<p style=\"font-weight: 400;\"><strong>Website Privacy Policy of Artistas Int\u00e9rpretes o Ejecutantes, EGDPI, AIE<\/strong><\/p>\n<p style=\"font-weight: 400;\">This Privacy Policy regulates the processing of Personal Data carried out by Artistas Int\u00e9rpretes o Ejecutantes, EGDPI, AIE, with registered office at Calle Torrelara, 8, 28016, Madrid (hereinafter referred to as &#8220;<strong>AIE<\/strong>&#8220;) through the website <a href=\"http:\/\/www.aie.es\/\">www.aie.es<\/a> (hereinafter, the &#8220;<strong>Website<\/strong>&#8220;).<\/p>\n<p>&nbsp;<\/p>\n<ol>\n<li style=\"font-weight: 400;\"><strong> Identity and Contact Details of the Data Controller<\/strong><\/li>\n<\/ol>\n<p style=\"font-weight: 400;\">In compliance with Regulation (EU) 2016\/679, General Data Protection Regulation (\u201c<strong>GDPR<\/strong>\u201d), and Organic Law 3\/2018, on the Protection of Personal Data and Guarantee of Digital Rights (\u201c<strong>LOPDGDD<\/strong>\u201d), we inform you that the personal data collected through the Website will be processed by AIE confidentially and will be incorporated into a processing activities register owned by AIE.<\/p>\n<p style=\"font-weight: 400;\">If you have any questions or wish to make any queries regarding data protection, you may contact the Data Protection Officer (\u201c<strong>DPO<\/strong>\u201d) of AIE via email at: <a href=\"mailto:dpo@aie.es\">dpo@aie.es<\/a>.<\/p>\n<ol start=\"2\">\n<li style=\"font-weight: 400;\"><strong> Purposes of Processing and Legal Basis<\/strong><\/li>\n<\/ol>\n<p style=\"font-weight: 400;\">AIE will process the personal data collected through the Website for the following purposes:<\/p>\n<p><!-- Primera tabla --><\/p>\n<table style=\"font-weight: 400; border: 1px solid #000; border-collapse: collapse;\" width=\"680\">\n<tbody>\n<tr>\n<td style=\"border: 1px solid #000;\" width=\"113\"><strong>Purpose of Processing<\/strong><\/td>\n<td style=\"border: 1px solid #000;\" width=\"123\"><strong>Legal Basis (Article 6 GDPR)<\/strong><\/td>\n<td style=\"border: 1px solid #000;\" width=\"151\"><strong>Processed Personal Data<\/strong><\/td>\n<td style=\"border: 1px solid #000;\" width=\"131\"><strong>Data Recipients<\/strong><\/td>\n<td style=\"border: 1px solid #000;\" width=\"161\"><strong>Retention Period<\/strong><\/td>\n<\/tr>\n<tr>\n<td style=\"border: 1px solid #000;\" width=\"113\"><strong>\u00a0<\/strong><\/td>\n<td style=\"border: 1px solid #000;\" width=\"123\"><strong>\u00a0<\/strong><\/td>\n<td style=\"border: 1px solid #000;\" width=\"151\"><strong>\u00a0<\/strong><\/td>\n<td style=\"border: 1px solid #000;\" width=\"131\"><strong>\u00a0<\/strong><\/td>\n<td style=\"border: 1px solid #000;\" width=\"161\"><strong>\u00a0<\/strong><\/td>\n<\/tr>\n<tr>\n<td style=\"border: 1px solid #000;\" width=\"113\">Sending commercial communications or newsletters.<\/td>\n<td style=\"border: 1px solid #000;\" width=\"123\">Consent (Art. 6.1.a GDPR).<\/td>\n<td style=\"border: 1px solid #000;\" width=\"151\">Email, contact preferences.<\/td>\n<td style=\"border: 1px solid #000;\" width=\"131\">Messaging services or delivery platforms.<\/td>\n<td style=\"border: 1px solid #000;\" width=\"161\">Until consent is withdrawn or unsubscribed.<\/td>\n<\/tr>\n<tr>\n<td style=\"border: 1px solid #000;\" width=\"113\">Management of assistance requests.<\/td>\n<td style=\"border: 1px solid #000;\" width=\"123\">Consent (Art. 6.1.a GDPR).<\/td>\n<td style=\"border: 1px solid #000;\" width=\"151\">Name, surname, ID document, date of birth, address, email, phone number, membership number, professional, family, banking, and financial data, and data justifying the request.<\/td>\n<td style=\"border: 1px solid #000;\" width=\"131\">Not shared with third parties unless legally required.<\/td>\n<td style=\"border: 1px solid #000;\" width=\"161\">For the duration of the contractual relationship and subsequently for the necessary period to comply with legal obligations.<\/td>\n<\/tr>\n<tr>\n<td style=\"border: 1px solid #000;\" width=\"113\"><\/td>\n<td style=\"border: 1px solid #000;\" width=\"123\"><\/td>\n<td style=\"border: 1px solid #000;\" width=\"151\"><\/td>\n<td style=\"border: 1px solid #000;\" width=\"131\"><\/td>\n<td style=\"border: 1px solid #000;\" width=\"161\"><\/td>\n<\/tr>\n<tr>\n<td style=\"border: 1px solid #000;\" colspan=\"5\" width=\"680\">Personal data fields marked with an asterisk (*) on the Website\u2019s forms are mandatory. If the User does not provide the required information, AIE may deny the corresponding service.<\/td>\n<\/tr>\n<\/tbody>\n<\/table>\n<p><!-- Segunda tabla --><\/p>\n<table style=\"font-weight: 400; border: 1px solid #000; border-collapse: collapse;\" width=\"680\">\n<tbody>\n<tr>\n<td style=\"border: 1px solid #000;\" width=\"113\"><strong>Purpose of Processing<\/strong><\/td>\n<td style=\"border: 1px solid #000;\" width=\"123\"><strong>Legal Basis (Article 6 GDPR)<\/strong><\/td>\n<td style=\"border: 1px solid #000;\" width=\"151\"><strong>Processed Personal Data<\/strong><\/td>\n<td style=\"border: 1px solid #000;\" width=\"131\"><strong>Data Recipients<\/strong><\/td>\n<td style=\"border: 1px solid #000;\" width=\"161\"><strong>Retention Period<\/strong><\/td>\n<\/tr>\n<tr>\n<td style=\"border: 1px solid #000;\" width=\"113\">Course registration through online or physical support.<\/td>\n<td style=\"border: 1px solid #000;\" width=\"123\">Performance of a contract (Art. 6.1.b GDPR).<\/td>\n<td style=\"border: 1px solid #000;\" width=\"151\">Name, surname, email, ID number (if applicable), membership number, and contact phone number.<\/td>\n<td style=\"border: 1px solid #000;\" width=\"131\">Not shared with third parties unless legally required.<\/td>\n<td style=\"border: 1px solid #000;\" width=\"161\">For the necessary time to address the request.<\/td>\n<\/tr>\n<tr>\n<td style=\"border: 1px solid #000;\" width=\"113\">Processing requests related to intellectual property rights.<\/td>\n<td style=\"border: 1px solid #000;\" width=\"123\">Performance of a contract (Art. 6.1.b GDPR).<\/td>\n<td style=\"border: 1px solid #000;\" width=\"151\">Name, surname, professional data.<\/td>\n<td style=\"border: 1px solid #000;\" width=\"131\">Tax administration.<\/td>\n<td style=\"border: 1px solid #000;\" width=\"161\">For the duration of the contractual relationship and subsequently for the necessary period to comply with legal obligations.<\/td>\n<\/tr>\n<tr>\n<td style=\"border: 1px solid #000;\" width=\"113\">Estate management in case of decease.<\/td>\n<td style=\"border: 1px solid #000;\" width=\"123\">Performance of a contract (Art. 6.1.b GDPR).<\/td>\n<td style=\"border: 1px solid #000;\" width=\"151\">Name, surname, address, succession documentation (will, death certificate), tax data.<\/td>\n<td style=\"border: 1px solid #000;\" width=\"131\">Not shared with third parties unless legally required.<\/td>\n<td style=\"border: 1px solid #000;\" width=\"161\">For the duration of the contractual relationship and subsequently for the necessary period to comply with legal obligations.<\/td>\n<\/tr>\n<tr>\n<td style=\"border: 1px solid #000;\" width=\"113\">Legal management and services related to AIE.<\/td>\n<td style=\"border: 1px solid #000;\" width=\"123\">Performance of a contract (Art. 6.1.b GDPR).<\/td>\n<td style=\"border: 1px solid #000;\" width=\"151\">Name, surname, ID document, professional data, address.<\/td>\n<td style=\"border: 1px solid #000;\" width=\"131\">Not shared with third parties unless legally required.<\/td>\n<td style=\"border: 1px solid #000;\" width=\"161\">For the duration of the contractual relationship and subsequently for the necessary period to comply with legal obligations.<\/td>\n<\/tr>\n<tr>\n<td style=\"border: 1px solid #000;\" width=\"113\">Management of rights administration and payments.<\/td>\n<td style=\"border: 1px solid #000;\" width=\"123\">Performance of a contract (Art. 6.1.b GDPR).<\/td>\n<td style=\"border: 1px solid #000;\" width=\"151\">Name, surname, ID document, date of birth, address, email, phone number, professional data, banking data.<\/td>\n<td style=\"border: 1px solid #000;\" width=\"131\">Not shared with third parties unless legally required.<\/td>\n<td style=\"border: 1px solid #000;\" width=\"161\">For the duration of the contractual relationship and subsequently for the necessary period to comply with legal obligations.<\/td>\n<\/tr>\n<tr>\n<td style=\"border: 1px solid #000;\" width=\"113\">Registration and access to the AIE Virtual Office.<\/td>\n<td style=\"border: 1px solid #000;\" width=\"123\">Performance of a contract (Art. 6.1.b GDPR).<\/td>\n<td style=\"border: 1px solid #000;\" width=\"151\">Name, surname, email, access credentials.<\/td>\n<td style=\"border: 1px solid #000;\" width=\"131\">Not shared with third parties unless legally required.<\/td>\n<td style=\"border: 1px solid #000;\" width=\"161\">While the user remains registered or until they request deregistration.<\/td>\n<\/tr>\n<\/tbody>\n<\/table>\n<p><!-- Tercera tabla --><\/p>\n<table style=\"font-weight: 400; border: 1px solid #000; border-collapse: collapse;\" width=\"680\">\n<tbody>\n<tr>\n<td style=\"border: 1px solid #000;\" width=\"113\"><strong>Purpose of Processing<\/strong><\/td>\n<td style=\"border: 1px solid #000;\" width=\"123\"><strong>Legal Basis (Article 6 GDPR)<\/strong><\/td>\n<td style=\"border: 1px solid #000;\" width=\"151\"><strong>Processed Personal Data<\/strong><\/td>\n<td style=\"border: 1px solid #000;\" width=\"132\"><strong>Data Recipients<\/strong><\/td>\n<td style=\"border: 1px solid #000;\" width=\"161\"><strong>Retention Period<\/strong><\/td>\n<\/tr>\n<tr>\n<td style=\"border: 1px solid #000;\" width=\"113\">Compliance with tax obligations related to rights settlement.<\/td>\n<td style=\"border: 1px solid #000;\" width=\"123\">Compliance with a legal obligation (Art. 6.1.c GDPR).<\/td>\n<td style=\"border: 1px solid #000;\" width=\"151\">Name, surname, address, tax residence, economic data.<\/td>\n<td style=\"border: 1px solid #000;\" width=\"132\">Tax administration.<\/td>\n<td style=\"border: 1px solid #000;\" width=\"161\">For the time established by tax regulations.<\/td>\n<\/tr>\n<tr>\n<td style=\"border: 1px solid #000;\" width=\"113\">Administration of intellectual property rights.<\/td>\n<td style=\"border: 1px solid #000;\" width=\"123\">Compliance with a legal obligation (Art. 6.1.c GDPR).<\/td>\n<td style=\"border: 1px solid #000;\" width=\"151\">Name, surname, address, tax residence, ID document, contact phone number, banking data.<\/td>\n<td style=\"border: 1px solid #000;\" width=\"132\">Tax administration.<\/td>\n<td style=\"border: 1px solid #000;\" width=\"161\">During the contractual relationship<\/td>\n<\/tr>\n<\/tbody>\n<\/table>\n<ol start=\"3\">\n<li style=\"font-weight: 400;\"><strong>Categories of Processed Data<\/strong><\/li>\n<\/ol>\n<p style=\"font-weight: 400;\">AIE processes the following categories of personal data:<\/p>\n<ul>\n<li><strong>Identification data<\/strong>: Name, surname, ID\/NIF, postal address, email, phone number.<\/li>\n<li><strong>Professional data<\/strong>: Affiliation, type of managed rights, repertoire data, and financial data related to rights distribution.<\/li>\n<li><strong>Contact data<\/strong>: Email, address, and phone number.<\/li>\n<li><strong>Tax data<\/strong>: Fiscal residence and other necessary data to comply with tax obligations.<\/li>\n<li><strong>Other<\/strong>: Other data that justifies the request made.<\/li>\n<\/ul>\n<p style=\"font-weight: 400;\"><strong>\u00a0<\/strong><\/p>\n<ol start=\"4\">\n<li style=\"font-weight: 400;\"><strong> Data Retention Period<\/strong><\/li>\n<\/ol>\n<p style=\"font-weight: 400;\">Personal data will be retained:<\/p>\n<ul>\n<li>For the time necessary to fulfil the indicated purposes. If compliance with a legal obligation applies, data may be retained for the period established by the applicable regulations.<\/li>\n<li>Once the relationship with the data subject ends, data will be blocked for a period of five years exclusively to address potential legal liabilities.<\/li>\n<li>Data will be deleted at the end of the blocking period unless there are ongoing administrative or judicial proceedings.<\/li>\n<\/ul>\n<ol start=\"5\">\n<li style=\"font-weight: 400;\"><strong> Security Measures<\/strong><\/li>\n<\/ol>\n<p style=\"font-weight: 400;\">AIE guarantees the confidentiality, integrity, and availability of personal data by implementing appropriate technical and organisational measures:<\/p>\n<ul>\n<li>Risk assessments associated with data processing.<\/li>\n<li>Encryption measures, access control, and periodic audits.<\/li>\n<li>A protocol to manage potential security breaches.<\/li>\n<\/ul>\n<ol start=\"6\">\n<li style=\"font-weight: 400;\"><strong> Third-Party Access to Data<\/strong><\/li>\n<\/ol>\n<p style=\"font-weight: 400;\">AIE may allow access to personal data to subcontracted entities for the following purposes:<\/p>\n<ul>\n<li>Website development and maintenance and management tools.<\/li>\n<li>Provision of web hosting services and technical support.<\/li>\n<li>Resolution of technical incidents related to the Website.<\/li>\n<li>Messaging services or delivery platforms.<\/li>\n<\/ul>\n<p style=\"font-weight: 400;\">Additionally, in compliance with legal obligations, AIE may transfer data to competent authorities and legitimate third parties, in accordance with applicable regulations.<\/p>\n<p style=\"font-weight: 400;\">AIE ensures that these entities comply with applicable data protection regulations.<\/p>\n<ol start=\"7\">\n<li style=\"font-weight: 400;\"><strong> Rights of Data Subjects<\/strong><\/li>\n<\/ol>\n<p style=\"font-weight: 400;\">The User may exercise the following data protection rights:<\/p>\n<p><!-- Tabla de Derechos de los Interesados --><\/p>\n<table style=\"font-weight: 400; border: 1px solid #000; border-collapse: collapse;\">\n<tbody>\n<tr>\n<td style=\"border: 1px solid #000;\" width=\"226\"><strong>Right<\/strong><\/td>\n<td style=\"border: 1px solid #000;\" width=\"375\"><strong>Description<\/strong><\/td>\n<\/tr>\n<tr>\n<td style=\"border: 1px solid #000;\" width=\"226\"><strong>Access<\/strong><\/td>\n<td style=\"border: 1px solid #000;\" width=\"375\">Request information about the personal data processed by AIE.<\/td>\n<\/tr>\n<tr>\n<td style=\"border: 1px solid #000;\" width=\"226\"><strong>Rectification<\/strong><\/td>\n<td style=\"border: 1px solid #000;\" width=\"375\">Request the correction of inaccurate or incomplete data.<\/td>\n<\/tr>\n<tr>\n<td style=\"border: 1px solid #000;\" width=\"226\"><strong>Erasure<\/strong><\/td>\n<td style=\"border: 1px solid #000;\" width=\"375\">Request the deletion of processed personal data.<\/td>\n<\/tr>\n<tr>\n<td style=\"border: 1px solid #000;\" width=\"226\"><strong>Restriction of Processing<\/strong><\/td>\n<td style=\"border: 1px solid #000;\" width=\"375\">Request the restriction of data usage in certain circumstances.<\/td>\n<\/tr>\n<tr>\n<td style=\"border: 1px solid #000;\" width=\"226\"><strong>Data Portability<\/strong><\/td>\n<td style=\"border: 1px solid #000;\" width=\"375\">Request the transfer of personal data to another controller.<\/td>\n<\/tr>\n<tr>\n<td style=\"border: 1px solid #000;\" width=\"226\"><strong>Objection<\/strong><\/td>\n<td style=\"border: 1px solid #000;\" width=\"375\">Object to the processing of personal data for specific purposes.<\/td>\n<\/tr>\n<\/tbody>\n<\/table>\n<p>&nbsp;<\/p>\n<p style=\"font-weight: 400;\">To exercise these rights, please send a request to <a href=\"mailto:dpo@aie.es\">dpo@aie.es<\/a>. If you consider that AIE has infringed the regulations, you have the right to file a complaint with the Spanish Data Protection Agency (<a href=\"http:\/\/www.aepd.es\/\">www.aepd.es<\/a>).<\/p>\n<p style=\"font-weight: 400;\">This Privacy Policy will be updated periodically to reflect regulatory or processing changes. Please consult the latest version at <a href=\"http:\/\/www.aie.es\/privacy\">www.aie.es\/privacy<\/a>.<\/p>\n<p>[\/vc_column_text][\/vc_column][vc_column width=&#8221;1\/6&#8243;][\/vc_column][\/vc_row]<\/p>\n<\/div>","protected":false},"excerpt":{"rendered":"<p>[vc_row css_animation=&#8221;&#8221; row_type=&#8221;row&#8221; use_row_as_full_screen_section=&#8221;no&#8221; type=&#8221;full_width&#8221; angled_section=&#8221;no&#8221; text_align=&#8221;left&#8221; background_image_as_pattern=&#8221;without_pattern&#8221;][vc_column width=&#8221;1\/6&#8243;][\/vc_column][vc_column width=&#8221;2\/3&#8243;][vc_empty_space][vc_column_text css=&#8221;&#8221;] Website Privacy Policy of Artistas Int\u00e9rpretes o Ejecutantes, EGDPI, AIE This Privacy Policy regulates the processing of Personal Data carried out by Artistas Int\u00e9rpretes o Ejecutantes, EGDPI, AIE, with registered office at Calle Torrelara,&#8230;<\/p>\n","protected":false},"author":3,"featured_media":0,"parent":0,"menu_order":0,"comment_status":"closed","ping_status":"closed","template":"","meta":{"_acf_changed":false,"_relevanssi_hide_post":"","_relevanssi_hide_content":"","_relevanssi_pin_for_all":"","_relevanssi_pin_keywords":"","_relevanssi_unpin_keywords":"","_relevanssi_related_keywords":"","_relevanssi_related_include_ids":"","_relevanssi_related_exclude_ids":"","_relevanssi_related_no_append":"","_relevanssi_related_not_related":"","_relevanssi_related_posts":"","_relevanssi_noindex_reason":"","footnotes":""},"acf":[],"yoast_head":"<!-- This site is optimized with the Yoast SEO Premium plugin v21.5 (Yoast SEO v21.9.1) - https:\/\/yoast.com\/wordpress\/plugins\/seo\/ -->\n<title>Privacy Policy - AIE Sociedad de Artistas Int\u00e9rpretes o Ejecutantes de Espa\u00f1a<\/title>\n<meta name=\"robots\" content=\"index, follow, max-snippet:-1, max-image-preview:large, max-video-preview:-1\" \/>\n<link rel=\"canonical\" href=\"https:\/\/www.aie.es\/en\/privacy-policy\/\" \/>\n<meta property=\"og:locale\" content=\"en_US\" \/>\n<meta property=\"og:type\" content=\"article\" \/>\n<meta property=\"og:title\" content=\"Privacy Policy\" \/>\n<meta property=\"og:description\" content=\"[vc_row css_animation=&#8221;&#8221; row_type=&#8221;row&#8221; use_row_as_full_screen_section=&#8221;no&#8221; type=&#8221;full_width&#8221; angled_section=&#8221;no&#8221; text_align=&#8221;left&#8221; background_image_as_pattern=&#8221;without_pattern&#8221;][vc_column width=&#8221;1\/6&#8243;][\/vc_column][vc_column width=&#8221;2\/3&#8243;][vc_empty_space][vc_column_text css=&#8221;&#8221;] Website Privacy Policy of Artistas Int\u00e9rpretes o Ejecutantes, EGDPI, AIE This Privacy Policy regulates the processing of Personal Data carried out by Artistas Int\u00e9rpretes o Ejecutantes, EGDPI, AIE, with registered office at Calle Torrelara,...\" \/>\n<meta property=\"og:url\" content=\"https:\/\/www.aie.es\/en\/privacy-policy\/\" \/>\n<meta property=\"og:site_name\" content=\"AIE Sociedad de Artistas Int\u00e9rpretes o Ejecutantes de Espa\u00f1a\" \/>\n<meta property=\"article:modified_time\" content=\"2025-02-14T09:51:13+00:00\" \/>\n<meta name=\"twitter:card\" content=\"summary_large_image\" \/>\n<meta name=\"twitter:label1\" content=\"Est. reading time\" \/>\n\t<meta name=\"twitter:data1\" content=\"5 minutes\" \/>\n<script type=\"application\/ld+json\" class=\"yoast-schema-graph\">{\"@context\":\"https:\/\/schema.org\",\"@graph\":[{\"@type\":\"WebPage\",\"@id\":\"https:\/\/www.aie.es\/en\/privacy-policy\/\",\"url\":\"https:\/\/www.aie.es\/en\/privacy-policy\/\",\"name\":\"Privacy Policy - AIE Sociedad de Artistas Int\u00e9rpretes o Ejecutantes de Espa\u00f1a\",\"isPartOf\":{\"@id\":\"https:\/\/www.aie.es\/#website\"},\"datePublished\":\"2016-08-08T12:19:11+00:00\",\"dateModified\":\"2025-02-14T09:51:13+00:00\",\"breadcrumb\":{\"@id\":\"https:\/\/www.aie.es\/en\/privacy-policy\/#breadcrumb\"},\"inLanguage\":\"en-US\",\"potentialAction\":[{\"@type\":\"ReadAction\",\"target\":[\"https:\/\/www.aie.es\/en\/privacy-policy\/\"]}]},{\"@type\":\"BreadcrumbList\",\"@id\":\"https:\/\/www.aie.es\/en\/privacy-policy\/#breadcrumb\",\"itemListElement\":[{\"@type\":\"ListItem\",\"position\":1,\"name\":\"Portada\",\"item\":\"https:\/\/www.aie.es\/en\/\"},{\"@type\":\"ListItem\",\"position\":2,\"name\":\"Privacy Policy\"}]},{\"@type\":\"WebSite\",\"@id\":\"https:\/\/www.aie.es\/#website\",\"url\":\"https:\/\/www.aie.es\/\",\"name\":\"AIE Sociedad de Artistas Int\u00e9rpretes o Ejecutantes de Espa\u00f1a\",\"description\":\"Entidad de gesti\u00f3n de derechos de propiedad intelectual\",\"potentialAction\":[{\"@type\":\"SearchAction\",\"target\":{\"@type\":\"EntryPoint\",\"urlTemplate\":\"https:\/\/www.aie.es\/?s={search_term_string}\"},\"query-input\":\"required name=search_term_string\"}],\"inLanguage\":\"en-US\"}]}<\/script>\n<!-- \/ Yoast SEO Premium plugin. -->","yoast_head_json":{"title":"Privacy Policy - AIE Sociedad de Artistas Int\u00e9rpretes o Ejecutantes de Espa\u00f1a","robots":{"index":"index","follow":"follow","max-snippet":"max-snippet:-1","max-image-preview":"max-image-preview:large","max-video-preview":"max-video-preview:-1"},"canonical":"https:\/\/www.aie.es\/en\/privacy-policy\/","og_locale":"en_US","og_type":"article","og_title":"Privacy Policy","og_description":"[vc_row css_animation=&#8221;&#8221; row_type=&#8221;row&#8221; use_row_as_full_screen_section=&#8221;no&#8221; type=&#8221;full_width&#8221; angled_section=&#8221;no&#8221; text_align=&#8221;left&#8221; background_image_as_pattern=&#8221;without_pattern&#8221;][vc_column width=&#8221;1\/6&#8243;][\/vc_column][vc_column width=&#8221;2\/3&#8243;][vc_empty_space][vc_column_text css=&#8221;&#8221;] Website Privacy Policy of Artistas Int\u00e9rpretes o Ejecutantes, EGDPI, AIE This Privacy Policy regulates the processing of Personal Data carried out by Artistas Int\u00e9rpretes o Ejecutantes, EGDPI, AIE, with registered office at Calle Torrelara,...","og_url":"https:\/\/www.aie.es\/en\/privacy-policy\/","og_site_name":"AIE Sociedad de Artistas Int\u00e9rpretes o Ejecutantes de Espa\u00f1a","article_modified_time":"2025-02-14T09:51:13+00:00","twitter_card":"summary_large_image","twitter_misc":{"Est. reading time":"5 minutes"},"schema":{"@context":"https:\/\/schema.org","@graph":[{"@type":"WebPage","@id":"https:\/\/www.aie.es\/en\/privacy-policy\/","url":"https:\/\/www.aie.es\/en\/privacy-policy\/","name":"Privacy Policy - AIE Sociedad de Artistas Int\u00e9rpretes o Ejecutantes de Espa\u00f1a","isPartOf":{"@id":"https:\/\/www.aie.es\/#website"},"datePublished":"2016-08-08T12:19:11+00:00","dateModified":"2025-02-14T09:51:13+00:00","breadcrumb":{"@id":"https:\/\/www.aie.es\/en\/privacy-policy\/#breadcrumb"},"inLanguage":"en-US","potentialAction":[{"@type":"ReadAction","target":["https:\/\/www.aie.es\/en\/privacy-policy\/"]}]},{"@type":"BreadcrumbList","@id":"https:\/\/www.aie.es\/en\/privacy-policy\/#breadcrumb","itemListElement":[{"@type":"ListItem","position":1,"name":"Portada","item":"https:\/\/www.aie.es\/en\/"},{"@type":"ListItem","position":2,"name":"Privacy Policy"}]},{"@type":"WebSite","@id":"https:\/\/www.aie.es\/#website","url":"https:\/\/www.aie.es\/","name":"AIE Sociedad de Artistas Int\u00e9rpretes o Ejecutantes de Espa\u00f1a","description":"Entidad de gesti\u00f3n de derechos de propiedad intelectual","potentialAction":[{"@type":"SearchAction","target":{"@type":"EntryPoint","urlTemplate":"https:\/\/www.aie.es\/?s={search_term_string}"},"query-input":"required name=search_term_string"}],"inLanguage":"en-US"}]}},"_links":{"self":[{"href":"https:\/\/www.aie.es\/en\/wp-json\/wp\/v2\/pages\/24770"}],"collection":[{"href":"https:\/\/www.aie.es\/en\/wp-json\/wp\/v2\/pages"}],"about":[{"href":"https:\/\/www.aie.es\/en\/wp-json\/wp\/v2\/types\/page"}],"author":[{"embeddable":true,"href":"https:\/\/www.aie.es\/en\/wp-json\/wp\/v2\/users\/3"}],"replies":[{"embeddable":true,"href":"https:\/\/www.aie.es\/en\/wp-json\/wp\/v2\/comments?post=24770"}],"version-history":[{"count":38,"href":"https:\/\/www.aie.es\/en\/wp-json\/wp\/v2\/pages\/24770\/revisions"}],"predecessor-version":[{"id":52992,"href":"https:\/\/www.aie.es\/en\/wp-json\/wp\/v2\/pages\/24770\/revisions\/52992"}],"wp:attachment":[{"href":"https:\/\/www.aie.es\/en\/wp-json\/wp\/v2\/media?parent=24770"}],"curies":[{"name":"wp","href":"https:\/\/api.w.org\/{rel}","templated":true}]}}