{"id":24785,"date":"2016-02-26T17:44:42","date_gmt":"2016-02-26T16:44:42","guid":{"rendered":"https:\/\/www.aie.es\/legalice-su-musica\/"},"modified":"2019-05-20T13:48:35","modified_gmt":"2019-05-20T12:48:35","slug":"license-your-music","status":"publish","type":"page","link":"https:\/\/www.aie.es\/en\/users\/license-your-music\/","title":{"rendered":"License your music"},"content":{"rendered":"<div class=\"wpb-content-wrapper\"><p>[vc_row row_type=&#8221;content_menu&#8221;][vc_column][vc_column_text][\/vc_column_text][\/vc_column][\/vc_row][vc_row css_animation=&#8221;&#8221; row_type=&#8221;row&#8221; use_row_as_full_screen_section=&#8221;no&#8221; type=&#8221;full_width&#8221; anchor=&#8221;entidad&#8221; in_content_menu=&#8221;in_content_menu&#8221; content_menu_title=&#8221;AIE authorized entity&#8221; content_menu_icon=&#8221;&#8221; angled_section=&#8221;no&#8221; text_align=&#8221;left&#8221; background_image_as_pattern=&#8221;without_pattern&#8221; el_class=&#8221;seccion&#8221;][vc_column width=&#8221;2\/3&#8243;][vc_column_text]<\/p>\n<h3>AIE is the management entity for the rights of performers<\/h3>\n<p>If you wish to legalize the public use of music in your own establishments or venues, AIE enables you to enforce the relevant contract certifying your compliance with the current legislation.<\/p>\n<p>AIE helps businesses to benefit from the value of music and the profits earned through the public use and dissemination of recorded music with full legal guarantees, and, at the same time, protects the rights of performers derived from the use of their musical works.<\/p>\n<p>AIE, periodically audited by private companies and public bodies, ensures the effective management of performers rights and provides the users of music (businesses making public use of recorded music) with the relevant contract to legalize and regulate the conditions for the public communication of recorded music as provided by law. Furthermore, AIE manages the income collected (legally recognized) and distributes it equitably among its right holders, performers and executants.<br \/>\n[\/vc_column_text][\/vc_column][vc_column width=&#8221;1\/3&#8243;][vc_single_image image=&#8221;24104&#8243; img_size=&#8221;qode-carousel_slider&#8221; qode_css_animation=&#8221;&#8221;][\/vc_column][\/vc_row][vc_row css_animation=&#8221;&#8221; row_type=&#8221;row&#8221; use_row_as_full_screen_section=&#8221;no&#8221; type=&#8221;full_width&#8221; anchor=&#8221;extrajudicial&#8221; in_content_menu=&#8221;in_content_menu&#8221; content_menu_title=&#8221;Extrajudicial conflict resolution&#8221; content_menu_icon=&#8221;&#8221; angled_section=&#8221;no&#8221; text_align=&#8221;left&#8221; background_image_as_pattern=&#8221;without_pattern&#8221; el_class=&#8221;seccion&#8221;][vc_column width=&#8221;1\/3&#8243;][vc_single_image image=&#8221;24096&#8243; img_size=&#8221;qode-carousel_slider&#8221; qode_css_animation=&#8221;&#8221;][\/vc_column][vc_column width=&#8221;2\/3&#8243;][vc_column_text]<\/p>\n<h3>Extrajudicial conflict resolution<\/h3>\n<p>With a view to implementing the quality standards present in several management areas of the entity, AIE establishes a series of collection and commercial management processes integrated at various stages of its activity for the purpose of carrying out the management conferred by AIE members and upon the Law on Intellectual Property with transparency and efficiency.<\/p>\n<p>These stages of the collection and users management processes are based on solid economic studies and legal foundations whose ultimate object is to reach a consensus with the users of intellectual property rights managed by AIE.<\/p>\n<ol>\n<li>i) <strong>Regulation of rights<\/strong>.<\/li>\n<\/ol>\n<p>After identifying those users that carry out any act of exploitation of any of the rights managed by AIE, the Users Management Department will contact them by any means available (phone, email, post&#8230;) to clarify which rights are managed by AIE and which procedures are necessary to regulate their use.<br \/>\nAll necessary documents and relevant information will be available to all users with the aim to negotiate the amount corresponding to the rights derived from the services provided by the user and which include any musical interpretation or performance fixed in a phonogram or audio visual recording.<\/p>\n<ol>\n<li>ii) <strong>Extrajudicial conflict resolution<\/strong>.<\/li>\n<\/ol>\n<p>Moreover, AIE is always committed to searching alternatives to court litigation whenever the formalization of a friendly and voluntary regulation process with the user is not possible. Therefore, the following means of extrajudicial conflict resolution are proposed:<\/p>\n<ul>\n<li>Civil settlement before the Courts of First Instance where the defendant is domiciled.<\/li>\n<li>Mediation before the Committee on Intellectual Property (or any other eligible body designated by both parties).<\/li>\n<li>Arbitration before the Committee on Intellectual Property (or any other eligible body designated by both parties).<\/li>\n<\/ul>\n<p><em>For any clarifications or additional information, you can contact our Collection Department by email at <a href=\"mailto:recaudacion@aie.es\" target=\"_blank\" rel=\"noopener noreferrer\">recaudacion@aie.es<\/a><\/em>[\/vc_column_text][\/vc_column][\/vc_row][vc_row css_animation=&#8221;&#8221; row_type=&#8221;row&#8221; use_row_as_full_screen_section=&#8221;no&#8221; type=&#8221;full_width&#8221; anchor=&#8221;regularizacion&#8221; in_content_menu=&#8221;in_content_menu&#8221; content_menu_title=&#8221;Regulation process&#8221; content_menu_icon=&#8221;&#8221; angled_section=&#8221;no&#8221; text_align=&#8221;left&#8221; background_image_as_pattern=&#8221;without_pattern&#8221; el_class=&#8221;seccion&#8221;][vc_column width=&#8221;2\/3&#8243;][vc_column_text]<\/p>\n<h3>Which steps should be followed to legalize the use of music?<\/h3>\n<p>Find below the necessary steps to legalize the use, public communication and dissemination of music in your business:<\/p>\n<ol>\n<li><strong>Select your user profile<\/strong>.<\/li>\n<\/ol>\n<p>First of all, select your business profile (bar, hotel, night club, collective transport, etc.) and the type of musical contents delivered to the public in your business. On the basis of this information, you will be able to identify whether your business activities generate any type of rights recognized by law to performers and derived from the public use of their musical works. Find here a <a href=\"https:\/\/www.aie.es\/en\/usuarios\/contratos-y-tarifas\/\" target=\"_blank\" rel=\"noopener noreferrer\">list of all types of businesses and establishments<\/a> that must legalize the use of music recordings.<\/p>\n<p>&nbsp;<\/p>\n<ol start=\"2\">\n<li><strong>Consult the tariffs and the model contract applicable to your business<\/strong>.<\/li>\n<\/ol>\n<p>Depending on your business profile you can consult here all tariffs applicable by law, as well as the different contract modalities with AIE. <a href=\"https:\/\/www.aie.es\/en\/usuarios\/contratos-y-tarifas\/\" target=\"_blank\" rel=\"noopener noreferrer\">Check here all Tariffs &amp; Contracts<\/a> applicable to your business profile.<\/p>\n<p>&nbsp;<\/p>\n<ol start=\"3\">\n<li><strong>Contact AIE and we will help you through the process<\/strong>.<\/li>\n<\/ol>\n<p>If you need any help through the regulation process or require further information on the tariffs and model contracts applicable to your business, you can contact our Collection Department <a href=\"https:\/\/www.aie.es\/en\/aie\/contacto\/\" target=\"_blank\" rel=\"noopener noreferrer\">here<\/a> and we will be happy to help you.<\/p>\n<p>&nbsp;<\/p>\n<ol start=\"4\">\n<li><strong>Send all additional documents required<\/strong>.<\/li>\n<\/ol>\n<p>To establish a contractual relationship with AIE, depending on the model contract applicable to your business, AIE may request you to provide the relevant additional documents required for the formalization of the contract (monthly statements, use reports, etc.) in accordance with AIE regulations.[\/vc_column_text][\/vc_column][vc_column width=&#8221;1\/3&#8243;][vc_single_image image=&#8221;24103&#8243; img_size=&#8221;400&#215;400&#8243; qode_css_animation=&#8221;&#8221;][\/vc_column][\/vc_row]<\/p>\n<\/div>","protected":false},"excerpt":{"rendered":"<p>[vc_row row_type=&#8221;content_menu&#8221;][vc_column][vc_column_text][\/vc_column_text][\/vc_column][\/vc_row][vc_row css_animation=&#8221;&#8221; row_type=&#8221;row&#8221; use_row_as_full_screen_section=&#8221;no&#8221; type=&#8221;full_width&#8221; anchor=&#8221;entidad&#8221; in_content_menu=&#8221;in_content_menu&#8221; content_menu_title=&#8221;AIE authorized entity&#8221; content_menu_icon=&#8221;&#8221; angled_section=&#8221;no&#8221; text_align=&#8221;left&#8221; background_image_as_pattern=&#8221;without_pattern&#8221; el_class=&#8221;seccion&#8221;][vc_column width=&#8221;2\/3&#8243;][vc_column_text] AIE is the management entity for the rights of performers If you wish to legalize the public use of music in your own establishments or venues, AIE enables&#8230;<\/p>\n","protected":false},"author":3,"featured_media":0,"parent":24809,"menu_order":2,"comment_status":"closed","ping_status":"closed","template":"","meta":{"_acf_changed":false,"_relevanssi_hide_post":"","_relevanssi_hide_content":"","_relevanssi_pin_for_all":"","_relevanssi_pin_keywords":"","_relevanssi_unpin_keywords":"","_relevanssi_related_keywords":"","_relevanssi_related_include_ids":"","_relevanssi_related_exclude_ids":"","_relevanssi_related_no_append":"","_relevanssi_related_not_related":"","_relevanssi_related_posts":"","_relevanssi_noindex_reason":"","footnotes":""},"acf":[],"yoast_head":"<!-- This site is optimized with the Yoast SEO Premium plugin v21.5 (Yoast SEO v21.9.1) - https:\/\/yoast.com\/wordpress\/plugins\/seo\/ -->\n<title>License your music - AIE Sociedad de Artistas Int\u00e9rpretes o Ejecutantes de Espa\u00f1a<\/title>\n<meta name=\"robots\" content=\"index, follow, max-snippet:-1, max-image-preview:large, max-video-preview:-1\" \/>\n<link rel=\"canonical\" href=\"https:\/\/www.aie.es\/en\/users\/license-your-music\/\" \/>\n<meta property=\"og:locale\" content=\"en_US\" \/>\n<meta property=\"og:type\" content=\"article\" \/>\n<meta property=\"og:title\" content=\"License your music\" \/>\n<meta property=\"og:description\" content=\"[vc_row row_type=&#8221;content_menu&#8221;][vc_column][vc_column_text][\/vc_column_text][\/vc_column][\/vc_row][vc_row css_animation=&#8221;&#8221; row_type=&#8221;row&#8221; use_row_as_full_screen_section=&#8221;no&#8221; type=&#8221;full_width&#8221; anchor=&#8221;entidad&#8221; in_content_menu=&#8221;in_content_menu&#8221; content_menu_title=&#8221;AIE authorized entity&#8221; content_menu_icon=&#8221;&#8221; angled_section=&#8221;no&#8221; text_align=&#8221;left&#8221; background_image_as_pattern=&#8221;without_pattern&#8221; el_class=&#8221;seccion&#8221;][vc_column width=&#8221;2\/3&#8243;][vc_column_text] AIE is the management entity for the rights of performers If you wish to legalize the public use of music in your own establishments or venues, AIE enables...\" \/>\n<meta property=\"og:url\" content=\"https:\/\/www.aie.es\/en\/users\/license-your-music\/\" \/>\n<meta property=\"og:site_name\" content=\"AIE Sociedad de Artistas Int\u00e9rpretes o Ejecutantes de Espa\u00f1a\" \/>\n<meta property=\"article:modified_time\" content=\"2019-05-20T12:48:35+00:00\" \/>\n<meta name=\"twitter:card\" content=\"summary_large_image\" \/>\n<meta name=\"twitter:label1\" content=\"Est. reading time\" \/>\n\t<meta name=\"twitter:data1\" content=\"5 minutes\" \/>\n<script type=\"application\/ld+json\" class=\"yoast-schema-graph\">{\"@context\":\"https:\/\/schema.org\",\"@graph\":[{\"@type\":\"WebPage\",\"@id\":\"https:\/\/www.aie.es\/en\/users\/license-your-music\/\",\"url\":\"https:\/\/www.aie.es\/en\/users\/license-your-music\/\",\"name\":\"License your music - AIE Sociedad de Artistas Int\u00e9rpretes o Ejecutantes de Espa\u00f1a\",\"isPartOf\":{\"@id\":\"https:\/\/www.aie.es\/#website\"},\"datePublished\":\"2016-02-26T16:44:42+00:00\",\"dateModified\":\"2019-05-20T12:48:35+00:00\",\"breadcrumb\":{\"@id\":\"https:\/\/www.aie.es\/en\/users\/license-your-music\/#breadcrumb\"},\"inLanguage\":\"en-US\",\"potentialAction\":[{\"@type\":\"ReadAction\",\"target\":[\"https:\/\/www.aie.es\/en\/users\/license-your-music\/\"]}]},{\"@type\":\"BreadcrumbList\",\"@id\":\"https:\/\/www.aie.es\/en\/users\/license-your-music\/#breadcrumb\",\"itemListElement\":[{\"@type\":\"ListItem\",\"position\":1,\"name\":\"Portada\",\"item\":\"https:\/\/www.aie.es\/en\/\"},{\"@type\":\"ListItem\",\"position\":2,\"name\":\"Users\",\"item\":\"https:\/\/www.aie.es\/en\/users\/\"},{\"@type\":\"ListItem\",\"position\":3,\"name\":\"License your music\"}]},{\"@type\":\"WebSite\",\"@id\":\"https:\/\/www.aie.es\/#website\",\"url\":\"https:\/\/www.aie.es\/\",\"name\":\"AIE Sociedad de Artistas Int\u00e9rpretes o Ejecutantes de Espa\u00f1a\",\"description\":\"Entidad de gesti\u00f3n de derechos de propiedad intelectual\",\"potentialAction\":[{\"@type\":\"SearchAction\",\"target\":{\"@type\":\"EntryPoint\",\"urlTemplate\":\"https:\/\/www.aie.es\/?s={search_term_string}\"},\"query-input\":\"required name=search_term_string\"}],\"inLanguage\":\"en-US\"}]}<\/script>\n<!-- \/ Yoast SEO Premium plugin. -->","yoast_head_json":{"title":"License your music - AIE Sociedad de Artistas Int\u00e9rpretes o Ejecutantes de Espa\u00f1a","robots":{"index":"index","follow":"follow","max-snippet":"max-snippet:-1","max-image-preview":"max-image-preview:large","max-video-preview":"max-video-preview:-1"},"canonical":"https:\/\/www.aie.es\/en\/users\/license-your-music\/","og_locale":"en_US","og_type":"article","og_title":"License your music","og_description":"[vc_row row_type=&#8221;content_menu&#8221;][vc_column][vc_column_text][\/vc_column_text][\/vc_column][\/vc_row][vc_row css_animation=&#8221;&#8221; row_type=&#8221;row&#8221; use_row_as_full_screen_section=&#8221;no&#8221; type=&#8221;full_width&#8221; anchor=&#8221;entidad&#8221; in_content_menu=&#8221;in_content_menu&#8221; content_menu_title=&#8221;AIE authorized entity&#8221; content_menu_icon=&#8221;&#8221; angled_section=&#8221;no&#8221; text_align=&#8221;left&#8221; background_image_as_pattern=&#8221;without_pattern&#8221; el_class=&#8221;seccion&#8221;][vc_column width=&#8221;2\/3&#8243;][vc_column_text] AIE is the management entity for the rights of performers If you wish to legalize the public use of music in your own establishments or venues, AIE enables...","og_url":"https:\/\/www.aie.es\/en\/users\/license-your-music\/","og_site_name":"AIE Sociedad de Artistas Int\u00e9rpretes o Ejecutantes de Espa\u00f1a","article_modified_time":"2019-05-20T12:48:35+00:00","twitter_card":"summary_large_image","twitter_misc":{"Est. reading time":"5 minutes"},"schema":{"@context":"https:\/\/schema.org","@graph":[{"@type":"WebPage","@id":"https:\/\/www.aie.es\/en\/users\/license-your-music\/","url":"https:\/\/www.aie.es\/en\/users\/license-your-music\/","name":"License your music - AIE Sociedad de Artistas Int\u00e9rpretes o Ejecutantes de Espa\u00f1a","isPartOf":{"@id":"https:\/\/www.aie.es\/#website"},"datePublished":"2016-02-26T16:44:42+00:00","dateModified":"2019-05-20T12:48:35+00:00","breadcrumb":{"@id":"https:\/\/www.aie.es\/en\/users\/license-your-music\/#breadcrumb"},"inLanguage":"en-US","potentialAction":[{"@type":"ReadAction","target":["https:\/\/www.aie.es\/en\/users\/license-your-music\/"]}]},{"@type":"BreadcrumbList","@id":"https:\/\/www.aie.es\/en\/users\/license-your-music\/#breadcrumb","itemListElement":[{"@type":"ListItem","position":1,"name":"Portada","item":"https:\/\/www.aie.es\/en\/"},{"@type":"ListItem","position":2,"name":"Users","item":"https:\/\/www.aie.es\/en\/users\/"},{"@type":"ListItem","position":3,"name":"License your music"}]},{"@type":"WebSite","@id":"https:\/\/www.aie.es\/#website","url":"https:\/\/www.aie.es\/","name":"AIE Sociedad de Artistas Int\u00e9rpretes o Ejecutantes de Espa\u00f1a","description":"Entidad de gesti\u00f3n de derechos de propiedad intelectual","potentialAction":[{"@type":"SearchAction","target":{"@type":"EntryPoint","urlTemplate":"https:\/\/www.aie.es\/?s={search_term_string}"},"query-input":"required name=search_term_string"}],"inLanguage":"en-US"}]}},"_links":{"self":[{"href":"https:\/\/www.aie.es\/en\/wp-json\/wp\/v2\/pages\/24785"}],"collection":[{"href":"https:\/\/www.aie.es\/en\/wp-json\/wp\/v2\/pages"}],"about":[{"href":"https:\/\/www.aie.es\/en\/wp-json\/wp\/v2\/types\/page"}],"author":[{"embeddable":true,"href":"https:\/\/www.aie.es\/en\/wp-json\/wp\/v2\/users\/3"}],"replies":[{"embeddable":true,"href":"https:\/\/www.aie.es\/en\/wp-json\/wp\/v2\/comments?post=24785"}],"version-history":[{"count":8,"href":"https:\/\/www.aie.es\/en\/wp-json\/wp\/v2\/pages\/24785\/revisions"}],"predecessor-version":[{"id":29380,"href":"https:\/\/www.aie.es\/en\/wp-json\/wp\/v2\/pages\/24785\/revisions\/29380"}],"up":[{"embeddable":true,"href":"https:\/\/www.aie.es\/en\/wp-json\/wp\/v2\/pages\/24809"}],"wp:attachment":[{"href":"https:\/\/www.aie.es\/en\/wp-json\/wp\/v2\/media?parent=24785"}],"curies":[{"name":"wp","href":"https:\/\/api.w.org\/{rel}","templated":true}]}}