{"id":24788,"date":"2016-02-26T17:43:52","date_gmt":"2016-02-26T16:43:52","guid":{"rendered":"https:\/\/www.aie.es\/ayudas-a-proyectos-musicales\/"},"modified":"2024-11-26T09:38:29","modified_gmt":"2024-11-26T08:38:29","slug":"funding-for-musical-projects","status":"publish","type":"page","link":"https:\/\/www.aie.es\/en\/members\/funding-for-musical-projects\/","title":{"rendered":"Funding for Musical Projects"},"content":{"rendered":"<div class=\"wpb-content-wrapper\"><p>[vc_row css_animation=&#8221;&#8221; row_type=&#8221;row&#8221; use_row_as_full_screen_section=&#8221;no&#8221; type=&#8221;full_width&#8221; angled_section=&#8221;no&#8221; text_align=&#8221;left&#8221; background_image_as_pattern=&#8221;without_pattern&#8221; el_class=&#8221;seccion&#8221;][vc_column width=&#8221;2\/3&#8243;][vc_column_text css=&#8221;&#8221;]<strong>AIE CALL FOR FUNDING OF EXTERNAL MUSICAL PROJECTS<\/strong><\/p>\n<p><span style=\"font-weight: 400;\">AIE processes requests for collaboration on external music projects through monthly application calls, except in August. Interested entities and applicants must submit project documentation at least three months prior to the requested collaboration date to allow for adequate review.<\/span><\/p>\n<p><span style=\"font-weight: 400;\">Submitted projects should be aimed at activities that promote and disseminate music in various forms, with a primary focus on benefiting as many members as possible.<\/span><\/p>\n<p>To file an application, individual applicants or entities must send by post or submit in person the following documents:<\/p>\n<ul>\n<li><a href=\"https:\/\/www.aie.es\/wp-content\/uploads\/AyudAIE-Actv-Solicitud-24May18.pdf\" target=\"_blank\" rel=\"noopener noreferrer\"><strong>Application form<\/strong><\/a><\/li>\n<li>Detailed and comprehensive report or dossier of the project, including a detailed budget of incomes and expenses, venue and date of the project, information about the content of the activity and its participants. In addition to these documents, members who apply for the funding of promotional tours abroad will need to submit the original documents providing evidence of the confirmed venues and dates and of the financial conditions of at least three live performances, as well as the detailed information of all members participating in the project. In addition, the APPLICANT ENTITY on the form must correspond to the fiscal name that appears on the certificates of being up to date with the AEAT and the Seguridad Social in order to receive the financial aid.<\/li>\n<\/ul>\n<p><strong>The commission will meet periodically to evaluate the applications received.<\/strong><\/p>\n<p>You can submit your application to:<\/p>\n<ul>\n<li>AIE Barcelona<\/li>\n<li>AIE Madrid<\/li>\n<li>AIE Sevilla<\/li>\n<\/ul>\n<p>[\/vc_column_text][\/vc_column][vc_column width=&#8221;1\/3&#8243;][vc_single_image image=&#8221;24111&#8243; img_size=&#8221;400&#215;600&#8243; qode_css_animation=&#8221;&#8221;][\/vc_column][\/vc_row]<\/p>\n<\/div>","protected":false},"excerpt":{"rendered":"<p>[vc_row css_animation=&#8221;&#8221; row_type=&#8221;row&#8221; use_row_as_full_screen_section=&#8221;no&#8221; type=&#8221;full_width&#8221; angled_section=&#8221;no&#8221; text_align=&#8221;left&#8221; background_image_as_pattern=&#8221;without_pattern&#8221; el_class=&#8221;seccion&#8221;][vc_column width=&#8221;2\/3&#8243;][vc_column_text css=&#8221;&#8221;]AIE CALL FOR FUNDING OF EXTERNAL MUSICAL PROJECTS AIE processes requests for collaboration on external music projects through monthly application calls, except in August. Interested entities and applicants must submit project documentation at least three&#8230;<\/p>\n","protected":false},"author":3,"featured_media":0,"parent":24811,"menu_order":3,"comment_status":"closed","ping_status":"closed","template":"","meta":{"_acf_changed":false,"_relevanssi_hide_post":"","_relevanssi_hide_content":"","_relevanssi_pin_for_all":"","_relevanssi_pin_keywords":"","_relevanssi_unpin_keywords":"","_relevanssi_related_keywords":"","_relevanssi_related_include_ids":"","_relevanssi_related_exclude_ids":"","_relevanssi_related_no_append":"","_relevanssi_related_not_related":"","_relevanssi_related_posts":"","_relevanssi_noindex_reason":"","footnotes":""},"acf":[],"yoast_head":"<!-- This site is optimized with the Yoast SEO Premium plugin v21.5 (Yoast SEO v21.9.1) - https:\/\/yoast.com\/wordpress\/plugins\/seo\/ -->\n<title>Funding for Musical Projects - AIE Sociedad de Artistas Int\u00e9rpretes o Ejecutantes de Espa\u00f1a<\/title>\n<meta name=\"robots\" content=\"index, follow, max-snippet:-1, max-image-preview:large, max-video-preview:-1\" \/>\n<link rel=\"canonical\" href=\"https:\/\/www.aie.es\/en\/members\/funding-for-musical-projects\/\" \/>\n<meta property=\"og:locale\" content=\"en_US\" \/>\n<meta property=\"og:type\" content=\"article\" \/>\n<meta property=\"og:title\" content=\"Funding for Musical Projects\" \/>\n<meta property=\"og:description\" content=\"[vc_row css_animation=&#8221;&#8221; row_type=&#8221;row&#8221; use_row_as_full_screen_section=&#8221;no&#8221; type=&#8221;full_width&#8221; angled_section=&#8221;no&#8221; text_align=&#8221;left&#8221; background_image_as_pattern=&#8221;without_pattern&#8221; el_class=&#8221;seccion&#8221;][vc_column width=&#8221;2\/3&#8243;][vc_column_text css=&#8221;&#8221;]AIE CALL FOR FUNDING OF EXTERNAL MUSICAL PROJECTS AIE processes requests for collaboration on external music projects through monthly application calls, except in August. Interested entities and applicants must submit project documentation at least three...\" \/>\n<meta property=\"og:url\" content=\"https:\/\/www.aie.es\/en\/members\/funding-for-musical-projects\/\" \/>\n<meta property=\"og:site_name\" content=\"AIE Sociedad de Artistas Int\u00e9rpretes o Ejecutantes de Espa\u00f1a\" \/>\n<meta property=\"article:modified_time\" content=\"2024-11-26T08:38:29+00:00\" \/>\n<meta name=\"twitter:card\" content=\"summary_large_image\" \/>\n<meta name=\"twitter:label1\" content=\"Est. reading time\" \/>\n\t<meta name=\"twitter:data1\" content=\"2 minutes\" \/>\n<script type=\"application\/ld+json\" class=\"yoast-schema-graph\">{\"@context\":\"https:\/\/schema.org\",\"@graph\":[{\"@type\":\"WebPage\",\"@id\":\"https:\/\/www.aie.es\/en\/members\/funding-for-musical-projects\/\",\"url\":\"https:\/\/www.aie.es\/en\/members\/funding-for-musical-projects\/\",\"name\":\"Funding for Musical Projects - AIE Sociedad de Artistas Int\u00e9rpretes o Ejecutantes de Espa\u00f1a\",\"isPartOf\":{\"@id\":\"https:\/\/www.aie.es\/#website\"},\"datePublished\":\"2016-02-26T16:43:52+00:00\",\"dateModified\":\"2024-11-26T08:38:29+00:00\",\"breadcrumb\":{\"@id\":\"https:\/\/www.aie.es\/en\/members\/funding-for-musical-projects\/#breadcrumb\"},\"inLanguage\":\"en-US\",\"potentialAction\":[{\"@type\":\"ReadAction\",\"target\":[\"https:\/\/www.aie.es\/en\/members\/funding-for-musical-projects\/\"]}]},{\"@type\":\"BreadcrumbList\",\"@id\":\"https:\/\/www.aie.es\/en\/members\/funding-for-musical-projects\/#breadcrumb\",\"itemListElement\":[{\"@type\":\"ListItem\",\"position\":1,\"name\":\"Portada\",\"item\":\"https:\/\/www.aie.es\/en\/\"},{\"@type\":\"ListItem\",\"position\":2,\"name\":\"Members\",\"item\":\"https:\/\/www.aie.es\/en\/members\/\"},{\"@type\":\"ListItem\",\"position\":3,\"name\":\"Funding for Musical Projects\"}]},{\"@type\":\"WebSite\",\"@id\":\"https:\/\/www.aie.es\/#website\",\"url\":\"https:\/\/www.aie.es\/\",\"name\":\"AIE Sociedad de Artistas Int\u00e9rpretes o Ejecutantes de Espa\u00f1a\",\"description\":\"Entidad de gesti\u00f3n de derechos de propiedad intelectual\",\"potentialAction\":[{\"@type\":\"SearchAction\",\"target\":{\"@type\":\"EntryPoint\",\"urlTemplate\":\"https:\/\/www.aie.es\/?s={search_term_string}\"},\"query-input\":\"required name=search_term_string\"}],\"inLanguage\":\"en-US\"}]}<\/script>\n<!-- \/ Yoast SEO Premium plugin. -->","yoast_head_json":{"title":"Funding for Musical Projects - AIE Sociedad de Artistas Int\u00e9rpretes o Ejecutantes de Espa\u00f1a","robots":{"index":"index","follow":"follow","max-snippet":"max-snippet:-1","max-image-preview":"max-image-preview:large","max-video-preview":"max-video-preview:-1"},"canonical":"https:\/\/www.aie.es\/en\/members\/funding-for-musical-projects\/","og_locale":"en_US","og_type":"article","og_title":"Funding for Musical Projects","og_description":"[vc_row css_animation=&#8221;&#8221; row_type=&#8221;row&#8221; use_row_as_full_screen_section=&#8221;no&#8221; type=&#8221;full_width&#8221; angled_section=&#8221;no&#8221; text_align=&#8221;left&#8221; background_image_as_pattern=&#8221;without_pattern&#8221; el_class=&#8221;seccion&#8221;][vc_column width=&#8221;2\/3&#8243;][vc_column_text css=&#8221;&#8221;]AIE CALL FOR FUNDING OF EXTERNAL MUSICAL PROJECTS AIE processes requests for collaboration on external music projects through monthly application calls, except in August. Interested entities and applicants must submit project documentation at least three...","og_url":"https:\/\/www.aie.es\/en\/members\/funding-for-musical-projects\/","og_site_name":"AIE Sociedad de Artistas Int\u00e9rpretes o Ejecutantes de Espa\u00f1a","article_modified_time":"2024-11-26T08:38:29+00:00","twitter_card":"summary_large_image","twitter_misc":{"Est. reading time":"2 minutes"},"schema":{"@context":"https:\/\/schema.org","@graph":[{"@type":"WebPage","@id":"https:\/\/www.aie.es\/en\/members\/funding-for-musical-projects\/","url":"https:\/\/www.aie.es\/en\/members\/funding-for-musical-projects\/","name":"Funding for Musical Projects - AIE Sociedad de Artistas Int\u00e9rpretes o Ejecutantes de Espa\u00f1a","isPartOf":{"@id":"https:\/\/www.aie.es\/#website"},"datePublished":"2016-02-26T16:43:52+00:00","dateModified":"2024-11-26T08:38:29+00:00","breadcrumb":{"@id":"https:\/\/www.aie.es\/en\/members\/funding-for-musical-projects\/#breadcrumb"},"inLanguage":"en-US","potentialAction":[{"@type":"ReadAction","target":["https:\/\/www.aie.es\/en\/members\/funding-for-musical-projects\/"]}]},{"@type":"BreadcrumbList","@id":"https:\/\/www.aie.es\/en\/members\/funding-for-musical-projects\/#breadcrumb","itemListElement":[{"@type":"ListItem","position":1,"name":"Portada","item":"https:\/\/www.aie.es\/en\/"},{"@type":"ListItem","position":2,"name":"Members","item":"https:\/\/www.aie.es\/en\/members\/"},{"@type":"ListItem","position":3,"name":"Funding for Musical Projects"}]},{"@type":"WebSite","@id":"https:\/\/www.aie.es\/#website","url":"https:\/\/www.aie.es\/","name":"AIE Sociedad de Artistas Int\u00e9rpretes o Ejecutantes de Espa\u00f1a","description":"Entidad de gesti\u00f3n de derechos de propiedad intelectual","potentialAction":[{"@type":"SearchAction","target":{"@type":"EntryPoint","urlTemplate":"https:\/\/www.aie.es\/?s={search_term_string}"},"query-input":"required name=search_term_string"}],"inLanguage":"en-US"}]}},"_links":{"self":[{"href":"https:\/\/www.aie.es\/en\/wp-json\/wp\/v2\/pages\/24788"}],"collection":[{"href":"https:\/\/www.aie.es\/en\/wp-json\/wp\/v2\/pages"}],"about":[{"href":"https:\/\/www.aie.es\/en\/wp-json\/wp\/v2\/types\/page"}],"author":[{"embeddable":true,"href":"https:\/\/www.aie.es\/en\/wp-json\/wp\/v2\/users\/3"}],"replies":[{"embeddable":true,"href":"https:\/\/www.aie.es\/en\/wp-json\/wp\/v2\/comments?post=24788"}],"version-history":[{"count":17,"href":"https:\/\/www.aie.es\/en\/wp-json\/wp\/v2\/pages\/24788\/revisions"}],"predecessor-version":[{"id":51762,"href":"https:\/\/www.aie.es\/en\/wp-json\/wp\/v2\/pages\/24788\/revisions\/51762"}],"up":[{"embeddable":true,"href":"https:\/\/www.aie.es\/en\/wp-json\/wp\/v2\/pages\/24811"}],"wp:attachment":[{"href":"https:\/\/www.aie.es\/en\/wp-json\/wp\/v2\/media?parent=24788"}],"curies":[{"name":"wp","href":"https:\/\/api.w.org\/{rel}","templated":true}]}}