{"id":24789,"date":"2016-02-26T17:43:33","date_gmt":"2016-02-26T17:43:33","guid":{"rendered":"https:\/\/www.aie.es\/hazte-socio\/"},"modified":"2026-01-13T07:52:01","modified_gmt":"2026-01-13T06:52:01","slug":"become-a-member","status":"publish","type":"page","link":"https:\/\/www.aie.es\/en\/members\/become-a-member\/","title":{"rendered":"Become a Member"},"content":{"rendered":"<div class=\"wpb-content-wrapper\"><p>[vc_row row_type=&#8221;content_menu&#8221;][vc_column][\/vc_column][\/vc_row][vc_row css_animation=&#8221;&#8221; row_type=&#8221;row&#8221; use_row_as_full_screen_section=&#8221;no&#8221; type=&#8221;full_width&#8221; anchor=&#8221;socio&#8221; in_content_menu=&#8221;in_content_menu&#8221; content_menu_title=&#8221;Become a Member&#8221; content_menu_icon=&#8221;&#8221; angled_section=&#8221;no&#8221; text_align=&#8221;left&#8221; background_image_as_pattern=&#8221;without_pattern&#8221; el_class=&#8221;seccion&#8221;][vc_column width=&#8221;2\/3&#8243;][vc_column_text]<\/p>\n<h3>Become a Member<\/h3>\n<p>[\/vc_column_text][vc_accordion active_tab=&#8221;false&#8221; collapsible=&#8221;yes&#8221; style=&#8221;accordion&#8221;][vc_accordion_tab title=&#8221;Who can become a member of AIE?&#8221;][vc_column_text]All music performers or executants can become AIE members if they have participated in any fixed performance (recording):<\/p>\n<ul>\n<li>Music recordings (phonograms) and\/or audio visual recordings (videograms).<\/li>\n<li>TV shows, films, etc.<\/li>\n<\/ul>\n<p>By law, all artists who have participated in any fixed performance shall receive remuneration for their rights of public communication and private copying. Becoming a member of AIE is free of charge. You can see below how to apply for AIE membership.[\/vc_column_text][\/vc_accordion_tab][vc_accordion_tab title=&#8221;How to apply for AIE membership&#8221;][vc_column_text css=&#8221;&#8221;]To apply for AIE membership you need to fill in the <a href=\"https:\/\/formularios.aie.es\/formulario-alta\" target=\"_blank\" rel=\"noopener noreferrer\">online application form<\/a> hosted in the AIE APPLICATION FORM section in this page.<\/p>\n<p>After sending the online form, you will receive the necessary documentation via email so that you can formalize the incorporation through our electronic signature platform.<\/p>\n<p>If you prefer, you can download all necessary documents to review from the following links:<\/p>\n<p><a href=\"https:\/\/www.aie.es\/wp-content\/uploads\/CONTRATO-TITULARES-ASOCIADOS_INGLES_OK_NEGRO.pdf\" target=\"_blank\" rel=\"noopener noreferrer\">AIE Management Contract<\/a><\/p>\n<p><a href=\"https:\/\/www.aie.es\/wp-content\/uploads\/SOLICITUD-DE-ASOCIACION_ASOCIADOS_INGLES_Nov-2025.pdf\">Application form<\/a><\/p>\n<p><a href=\"https:\/\/www.aie.es\/wp-content\/uploads\/Mod-01-Declaration-form.pdf\" target=\"_blank\" rel=\"noopener noreferrer\">Declaration form<\/a>[\/vc_column_text][\/vc_accordion_tab][vc_accordion_tab title=&#8221;Signing and sending your application&#8221;][vc_column_text]<br \/>\nOnce the online registration form is completed and sent, you will receive three emails within a maximum period of five working days, with the application form for membership, the associate contract and the declaration form to sign through our electronic signature platform.<\/p>\n<p>You will not have to send the documentation by post mail.<br \/>\n[\/vc_column_text][\/vc_accordion_tab][vc_accordion_tab title=&#8221;Application admission&#8221;][vc_column_text]If your application documents are correct, AIE will send you a receipt.<br \/>\nThe Board of Directors of AIE, during its periodic meetings, approves or rejects all new applications for membership.<\/p>\n<p>If your application is accepted, AIE will send you a communication to the address provided in your application form, containing:<\/p>\n<ul>\n<li>Your AIE member number.<\/li>\n<li>Access to the Virtual Office of members.<\/li>\n<\/ul>\n<p>[\/vc_column_text][\/vc_accordion_tab][\/vc_accordion][\/vc_column][vc_column width=&#8221;1\/3&#8243;][vc_single_image image=&#8221;24112&#8243; img_size=&#8221;400&#215;600&#8243; qode_css_animation=&#8221;&#8221;][\/vc_column][\/vc_row][vc_row css_animation=&#8221;&#8221; row_type=&#8221;row&#8221; use_row_as_full_screen_section=&#8221;no&#8221; type=&#8221;full_width&#8221; anchor=&#8221;solicitud&#8221; in_content_menu=&#8221;in_content_menu&#8221; content_menu_title=&#8221;Membership Application&#8221; content_menu_icon=&#8221;&#8221; angled_section=&#8221;no&#8221; text_align=&#8221;left&#8221; background_image_as_pattern=&#8221;without_pattern&#8221; el_class=&#8221;seccion&#8221;][vc_column][vc_column_text]<\/p>\n<h3>AIE Membership Application<\/h3>\n<p>[\/vc_column_text][vc_accordion active_tab=&#8221;1&#8243; collapsible=&#8221;yes&#8221; style=&#8221;accordion&#8221;][vc_accordion_tab title=&#8221;Online application form&#8221;][vc_column_text]<\/p>\n<div class=\"formulario\">\n<p>Complete your application <a href=\"https:\/\/altasocios.aie.es\/login\" target=\"_blank\" rel=\"noopener noreferrer\">here<\/a>.<\/p>\n<\/div>\n<p>[\/vc_column_text][vc_column_text]<\/p>\n<div class=\"formulario-movil\">\n<p>*Please use a computer to fill in the form. It is not available for mobile devices.<\/p>\n<\/div>\n<p>[\/vc_column_text][\/vc_accordion_tab][\/vc_accordion][\/vc_column][\/vc_row][vc_row css_animation=&#8221;&#8221; row_type=&#8221;row&#8221; use_row_as_full_screen_section=&#8221;no&#8221; type=&#8221;full_width&#8221; anchor=&#8221;admisiones&#8221; in_content_menu=&#8221;in_content_menu&#8221; content_menu_title=&#8221;Admission Calendar&#8221; content_menu_icon=&#8221;&#8221; angled_section=&#8221;no&#8221; text_align=&#8221;left&#8221; background_image_as_pattern=&#8221;without_pattern&#8221; el_class=&#8221;seccion&#8221;][vc_column width=&#8221;1\/3&#8243;][vc_single_image image=&#8221;24113&#8243; img_size=&#8221;400&#215;600&#8243; qode_css_animation=&#8221;&#8221;][\/vc_column][vc_column width=&#8221;2\/3&#8243;][vc_column_text css=&#8221;&#8221;]<\/p>\n<h3>2026 Admission Calendar<\/h3>\n<p>According to AIE Statutes, the Board of Directors of AIE is the only body entitled to approve the admission of new affiliates, whose applications are previously studied and reviewed by the Admission Committee.<\/p>\n<p class=\"p1\">Admission requests that meet all membership requirements will be approved according to the following schedule:<\/p>\n<ul>\n<li class=\"p2\">Requests received by AIE by January 6 will be approved by the end of February.<\/li>\n<li class=\"p2\">Requests received by AIE by April 7 will be approved by the end of May.<\/li>\n<li class=\"p2\">Requests received by AIE by June 30 will be approved by the end of September.<\/li>\n<li class=\"p2\">Requests received by AIE by October 6 will be approved by the end of November.<\/li>\n<\/ul>\n<p>After your admission as AIE affiliate, you will receive a communication informing you of your membership with all relevant documents attached.<\/p>\n<p>Artists whose applications do not comply with all affiliation requisites will be contacted by AIE Membership Department for any possible corrections and new revisions by AIE Governing Bodies.[\/vc_column_text][\/vc_column][\/vc_row][vc_row css_animation=&#8221;&#8221; row_type=&#8221;row&#8221; use_row_as_full_screen_section=&#8221;no&#8221; type=&#8221;full_width&#8221; anchor=&#8221;contacto&#8221; in_content_menu=&#8221;in_content_menu&#8221; content_menu_title=&#8221;Contact AIE&#8221; content_menu_icon=&#8221;&#8221; angled_section=&#8221;no&#8221; text_align=&#8221;left&#8221; background_image_as_pattern=&#8221;without_pattern&#8221; el_class=&#8221;seccion&#8221;][vc_column width=&#8221;1\/2&#8243;][vc_column_text]<\/p>\n<h3>Any Questions?<\/h3>\n<p>If you have any questions you can contact AIE Membership Department.<\/p>\n<p><strong>AIE Madrid<\/strong><br \/>\nTorrelara, 8.<br \/>\n28016 Madrid.<br \/>\nPhone: 91 781 98 50.<br \/>\nFax: 91 781 95 50.<br \/>\n<a href=\"mailto:socios@aie.es\">socios@aie.es<\/a><\/p>\n<p><strong>AIE Barcelona\u00a0<\/strong><br \/>\nPlaza de Iberia,4.<br \/>\n08014 Barcelona.<br \/>\nPhone: 93 292 05 55.<br \/>\nFax: 93 292 14 59.<br \/>\n<a href=\"mailto:sociosbarcelona@aie.es\">sociosbarcelona@aie.es<\/a><\/p>\n<p><strong>AIE Sevilla<\/strong><br \/>\nAvenida Blas Infante, 10.<br \/>\n41011 Sevilla.<br \/>\nPhone: 95 433 91 84.<br \/>\nFax: 95 434 35 05.<br \/>\n<a href=\"mailto:atsociosevilla@aie.es\">atsociosevilla@aie.es<\/a>[\/vc_column_text][\/vc_column][vc_column width=&#8221;1\/2&#8243;][vc_single_image image=&#8221;24333&#8243; img_size=&#8221;large&#8221; qode_css_animation=&#8221;&#8221;][\/vc_column][\/vc_row]<\/p>\n<\/div>","protected":false},"excerpt":{"rendered":"<p>[vc_row row_type=&#8221;content_menu&#8221;][vc_column][\/vc_column][\/vc_row][vc_row css_animation=&#8221;&#8221; row_type=&#8221;row&#8221; use_row_as_full_screen_section=&#8221;no&#8221; type=&#8221;full_width&#8221; anchor=&#8221;socio&#8221; in_content_menu=&#8221;in_content_menu&#8221; content_menu_title=&#8221;Become a Member&#8221; content_menu_icon=&#8221;&#8221; angled_section=&#8221;no&#8221; text_align=&#8221;left&#8221; background_image_as_pattern=&#8221;without_pattern&#8221; el_class=&#8221;seccion&#8221;][vc_column width=&#8221;2\/3&#8243;][vc_column_text] Become a Member [\/vc_column_text][vc_accordion active_tab=&#8221;false&#8221; collapsible=&#8221;yes&#8221; style=&#8221;accordion&#8221;][vc_accordion_tab title=&#8221;Who can become a member of AIE?&#8221;][vc_column_text]All music performers or executants can become AIE members if they have participated in any&#8230;<\/p>\n","protected":false},"author":3,"featured_media":0,"parent":24811,"menu_order":2,"comment_status":"closed","ping_status":"closed","template":"","meta":{"_acf_changed":false,"_relevanssi_hide_post":"","_relevanssi_hide_content":"","_relevanssi_pin_for_all":"","_relevanssi_pin_keywords":"","_relevanssi_unpin_keywords":"","_relevanssi_related_keywords":"","_relevanssi_related_include_ids":"","_relevanssi_related_exclude_ids":"","_relevanssi_related_no_append":"","_relevanssi_related_not_related":"","_relevanssi_related_posts":"","_relevanssi_noindex_reason":"","footnotes":""},"acf":[],"yoast_head":"<!-- This site is optimized with the Yoast SEO Premium plugin v21.5 (Yoast SEO v21.9.1) - https:\/\/yoast.com\/wordpress\/plugins\/seo\/ -->\n<title>Become a Member - AIE Sociedad de Artistas Int\u00e9rpretes o Ejecutantes de Espa\u00f1a<\/title>\n<meta name=\"robots\" content=\"index, follow, max-snippet:-1, max-image-preview:large, max-video-preview:-1\" \/>\n<link rel=\"canonical\" href=\"https:\/\/www.aie.es\/en\/members\/become-a-member\/\" \/>\n<meta property=\"og:locale\" content=\"en_US\" \/>\n<meta property=\"og:type\" content=\"article\" \/>\n<meta property=\"og:title\" content=\"Become a Member\" \/>\n<meta property=\"og:description\" content=\"[vc_row row_type=&#8221;content_menu&#8221;][vc_column][\/vc_column][\/vc_row][vc_row css_animation=&#8221;&#8221; row_type=&#8221;row&#8221; use_row_as_full_screen_section=&#8221;no&#8221; type=&#8221;full_width&#8221; anchor=&#8221;socio&#8221; in_content_menu=&#8221;in_content_menu&#8221; content_menu_title=&#8221;Become a Member&#8221; content_menu_icon=&#8221;&#8221; angled_section=&#8221;no&#8221; text_align=&#8221;left&#8221; background_image_as_pattern=&#8221;without_pattern&#8221; el_class=&#8221;seccion&#8221;][vc_column width=&#8221;2\/3&#8243;][vc_column_text] Become a Member [\/vc_column_text][vc_accordion active_tab=&#8221;false&#8221; collapsible=&#8221;yes&#8221; style=&#8221;accordion&#8221;][vc_accordion_tab title=&#8221;Who can become a member of AIE?&#8221;][vc_column_text]All music performers or executants can become AIE members if they have participated in any...\" \/>\n<meta property=\"og:url\" content=\"https:\/\/www.aie.es\/en\/members\/become-a-member\/\" \/>\n<meta property=\"og:site_name\" content=\"AIE Sociedad de Artistas Int\u00e9rpretes o Ejecutantes de Espa\u00f1a\" \/>\n<meta property=\"article:modified_time\" content=\"2026-01-13T06:52:01+00:00\" \/>\n<meta name=\"twitter:card\" content=\"summary_large_image\" \/>\n<meta name=\"twitter:label1\" content=\"Est. reading time\" \/>\n\t<meta name=\"twitter:data1\" content=\"4 minutes\" \/>\n<script type=\"application\/ld+json\" class=\"yoast-schema-graph\">{\"@context\":\"https:\/\/schema.org\",\"@graph\":[{\"@type\":\"WebPage\",\"@id\":\"https:\/\/www.aie.es\/en\/members\/become-a-member\/\",\"url\":\"https:\/\/www.aie.es\/en\/members\/become-a-member\/\",\"name\":\"Become a Member - AIE Sociedad de Artistas Int\u00e9rpretes o Ejecutantes de Espa\u00f1a\",\"isPartOf\":{\"@id\":\"https:\/\/www.aie.es\/#website\"},\"datePublished\":\"2016-02-26T17:43:33+00:00\",\"dateModified\":\"2026-01-13T06:52:01+00:00\",\"breadcrumb\":{\"@id\":\"https:\/\/www.aie.es\/en\/members\/become-a-member\/#breadcrumb\"},\"inLanguage\":\"en-US\",\"potentialAction\":[{\"@type\":\"ReadAction\",\"target\":[\"https:\/\/www.aie.es\/en\/members\/become-a-member\/\"]}]},{\"@type\":\"BreadcrumbList\",\"@id\":\"https:\/\/www.aie.es\/en\/members\/become-a-member\/#breadcrumb\",\"itemListElement\":[{\"@type\":\"ListItem\",\"position\":1,\"name\":\"Portada\",\"item\":\"https:\/\/www.aie.es\/en\/\"},{\"@type\":\"ListItem\",\"position\":2,\"name\":\"Members\",\"item\":\"https:\/\/www.aie.es\/en\/members\/\"},{\"@type\":\"ListItem\",\"position\":3,\"name\":\"Become a Member\"}]},{\"@type\":\"WebSite\",\"@id\":\"https:\/\/www.aie.es\/#website\",\"url\":\"https:\/\/www.aie.es\/\",\"name\":\"AIE Sociedad de Artistas Int\u00e9rpretes o Ejecutantes de Espa\u00f1a\",\"description\":\"Entidad de gesti\u00f3n de derechos de propiedad intelectual\",\"potentialAction\":[{\"@type\":\"SearchAction\",\"target\":{\"@type\":\"EntryPoint\",\"urlTemplate\":\"https:\/\/www.aie.es\/?s={search_term_string}\"},\"query-input\":\"required name=search_term_string\"}],\"inLanguage\":\"en-US\"}]}<\/script>\n<!-- \/ Yoast SEO Premium plugin. -->","yoast_head_json":{"title":"Become a Member - AIE Sociedad de Artistas Int\u00e9rpretes o Ejecutantes de Espa\u00f1a","robots":{"index":"index","follow":"follow","max-snippet":"max-snippet:-1","max-image-preview":"max-image-preview:large","max-video-preview":"max-video-preview:-1"},"canonical":"https:\/\/www.aie.es\/en\/members\/become-a-member\/","og_locale":"en_US","og_type":"article","og_title":"Become a Member","og_description":"[vc_row row_type=&#8221;content_menu&#8221;][vc_column][\/vc_column][\/vc_row][vc_row css_animation=&#8221;&#8221; row_type=&#8221;row&#8221; use_row_as_full_screen_section=&#8221;no&#8221; type=&#8221;full_width&#8221; anchor=&#8221;socio&#8221; in_content_menu=&#8221;in_content_menu&#8221; content_menu_title=&#8221;Become a Member&#8221; content_menu_icon=&#8221;&#8221; angled_section=&#8221;no&#8221; text_align=&#8221;left&#8221; background_image_as_pattern=&#8221;without_pattern&#8221; el_class=&#8221;seccion&#8221;][vc_column width=&#8221;2\/3&#8243;][vc_column_text] Become a Member [\/vc_column_text][vc_accordion active_tab=&#8221;false&#8221; collapsible=&#8221;yes&#8221; style=&#8221;accordion&#8221;][vc_accordion_tab title=&#8221;Who can become a member of AIE?&#8221;][vc_column_text]All music performers or executants can become AIE members if they have participated in any...","og_url":"https:\/\/www.aie.es\/en\/members\/become-a-member\/","og_site_name":"AIE Sociedad de Artistas Int\u00e9rpretes o Ejecutantes de Espa\u00f1a","article_modified_time":"2026-01-13T06:52:01+00:00","twitter_card":"summary_large_image","twitter_misc":{"Est. reading time":"4 minutes"},"schema":{"@context":"https:\/\/schema.org","@graph":[{"@type":"WebPage","@id":"https:\/\/www.aie.es\/en\/members\/become-a-member\/","url":"https:\/\/www.aie.es\/en\/members\/become-a-member\/","name":"Become a Member - AIE Sociedad de Artistas Int\u00e9rpretes o Ejecutantes de Espa\u00f1a","isPartOf":{"@id":"https:\/\/www.aie.es\/#website"},"datePublished":"2016-02-26T17:43:33+00:00","dateModified":"2026-01-13T06:52:01+00:00","breadcrumb":{"@id":"https:\/\/www.aie.es\/en\/members\/become-a-member\/#breadcrumb"},"inLanguage":"en-US","potentialAction":[{"@type":"ReadAction","target":["https:\/\/www.aie.es\/en\/members\/become-a-member\/"]}]},{"@type":"BreadcrumbList","@id":"https:\/\/www.aie.es\/en\/members\/become-a-member\/#breadcrumb","itemListElement":[{"@type":"ListItem","position":1,"name":"Portada","item":"https:\/\/www.aie.es\/en\/"},{"@type":"ListItem","position":2,"name":"Members","item":"https:\/\/www.aie.es\/en\/members\/"},{"@type":"ListItem","position":3,"name":"Become a Member"}]},{"@type":"WebSite","@id":"https:\/\/www.aie.es\/#website","url":"https:\/\/www.aie.es\/","name":"AIE Sociedad de Artistas Int\u00e9rpretes o Ejecutantes de Espa\u00f1a","description":"Entidad de gesti\u00f3n de derechos de propiedad intelectual","potentialAction":[{"@type":"SearchAction","target":{"@type":"EntryPoint","urlTemplate":"https:\/\/www.aie.es\/?s={search_term_string}"},"query-input":"required name=search_term_string"}],"inLanguage":"en-US"}]}},"_links":{"self":[{"href":"https:\/\/www.aie.es\/en\/wp-json\/wp\/v2\/pages\/24789"}],"collection":[{"href":"https:\/\/www.aie.es\/en\/wp-json\/wp\/v2\/pages"}],"about":[{"href":"https:\/\/www.aie.es\/en\/wp-json\/wp\/v2\/types\/page"}],"author":[{"embeddable":true,"href":"https:\/\/www.aie.es\/en\/wp-json\/wp\/v2\/users\/3"}],"replies":[{"embeddable":true,"href":"https:\/\/www.aie.es\/en\/wp-json\/wp\/v2\/comments?post=24789"}],"version-history":[{"count":47,"href":"https:\/\/www.aie.es\/en\/wp-json\/wp\/v2\/pages\/24789\/revisions"}],"predecessor-version":[{"id":57939,"href":"https:\/\/www.aie.es\/en\/wp-json\/wp\/v2\/pages\/24789\/revisions\/57939"}],"up":[{"embeddable":true,"href":"https:\/\/www.aie.es\/en\/wp-json\/wp\/v2\/pages\/24811"}],"wp:attachment":[{"href":"https:\/\/www.aie.es\/en\/wp-json\/wp\/v2\/media?parent=24789"}],"curies":[{"name":"wp","href":"https:\/\/api.w.org\/{rel}","templated":true}]}}