{"id":24795,"date":"2016-02-24T01:13:40","date_gmt":"2016-02-24T00:13:40","guid":{"rendered":"https:\/\/www.aie.es\/lecciones-magistrales-emrs\/"},"modified":"2026-02-12T18:27:58","modified_gmt":"2026-02-12T17:27:58","slug":"aie-masterclasses","status":"publish","type":"page","link":"https:\/\/www.aie.es\/en\/training\/aie-masterclasses\/","title":{"rendered":"Lecciones magistrales AIE"},"content":{"rendered":"<div class=\"wpb-content-wrapper\"><p>[vc_row css_animation=&#8221;&#8221; row_type=&#8221;row&#8221; use_row_as_full_screen_section=&#8221;no&#8221; type=&#8221;full_width&#8221; anchor=&#8221;aie&#8221; in_content_menu=&#8221;in_content_menu&#8221; content_menu_title=&#8221;What is AIE&#8221; content_menu_icon=&#8221;&#8221; angled_section=&#8221;no&#8221; text_align=&#8221;left&#8221; background_image_as_pattern=&#8221;without_pattern&#8221; el_class=&#8221;section&#8221;][vc_column width=&#8221;2\/3&#8243;][vc_column_text]<\/p>\n<p align=\"justify\">The AIE Masterclasses at the <a href=\"http:\/\/www.escuelasuperiordemusicareinasofia.es\/\" target=\"_blank\" rel=\"noopener noreferrer\">Escuela Superior de M\u00fasica Reina Sof\u00eda<\/a> began in 1996. This program, carried out in collaboration with the <a href=\"http:\/\/www.fundacionalbeniz.com\/\" target=\"_blank\" rel=\"noopener noreferrer\">Fundaci\u00f3n Isaac Alb\u00e9niz<\/a>, offers high-level masterclasses in classical music. It features internationally renowned artists who share their teachings and experiences with students and professionals.<\/p>\n<p align=\"justify\">Throughout its history, the program has included notable figures such as Renata Scotto, Josep Colom, Lorin Maazel, Yehudi Menuhin, among others.<\/p>\n<p>You can find more information <a href=\"https:\/\/www.escuelasuperiordemusicareinasofia.es\/node\/2666#clases\" target=\"_blank\" rel=\"noopener noreferrer\">HERE<\/a>.<\/p>\n<p>You can view more details about the current call for applications <a href=\"https:\/\/www.escuelasuperiordemusicareinasofia.es\/lecciones-magistrales-aie\" target=\"_blank\" rel=\"noopener noreferrer\">HERE<\/a>.<\/p>\n<p>You can view the brochure for the current call for applications HERE (pending).[\/vc_column_text][\/vc_column][vc_column width=&#8221;1\/3&#8243;][vc_single_image image=&#8221;24963&#8243; img_size=&#8221;full&#8221; qode_css_animation=&#8221;&#8221;][\/vc_column][\/vc_row]<\/p>\n<\/div>","protected":false},"excerpt":{"rendered":"<p>[vc_row css_animation=&#8221;&#8221; row_type=&#8221;row&#8221; use_row_as_full_screen_section=&#8221;no&#8221; type=&#8221;full_width&#8221; anchor=&#8221;aie&#8221; in_content_menu=&#8221;in_content_menu&#8221; content_menu_title=&#8221;What is AIE&#8221; content_menu_icon=&#8221;&#8221; angled_section=&#8221;no&#8221; text_align=&#8221;left&#8221; background_image_as_pattern=&#8221;without_pattern&#8221; el_class=&#8221;section&#8221;][vc_column width=&#8221;2\/3&#8243;][vc_column_text] The AIE Masterclasses at the Escuela Superior de M\u00fasica Reina Sof\u00eda began in 1996. This program, carried out in collaboration with the Fundaci\u00f3n Isaac Alb\u00e9niz, offers high-level masterclasses in&#8230;<\/p>\n","protected":false},"author":3,"featured_media":0,"parent":24813,"menu_order":2,"comment_status":"closed","ping_status":"closed","template":"lecciones.php","meta":{"_acf_changed":false,"_relevanssi_hide_post":"","_relevanssi_hide_content":"","_relevanssi_pin_for_all":"","_relevanssi_pin_keywords":"","_relevanssi_unpin_keywords":"","_relevanssi_related_keywords":"","_relevanssi_related_include_ids":"","_relevanssi_related_exclude_ids":"","_relevanssi_related_no_append":"","_relevanssi_related_not_related":"","_relevanssi_related_posts":"","_relevanssi_noindex_reason":"","footnotes":""},"acf":[],"yoast_head":"<!-- This site is optimized with the Yoast SEO Premium plugin v21.5 (Yoast SEO v21.9.1) - https:\/\/yoast.com\/wordpress\/plugins\/seo\/ -->\n<title>Lecciones magistrales AIE - AIE Sociedad de Artistas Int\u00e9rpretes o Ejecutantes de Espa\u00f1a<\/title>\n<meta name=\"robots\" content=\"index, follow, max-snippet:-1, max-image-preview:large, max-video-preview:-1\" \/>\n<link rel=\"canonical\" href=\"https:\/\/www.aie.es\/en\/training\/aie-masterclasses\/\" \/>\n<meta property=\"og:locale\" content=\"en_US\" \/>\n<meta property=\"og:type\" content=\"article\" \/>\n<meta property=\"og:title\" content=\"Lecciones magistrales AIE\" \/>\n<meta property=\"og:description\" content=\"[vc_row css_animation=&#8221;&#8221; row_type=&#8221;row&#8221; use_row_as_full_screen_section=&#8221;no&#8221; type=&#8221;full_width&#8221; anchor=&#8221;aie&#8221; in_content_menu=&#8221;in_content_menu&#8221; content_menu_title=&#8221;What is AIE&#8221; content_menu_icon=&#8221;&#8221; angled_section=&#8221;no&#8221; text_align=&#8221;left&#8221; background_image_as_pattern=&#8221;without_pattern&#8221; el_class=&#8221;section&#8221;][vc_column width=&#8221;2\/3&#8243;][vc_column_text] The AIE Masterclasses at the Escuela Superior de M\u00fasica Reina Sof\u00eda began in 1996. This program, carried out in collaboration with the Fundaci\u00f3n Isaac Alb\u00e9niz, offers high-level masterclasses in...\" \/>\n<meta property=\"og:url\" content=\"https:\/\/www.aie.es\/en\/training\/aie-masterclasses\/\" \/>\n<meta property=\"og:site_name\" content=\"AIE Sociedad de Artistas Int\u00e9rpretes o Ejecutantes de Espa\u00f1a\" \/>\n<meta property=\"article:modified_time\" content=\"2026-02-12T17:27:58+00:00\" \/>\n<meta name=\"twitter:card\" content=\"summary_large_image\" \/>\n<meta name=\"twitter:label1\" content=\"Est. reading time\" \/>\n\t<meta name=\"twitter:data1\" content=\"1 minute\" \/>\n<script type=\"application\/ld+json\" class=\"yoast-schema-graph\">{\"@context\":\"https:\/\/schema.org\",\"@graph\":[{\"@type\":\"WebPage\",\"@id\":\"https:\/\/www.aie.es\/en\/training\/aie-masterclasses\/\",\"url\":\"https:\/\/www.aie.es\/en\/training\/aie-masterclasses\/\",\"name\":\"Lecciones magistrales AIE - AIE Sociedad de Artistas Int\u00e9rpretes o Ejecutantes de Espa\u00f1a\",\"isPartOf\":{\"@id\":\"https:\/\/www.aie.es\/#website\"},\"datePublished\":\"2016-02-24T00:13:40+00:00\",\"dateModified\":\"2026-02-12T17:27:58+00:00\",\"breadcrumb\":{\"@id\":\"https:\/\/www.aie.es\/en\/training\/aie-masterclasses\/#breadcrumb\"},\"inLanguage\":\"en-US\",\"potentialAction\":[{\"@type\":\"ReadAction\",\"target\":[\"https:\/\/www.aie.es\/en\/training\/aie-masterclasses\/\"]}]},{\"@type\":\"BreadcrumbList\",\"@id\":\"https:\/\/www.aie.es\/en\/training\/aie-masterclasses\/#breadcrumb\",\"itemListElement\":[{\"@type\":\"ListItem\",\"position\":1,\"name\":\"Portada\",\"item\":\"https:\/\/www.aie.es\/en\/\"},{\"@type\":\"ListItem\",\"position\":2,\"name\":\"Training\",\"item\":\"https:\/\/www.aie.es\/en\/training\/\"},{\"@type\":\"ListItem\",\"position\":3,\"name\":\"Lecciones magistrales AIE\"}]},{\"@type\":\"WebSite\",\"@id\":\"https:\/\/www.aie.es\/#website\",\"url\":\"https:\/\/www.aie.es\/\",\"name\":\"AIE Sociedad de Artistas Int\u00e9rpretes o Ejecutantes de Espa\u00f1a\",\"description\":\"Entidad de gesti\u00f3n de derechos de propiedad intelectual\",\"potentialAction\":[{\"@type\":\"SearchAction\",\"target\":{\"@type\":\"EntryPoint\",\"urlTemplate\":\"https:\/\/www.aie.es\/?s={search_term_string}\"},\"query-input\":\"required name=search_term_string\"}],\"inLanguage\":\"en-US\"}]}<\/script>\n<!-- \/ Yoast SEO Premium plugin. -->","yoast_head_json":{"title":"Lecciones magistrales AIE - AIE Sociedad de Artistas Int\u00e9rpretes o Ejecutantes de Espa\u00f1a","robots":{"index":"index","follow":"follow","max-snippet":"max-snippet:-1","max-image-preview":"max-image-preview:large","max-video-preview":"max-video-preview:-1"},"canonical":"https:\/\/www.aie.es\/en\/training\/aie-masterclasses\/","og_locale":"en_US","og_type":"article","og_title":"Lecciones magistrales AIE","og_description":"[vc_row css_animation=&#8221;&#8221; row_type=&#8221;row&#8221; use_row_as_full_screen_section=&#8221;no&#8221; type=&#8221;full_width&#8221; anchor=&#8221;aie&#8221; in_content_menu=&#8221;in_content_menu&#8221; content_menu_title=&#8221;What is AIE&#8221; content_menu_icon=&#8221;&#8221; angled_section=&#8221;no&#8221; text_align=&#8221;left&#8221; background_image_as_pattern=&#8221;without_pattern&#8221; el_class=&#8221;section&#8221;][vc_column width=&#8221;2\/3&#8243;][vc_column_text] The AIE Masterclasses at the Escuela Superior de M\u00fasica Reina Sof\u00eda began in 1996. This program, carried out in collaboration with the Fundaci\u00f3n Isaac Alb\u00e9niz, offers high-level masterclasses in...","og_url":"https:\/\/www.aie.es\/en\/training\/aie-masterclasses\/","og_site_name":"AIE Sociedad de Artistas Int\u00e9rpretes o Ejecutantes de Espa\u00f1a","article_modified_time":"2026-02-12T17:27:58+00:00","twitter_card":"summary_large_image","twitter_misc":{"Est. reading time":"1 minute"},"schema":{"@context":"https:\/\/schema.org","@graph":[{"@type":"WebPage","@id":"https:\/\/www.aie.es\/en\/training\/aie-masterclasses\/","url":"https:\/\/www.aie.es\/en\/training\/aie-masterclasses\/","name":"Lecciones magistrales AIE - AIE Sociedad de Artistas Int\u00e9rpretes o Ejecutantes de Espa\u00f1a","isPartOf":{"@id":"https:\/\/www.aie.es\/#website"},"datePublished":"2016-02-24T00:13:40+00:00","dateModified":"2026-02-12T17:27:58+00:00","breadcrumb":{"@id":"https:\/\/www.aie.es\/en\/training\/aie-masterclasses\/#breadcrumb"},"inLanguage":"en-US","potentialAction":[{"@type":"ReadAction","target":["https:\/\/www.aie.es\/en\/training\/aie-masterclasses\/"]}]},{"@type":"BreadcrumbList","@id":"https:\/\/www.aie.es\/en\/training\/aie-masterclasses\/#breadcrumb","itemListElement":[{"@type":"ListItem","position":1,"name":"Portada","item":"https:\/\/www.aie.es\/en\/"},{"@type":"ListItem","position":2,"name":"Training","item":"https:\/\/www.aie.es\/en\/training\/"},{"@type":"ListItem","position":3,"name":"Lecciones magistrales AIE"}]},{"@type":"WebSite","@id":"https:\/\/www.aie.es\/#website","url":"https:\/\/www.aie.es\/","name":"AIE Sociedad de Artistas Int\u00e9rpretes o Ejecutantes de Espa\u00f1a","description":"Entidad de gesti\u00f3n de derechos de propiedad intelectual","potentialAction":[{"@type":"SearchAction","target":{"@type":"EntryPoint","urlTemplate":"https:\/\/www.aie.es\/?s={search_term_string}"},"query-input":"required name=search_term_string"}],"inLanguage":"en-US"}]}},"_links":{"self":[{"href":"https:\/\/www.aie.es\/en\/wp-json\/wp\/v2\/pages\/24795"}],"collection":[{"href":"https:\/\/www.aie.es\/en\/wp-json\/wp\/v2\/pages"}],"about":[{"href":"https:\/\/www.aie.es\/en\/wp-json\/wp\/v2\/types\/page"}],"author":[{"embeddable":true,"href":"https:\/\/www.aie.es\/en\/wp-json\/wp\/v2\/users\/3"}],"replies":[{"embeddable":true,"href":"https:\/\/www.aie.es\/en\/wp-json\/wp\/v2\/comments?post=24795"}],"version-history":[{"count":22,"href":"https:\/\/www.aie.es\/en\/wp-json\/wp\/v2\/pages\/24795\/revisions"}],"predecessor-version":[{"id":58606,"href":"https:\/\/www.aie.es\/en\/wp-json\/wp\/v2\/pages\/24795\/revisions\/58606"}],"up":[{"embeddable":true,"href":"https:\/\/www.aie.es\/en\/wp-json\/wp\/v2\/pages\/24813"}],"wp:attachment":[{"href":"https:\/\/www.aie.es\/en\/wp-json\/wp\/v2\/media?parent=24795"}],"curies":[{"name":"wp","href":"https:\/\/api.w.org\/{rel}","templated":true}]}}