{"id":24797,"date":"2016-02-24T01:12:49","date_gmt":"2016-02-24T00:12:49","guid":{"rendered":"https:\/\/www.aie.es\/internacional\/"},"modified":"2025-02-14T14:32:43","modified_gmt":"2025-02-14T13:32:43","slug":"international-exchanges","status":"publish","type":"page","link":"https:\/\/www.aie.es\/en\/promotion\/international-exchanges\/","title":{"rendered":"International Exchanges"},"content":{"rendered":"<div class=\"wpb-content-wrapper\"><p>[vc_row row_type=&#8221;content_menu&#8221;][vc_column][\/vc_column][\/vc_row][vc_row css_animation=&#8221;&#8221; row_type=&#8221;row&#8221; use_row_as_full_screen_section=&#8221;no&#8221; type=&#8221;full_width&#8221; anchor=&#8221;programa&#8221; in_content_menu=&#8221;in_content_menu&#8221; content_menu_title=&#8221;Intercambios internacionales&#8221; content_menu_icon=&#8221;&#8221; angled_section=&#8221;no&#8221; text_align=&#8221;left&#8221; background_image_as_pattern=&#8221;without_pattern&#8221;][vc_column][vc_row_inner row_type=&#8221;row&#8221; type=&#8221;full_width&#8221; text_align=&#8221;left&#8221; css_animation=&#8221;&#8221;][vc_column_inner el_class=&#8221;primera&#8221;][vc_empty_space height=&#8221;30px&#8221;][vc_column_text]Find all international exchanges offered by AIE.[\/vc_column_text][vc_column_text]<\/p>\n<div class=\"vc_hidden-lg vc_hidden-md vc_hidden-sm\">\n<ul>\n<li><a class=\"anchor\" href=\"#liverpool\">Liverpool Institute of Performance Arts<\/a><\/li>\n<li><a class=\"anchor\" href=\"#cervantes\">Cervantes Institute &amp; AECID<\/a><\/li>\n<li><a class=\"anchor\" href=\"#outonalidades\">Ou Tonalidades &amp; AIEnRUTa Artistas<\/a><\/li>\n<\/ul>\n<\/div>\n<p>[\/vc_column_text][vc_empty_space height=&#8221;10px&#8221;][vc_separator type=&#8221;normal&#8221; color=&#8221;#f8ab12&#8243; thickness=&#8221;3&#8243;][vc_empty_space height=&#8221;40px&#8221;][\/vc_column_inner][\/vc_row_inner][\/vc_column][\/vc_row]<\/p>\n<\/div>","protected":false},"excerpt":{"rendered":"<p>[vc_row row_type=&#8221;content_menu&#8221;][vc_column][\/vc_column][\/vc_row][vc_row css_animation=&#8221;&#8221; row_type=&#8221;row&#8221; use_row_as_full_screen_section=&#8221;no&#8221; type=&#8221;full_width&#8221; anchor=&#8221;programa&#8221; in_content_menu=&#8221;in_content_menu&#8221; content_menu_title=&#8221;Intercambios internacionales&#8221; content_menu_icon=&#8221;&#8221; angled_section=&#8221;no&#8221; text_align=&#8221;left&#8221; background_image_as_pattern=&#8221;without_pattern&#8221;][vc_column][vc_row_inner row_type=&#8221;row&#8221; type=&#8221;full_width&#8221; text_align=&#8221;left&#8221; css_animation=&#8221;&#8221;][vc_column_inner el_class=&#8221;primera&#8221;][vc_empty_space height=&#8221;30px&#8221;][vc_column_text]Find all international exchanges offered by AIE.[\/vc_column_text][vc_column_text] Liverpool Institute of Performance Arts Cervantes Institute &amp; AECID Ou Tonalidades &amp; AIEnRUTa Artistas [\/vc_column_text][vc_empty_space height=&#8221;10px&#8221;][vc_separator type=&#8221;normal&#8221; color=&#8221;#f8ab12&#8243; thickness=&#8221;3&#8243;][vc_empty_space&#8230;<\/p>\n","protected":false},"author":3,"featured_media":0,"parent":24814,"menu_order":7,"comment_status":"closed","ping_status":"closed","template":"aienruta-internacional.php","meta":{"_acf_changed":false,"_relevanssi_hide_post":"","_relevanssi_hide_content":"","_relevanssi_pin_for_all":"","_relevanssi_pin_keywords":"","_relevanssi_unpin_keywords":"","_relevanssi_related_keywords":"","_relevanssi_related_include_ids":"","_relevanssi_related_exclude_ids":"","_relevanssi_related_no_append":"","_relevanssi_related_not_related":"","_relevanssi_related_posts":"","_relevanssi_noindex_reason":"","footnotes":""},"acf":[],"yoast_head":"<!-- This site is optimized with the Yoast SEO Premium plugin v21.5 (Yoast SEO v21.9.1) - https:\/\/yoast.com\/wordpress\/plugins\/seo\/ -->\n<title>International Exchanges - AIE Sociedad de Artistas Int\u00e9rpretes o Ejecutantes de Espa\u00f1a<\/title>\n<meta name=\"robots\" content=\"index, follow, max-snippet:-1, max-image-preview:large, max-video-preview:-1\" \/>\n<link rel=\"canonical\" href=\"https:\/\/www.aie.es\/en\/promotion\/international-exchanges\/\" \/>\n<meta property=\"og:locale\" content=\"en_US\" \/>\n<meta property=\"og:type\" content=\"article\" \/>\n<meta property=\"og:title\" content=\"International Exchanges\" \/>\n<meta property=\"og:description\" content=\"[vc_row row_type=&#8221;content_menu&#8221;][vc_column][\/vc_column][\/vc_row][vc_row css_animation=&#8221;&#8221; row_type=&#8221;row&#8221; use_row_as_full_screen_section=&#8221;no&#8221; type=&#8221;full_width&#8221; anchor=&#8221;programa&#8221; in_content_menu=&#8221;in_content_menu&#8221; content_menu_title=&#8221;Intercambios internacionales&#8221; content_menu_icon=&#8221;&#8221; angled_section=&#8221;no&#8221; text_align=&#8221;left&#8221; background_image_as_pattern=&#8221;without_pattern&#8221;][vc_column][vc_row_inner row_type=&#8221;row&#8221; type=&#8221;full_width&#8221; text_align=&#8221;left&#8221; css_animation=&#8221;&#8221;][vc_column_inner el_class=&#8221;primera&#8221;][vc_empty_space height=&#8221;30px&#8221;][vc_column_text]Find all international exchanges offered by AIE.[\/vc_column_text][vc_column_text] Liverpool Institute of Performance Arts Cervantes Institute &amp; AECID Ou Tonalidades &amp; AIEnRUTa Artistas [\/vc_column_text][vc_empty_space height=&#8221;10px&#8221;][vc_separator type=&#8221;normal&#8221; color=&#8221;#f8ab12&#8243; thickness=&#8221;3&#8243;][vc_empty_space...\" \/>\n<meta property=\"og:url\" content=\"https:\/\/www.aie.es\/en\/promotion\/international-exchanges\/\" \/>\n<meta property=\"og:site_name\" content=\"AIE Sociedad de Artistas Int\u00e9rpretes o Ejecutantes de Espa\u00f1a\" \/>\n<meta property=\"article:modified_time\" content=\"2025-02-14T13:32:43+00:00\" \/>\n<meta name=\"twitter:card\" content=\"summary_large_image\" \/>\n<meta name=\"twitter:label1\" content=\"Est. reading time\" \/>\n\t<meta name=\"twitter:data1\" content=\"1 minute\" \/>\n<script type=\"application\/ld+json\" class=\"yoast-schema-graph\">{\"@context\":\"https:\/\/schema.org\",\"@graph\":[{\"@type\":\"WebPage\",\"@id\":\"https:\/\/www.aie.es\/en\/promotion\/international-exchanges\/\",\"url\":\"https:\/\/www.aie.es\/en\/promotion\/international-exchanges\/\",\"name\":\"International Exchanges - AIE Sociedad de Artistas Int\u00e9rpretes o Ejecutantes de Espa\u00f1a\",\"isPartOf\":{\"@id\":\"https:\/\/www.aie.es\/#website\"},\"datePublished\":\"2016-02-24T00:12:49+00:00\",\"dateModified\":\"2025-02-14T13:32:43+00:00\",\"breadcrumb\":{\"@id\":\"https:\/\/www.aie.es\/en\/promotion\/international-exchanges\/#breadcrumb\"},\"inLanguage\":\"en-US\",\"potentialAction\":[{\"@type\":\"ReadAction\",\"target\":[\"https:\/\/www.aie.es\/en\/promotion\/international-exchanges\/\"]}]},{\"@type\":\"BreadcrumbList\",\"@id\":\"https:\/\/www.aie.es\/en\/promotion\/international-exchanges\/#breadcrumb\",\"itemListElement\":[{\"@type\":\"ListItem\",\"position\":1,\"name\":\"Portada\",\"item\":\"https:\/\/www.aie.es\/en\/\"},{\"@type\":\"ListItem\",\"position\":2,\"name\":\"Promotion\",\"item\":\"https:\/\/www.aie.es\/en\/promotion\/\"},{\"@type\":\"ListItem\",\"position\":3,\"name\":\"International Exchanges\"}]},{\"@type\":\"WebSite\",\"@id\":\"https:\/\/www.aie.es\/#website\",\"url\":\"https:\/\/www.aie.es\/\",\"name\":\"AIE Sociedad de Artistas Int\u00e9rpretes o Ejecutantes de Espa\u00f1a\",\"description\":\"Entidad de gesti\u00f3n de derechos de propiedad intelectual\",\"potentialAction\":[{\"@type\":\"SearchAction\",\"target\":{\"@type\":\"EntryPoint\",\"urlTemplate\":\"https:\/\/www.aie.es\/?s={search_term_string}\"},\"query-input\":\"required name=search_term_string\"}],\"inLanguage\":\"en-US\"}]}<\/script>\n<!-- \/ Yoast SEO Premium plugin. -->","yoast_head_json":{"title":"International Exchanges - AIE Sociedad de Artistas Int\u00e9rpretes o Ejecutantes de Espa\u00f1a","robots":{"index":"index","follow":"follow","max-snippet":"max-snippet:-1","max-image-preview":"max-image-preview:large","max-video-preview":"max-video-preview:-1"},"canonical":"https:\/\/www.aie.es\/en\/promotion\/international-exchanges\/","og_locale":"en_US","og_type":"article","og_title":"International Exchanges","og_description":"[vc_row row_type=&#8221;content_menu&#8221;][vc_column][\/vc_column][\/vc_row][vc_row css_animation=&#8221;&#8221; row_type=&#8221;row&#8221; use_row_as_full_screen_section=&#8221;no&#8221; type=&#8221;full_width&#8221; anchor=&#8221;programa&#8221; in_content_menu=&#8221;in_content_menu&#8221; content_menu_title=&#8221;Intercambios internacionales&#8221; content_menu_icon=&#8221;&#8221; angled_section=&#8221;no&#8221; text_align=&#8221;left&#8221; background_image_as_pattern=&#8221;without_pattern&#8221;][vc_column][vc_row_inner row_type=&#8221;row&#8221; type=&#8221;full_width&#8221; text_align=&#8221;left&#8221; css_animation=&#8221;&#8221;][vc_column_inner el_class=&#8221;primera&#8221;][vc_empty_space height=&#8221;30px&#8221;][vc_column_text]Find all international exchanges offered by AIE.[\/vc_column_text][vc_column_text] Liverpool Institute of Performance Arts Cervantes Institute &amp; AECID Ou Tonalidades &amp; AIEnRUTa Artistas [\/vc_column_text][vc_empty_space height=&#8221;10px&#8221;][vc_separator type=&#8221;normal&#8221; color=&#8221;#f8ab12&#8243; thickness=&#8221;3&#8243;][vc_empty_space...","og_url":"https:\/\/www.aie.es\/en\/promotion\/international-exchanges\/","og_site_name":"AIE Sociedad de Artistas Int\u00e9rpretes o Ejecutantes de Espa\u00f1a","article_modified_time":"2025-02-14T13:32:43+00:00","twitter_card":"summary_large_image","twitter_misc":{"Est. reading time":"1 minute"},"schema":{"@context":"https:\/\/schema.org","@graph":[{"@type":"WebPage","@id":"https:\/\/www.aie.es\/en\/promotion\/international-exchanges\/","url":"https:\/\/www.aie.es\/en\/promotion\/international-exchanges\/","name":"International Exchanges - AIE Sociedad de Artistas Int\u00e9rpretes o Ejecutantes de Espa\u00f1a","isPartOf":{"@id":"https:\/\/www.aie.es\/#website"},"datePublished":"2016-02-24T00:12:49+00:00","dateModified":"2025-02-14T13:32:43+00:00","breadcrumb":{"@id":"https:\/\/www.aie.es\/en\/promotion\/international-exchanges\/#breadcrumb"},"inLanguage":"en-US","potentialAction":[{"@type":"ReadAction","target":["https:\/\/www.aie.es\/en\/promotion\/international-exchanges\/"]}]},{"@type":"BreadcrumbList","@id":"https:\/\/www.aie.es\/en\/promotion\/international-exchanges\/#breadcrumb","itemListElement":[{"@type":"ListItem","position":1,"name":"Portada","item":"https:\/\/www.aie.es\/en\/"},{"@type":"ListItem","position":2,"name":"Promotion","item":"https:\/\/www.aie.es\/en\/promotion\/"},{"@type":"ListItem","position":3,"name":"International Exchanges"}]},{"@type":"WebSite","@id":"https:\/\/www.aie.es\/#website","url":"https:\/\/www.aie.es\/","name":"AIE Sociedad de Artistas Int\u00e9rpretes o Ejecutantes de Espa\u00f1a","description":"Entidad de gesti\u00f3n de derechos de propiedad intelectual","potentialAction":[{"@type":"SearchAction","target":{"@type":"EntryPoint","urlTemplate":"https:\/\/www.aie.es\/?s={search_term_string}"},"query-input":"required name=search_term_string"}],"inLanguage":"en-US"}]}},"_links":{"self":[{"href":"https:\/\/www.aie.es\/en\/wp-json\/wp\/v2\/pages\/24797"}],"collection":[{"href":"https:\/\/www.aie.es\/en\/wp-json\/wp\/v2\/pages"}],"about":[{"href":"https:\/\/www.aie.es\/en\/wp-json\/wp\/v2\/types\/page"}],"author":[{"embeddable":true,"href":"https:\/\/www.aie.es\/en\/wp-json\/wp\/v2\/users\/3"}],"replies":[{"embeddable":true,"href":"https:\/\/www.aie.es\/en\/wp-json\/wp\/v2\/comments?post=24797"}],"version-history":[{"count":66,"href":"https:\/\/www.aie.es\/en\/wp-json\/wp\/v2\/pages\/24797\/revisions"}],"predecessor-version":[{"id":53026,"href":"https:\/\/www.aie.es\/en\/wp-json\/wp\/v2\/pages\/24797\/revisions\/53026"}],"up":[{"embeddable":true,"href":"https:\/\/www.aie.es\/en\/wp-json\/wp\/v2\/pages\/24814"}],"wp:attachment":[{"href":"https:\/\/www.aie.es\/en\/wp-json\/wp\/v2\/media?parent=24797"}],"curies":[{"name":"wp","href":"https:\/\/api.w.org\/{rel}","templated":true}]}}