{"id":24799,"date":"2016-02-24T01:12:20","date_gmt":"2016-02-24T01:12:20","guid":{"rendered":"https:\/\/www.aie.es\/aienruta-flamencos\/"},"modified":"2026-01-26T12:16:25","modified_gmt":"2026-01-26T11:16:25","slug":"aienruta-flamencos","status":"publish","type":"page","link":"https:\/\/www.aie.es\/en\/promotion\/aienruta-flamencos\/","title":{"rendered":"AIEnRUTa-Flamencos"},"content":{"rendered":"<div class=\"wpb-content-wrapper\"><p>[vc_row row_type=&#8221;content_menu&#8221;][vc_column][\/vc_column][\/vc_row][vc_row css_animation=&#8221;&#8221; row_type=&#8221;row&#8221; use_row_as_full_screen_section=&#8221;no&#8221; type=&#8221;full_width&#8221; anchor=&#8221;programa&#8221; in_content_menu=&#8221;in_content_menu&#8221; content_menu_title=&#8221;About the program&#8221; content_menu_icon=&#8221;&#8221; angled_section=&#8221;no&#8221; text_align=&#8221;left&#8221; background_image_as_pattern=&#8221;without_pattern&#8221; el_class=&#8221;seccion&#8221;][vc_column el_class=&#8221;primera&#8221;][vc_single_image image=&#8221;24088&#8243; img_size=&#8221;full&#8221; alignment=&#8221;center&#8221; qode_css_animation=&#8221;&#8221;][vc_row_inner row_type=&#8221;row&#8221; type=&#8221;full_width&#8221; text_align=&#8221;center&#8221; css_animation=&#8221;&#8221; el_class=&#8221;boton&#8221;][vc_column_inner offset=&#8221;vc_hidden-lg vc_hidden-md vc_hidden-sm&#8221;][vc_column_text]<span data-type=\"normal\"  class=\"qode_icon_shortcode  q_font_awsome_icon fa-3x  q_icon_animation\" style=\" \"><i class=\"qode_icon_font_awesome fa fa-long-arrow-right qode_icon_element\" style=\"color: #f8ab12;\" ><\/i><\/span><a href=\"#selected\">selected artists<\/a><span data-type=\"normal\"  class=\"qode_icon_shortcode  q_font_awsome_icon fa-3x  q_icon_animation\" style=\" \"><i class=\"qode_icon_font_awesome fa fa-long-arrow-left qode_icon_element\" style=\"color: #f8ab12;\" ><\/i><\/span>[\/vc_column_text][\/vc_column_inner][\/vc_row_inner][vc_column_text]<br \/>\n<strong>ABOUT THE PROGRAM<\/strong><\/p>\n<p><strong>What is it?<\/strong><br \/>\nAIEnRUTa-Flamencos is a program organized by AIE to promote and support new flamenco talents. We believe it is essential to care for and protect flamenco music, our most authentic musical heritage.<\/p>\n<p><strong>How does it work?<\/strong><br \/>\nA jury will select several flamenco artists to participate in a series of live performances within the circuit of universities adhered to the program. Submit your application and apply to participate!<\/p>\n<p><strong>When does it take place?<\/strong><br \/>\nAIEnRUTa-Flamencos is a yearly program. The selection process of artists and works is carried out in November (date TBD) and performances take place between January and December. Find here all AIEnRUTa-Flamencos concerts scheduled for the current call.[\/vc_column_text][vc_row_inner row_type=&#8221;row&#8221; type=&#8221;full_width&#8221; text_align=&#8221;left&#8221; css_animation=&#8221;&#8221;][vc_column_inner width=&#8221;1\/3&#8243;][\/vc_column_inner][vc_column_inner width=&#8221;1\/3&#8243;][\/vc_column_inner][vc_column_inner width=&#8221;1\/3&#8243;][\/vc_column_inner][\/vc_row_inner][\/vc_column][\/vc_row][vc_row css_animation=&#8221;&#8221; row_type=&#8221;row&#8221; use_row_as_full_screen_section=&#8221;no&#8221; type=&#8221;full_width&#8221; anchor=&#8221;participar&#8221; in_content_menu=&#8221;in_content_menu&#8221; content_menu_title=&#8221;How to participate&#8221; content_menu_icon=&#8221;&#8221; angled_section=&#8221;no&#8221; text_align=&#8221;left&#8221; background_image_as_pattern=&#8221;without_pattern&#8221; el_class=&#8221;seccion&#8221;][vc_column][vc_column_text]<\/p>\n<h3>How to participate<\/h3>\n<p>[\/vc_column_text][vc_accordion active_tab=&#8221;0&#8243; collapsible=&#8221;yes&#8221; style=&#8221;accordion&#8221;][vc_accordion_tab title=&#8221;How to participate in the selection process&#8221;][vc_column_text]If you are a performer, you are interested in the program and want to participate:<\/p>\n<p><strong>First of all, <a href=\"https:\/\/www.aie.es\/promocion\/aienruta-flamencos\/formulario-alta\/\" target=\"_blank\" rel=\"noopener noreferrer\">apply online<\/a>.<\/strong><\/p>\n<p><strong>Then, send the following materials to any AIE office:<\/strong><\/p>\n<ul>\n<li>A CD if your work has been published in a physical format, or a receipt or proof document if it is published in a digital format.<\/li>\n<li>Biographical sketch (musical style).<\/li>\n<li>Contact details (name and surname, address, phone number and e-mail).<\/li>\n<\/ul>\n<p>[\/vc_column_text][\/vc_accordion_tab][vc_accordion_tab title=&#8221;Who selects the artists?&#8221;][vc_column_text]The selection of artists participating in AIEnRUTa-Flamencos is carried out by a committee of renowned experts in the field of flamenco music from all over Spain, as well as by representatives of collaborating entities.[\/vc_column_text][\/vc_accordion_tab][vc_accordion_tab title=&#8221;Carrying out the selection process&#8221;][vc_column_text]The committee meets in each call for submissions and, after examination, selects 6 candidates among all performers and groups who have submitted their application.<\/p>\n<p>If you have been selected, AIE will contact you and ask you to provide any additional documents required along with an adequate release (CD or demo).[\/vc_column_text][\/vc_accordion_tab][vc_accordion_tab title=&#8221;When does the selection take place?&#8221;][vc_column_text css=&#8221;&#8221;]The committee carries out an annual selection process. The next selection committee will meet November, 2026. The call for proposals is open until November 16.[\/vc_column_text][\/vc_accordion_tab][\/vc_accordion][\/vc_column][\/vc_row][vc_row css_animation=&#8221;&#8221; row_type=&#8221;row&#8221; use_row_as_full_screen_section=&#8221;no&#8221; type=&#8221;full_width&#8221; anchor=&#8221;conciertos&#8221; in_content_menu=&#8221;in_content_menu&#8221; content_menu_title=&#8221;Concerts&#8221; content_menu_icon=&#8221;&#8221; angled_section=&#8221;no&#8221; text_align=&#8221;left&#8221; background_image_as_pattern=&#8221;without_pattern&#8221; el_class=&#8221;seccion&#8221; el_id=&#8221;conciertos&#8221;][vc_column][vc_column_text]<br \/>\n<strong>CONCERTS<\/strong><\/p>\n<p><strong>Find here all AIEnRUTa-Flamencos concerts scheduled for the current call.<\/strong>[\/vc_column_text]<a  itemprop=\"url\" href=\"https:\/\/www.aie.es\/promocion\/conciertos\/?en_ruta=2024-flamencos\" target=\"_self\" data-hover-background-color=#444444 data-hover-color=#ffffff class=\"qbutton  large center default\" style=\"color: #ffffff; font-style: normal; font-weight: 600; background-color: #f8ab12;\">Concerts AIEnRUTa-Flamencos<\/a>[vc_empty_space height=&#8221;30px&#8221;][\/vc_column][\/vc_row][vc_row css_animation=&#8221;&#8221; row_type=&#8221;row&#8221; use_row_as_full_screen_section=&#8221;no&#8221; type=&#8221;full_width&#8221; anchor=&#8221;playlists&#8221; in_content_menu=&#8221;in_content_menu&#8221; content_menu_title=&#8221;Playlists&#8221; content_menu_icon=&#8221;&#8221; angled_section=&#8221;no&#8221; text_align=&#8221;left&#8221; background_image_as_pattern=&#8221;without_pattern&#8221; el_class=&#8221;seccion&#8221;][vc_column][vc_column_text css=&#8221;&#8221;]<strong>PLAYLISTS<\/strong><\/p>\n<p><b>Duendeando (Radio 3)<\/b><\/p>\n<p><span style=\"font-weight: 400;\">The concerts of the selected artists in AIEnRUTa-Flamencos now in the Duendeando program, presented by Teo S\u00e1nchez on Radio 3 of RNE.<\/span><\/p>\n<p><span style=\"font-weight: 400;\">You can listen to the concert by <\/span><a href=\"https:\/\/www.rtve.es\/play\/audios\/duendeando\/flamenco-isla-diego-amador-directo-150723\/6935680\/\"><span style=\"font-weight: 400;\">Diego Amador<\/span><\/a><span style=\"font-weight: 400;\"> recorded at the Complutense University of Madrid on July 15, 2023, or play it directly on your computer, mobile, or other device by clicking <\/span><a href=\"https:\/\/rtve-mediavod-lote3.rtve.es\/resources\/TE_SDUEND\/mp3\/4\/7\/1689446224574.mp3?idasset=6935680\"><span style=\"font-weight: 400;\">here<\/span><\/a><span style=\"font-weight: 400;\">.<\/span><\/p>\n<p><span style=\"font-weight: 400;\">You can listen to the concert by <\/span><a href=\"https:\/\/www.rtve.es\/play\/audios\/duendeando\/bierzo-toque-fernanda-pena-directo-160723\/6935959\/\"><span style=\"font-weight: 400;\">Fernanda Pe\u00f1a<\/span><\/a><span style=\"font-weight: 400;\"> recorded at the Complutense University of Madrid on July 16, 2023, or play it directly on your computer, mobile, or other device by clicking <\/span><a href=\"https:\/\/rtve-mediavod-lote3.rtve.es\/resources\/TE_SDUEND\/mp3\/5\/8\/1689532415385.mp3?idasset=6935959\"><span style=\"font-weight: 400;\">here<\/span><\/a><span style=\"font-weight: 400;\">.<\/span><\/p>\n<p><span style=\"font-weight: 400;\">You can listen to the concert by <\/span><a href=\"https:\/\/www.rtve.es\/play\/audios\/duendeando\/01-01-22\/6267943\/\"><span style=\"font-weight: 400;\">Juanfran Carrasco<\/span><\/a><span style=\"font-weight: 400;\">, accompanied by David de Arahal on guitar, recorded at the L\u00e1zaro Galdiano Foundation on July 13, 2021, or play it directly on your computer, mobile, or other device by clicking <\/span><a href=\"https:\/\/mediavod-lvlt.rtve.es\/resources\/TE_SDUEND\/mp3\/2\/2\/1622396555622.mp3\"><span style=\"font-weight: 400;\">here<\/span><\/a><span style=\"font-weight: 400;\">.<\/span><\/p>\n<p><span style=\"font-weight: 400;\">You can listen to the concert by <\/span><a href=\"https:\/\/www.rtve.es\/alacarta\/audios\/duendeando\/30-05-21\/5922652\/\"><span style=\"font-weight: 400;\">Morenito Hijo<\/span><\/a><span style=\"font-weight: 400;\"> recorded at the Complutense University of Madrid on May 20, 2021, or play it directly on your computer, mobile, or other device by clicking <\/span><a href=\"https:\/\/mediavod-lvlt.rtve.es\/resources\/TE_SDUEND\/mp3\/2\/2\/1622396555622.mp3\"><span style=\"font-weight: 400;\">here<\/span><\/a><span style=\"font-weight: 400;\">.<\/span><\/p>\n<p><span style=\"font-weight: 400;\">You can listen to the concert by <\/span><a href=\"https:\/\/www.rtve.es\/alacarta\/audios\/duendeando\/29-05-21\/5921964\/\"><span style=\"font-weight: 400;\">Mari\u00e1n Fern\u00e1ndez<\/span><\/a><span style=\"font-weight: 400;\"> recorded at the Complutense University of Madrid on February 10, 2021, or play it directly on your computer, mobile, or other device by clicking <\/span><a href=\"https:\/\/mediavod-lvlt.rtve.es\/resources\/TE_SDUEND\/mp3\/6\/2\/1622309108826.mp3\"><span style=\"font-weight: 400;\">here<\/span><\/a><span style=\"font-weight: 400;\">.<\/span><\/p>\n<p><span style=\"font-weight: 400;\">You can listen to the concert by <\/span><a href=\"https:\/\/www.rtve.es\/play\/audios\/duendeando\/duendeando-punto-encuentro-060920\/5657599\/\"><span style=\"font-weight: 400;\">Samuel Serrano<\/span><\/a><span style=\"font-weight: 400;\"> recorded at the Complutense University of Madrid in January 2020, or play it directly on your computer, mobile, or other device by clicking <\/span><a href=\"http:\/\/mvod.lvlt.rtve.es\/resources\/TE_SDUEND\/mp3\/8\/2\/1511719901728.mp3\"><span style=\"font-weight: 400;\">here<\/span><\/a><span style=\"font-weight: 400;\">.<\/span>[\/vc_column_text][\/vc_column][\/vc_row][vc_row css_animation=&#8221;&#8221; row_type=&#8221;row&#8221; use_row_as_full_screen_section=&#8221;no&#8221; type=&#8221;full_width&#8221; anchor=&#8221;selected&#8221; angled_section=&#8221;no&#8221; text_align=&#8221;left&#8221; background_image_as_pattern=&#8221;without_pattern&#8221; el_id=&#8221;selected&#8221;][vc_column][\/vc_column][\/vc_row]<\/p>\n<\/div>","protected":false},"excerpt":{"rendered":"<p>[vc_row row_type=&#8221;content_menu&#8221;][vc_column][\/vc_column][\/vc_row][vc_row css_animation=&#8221;&#8221; row_type=&#8221;row&#8221; use_row_as_full_screen_section=&#8221;no&#8221; type=&#8221;full_width&#8221; anchor=&#8221;programa&#8221; in_content_menu=&#8221;in_content_menu&#8221; content_menu_title=&#8221;About the program&#8221; content_menu_icon=&#8221;&#8221; angled_section=&#8221;no&#8221; text_align=&#8221;left&#8221; background_image_as_pattern=&#8221;without_pattern&#8221; el_class=&#8221;seccion&#8221;][vc_column el_class=&#8221;primera&#8221;][vc_single_image image=&#8221;24088&#8243; img_size=&#8221;full&#8221; alignment=&#8221;center&#8221; qode_css_animation=&#8221;&#8221;][vc_row_inner row_type=&#8221;row&#8221; type=&#8221;full_width&#8221; text_align=&#8221;center&#8221; css_animation=&#8221;&#8221; el_class=&#8221;boton&#8221;][vc_column_inner offset=&#8221;vc_hidden-lg vc_hidden-md vc_hidden-sm&#8221;][vc_column_text]selected artists[\/vc_column_text][\/vc_column_inner][\/vc_row_inner][vc_column_text] ABOUT THE PROGRAM What is it? AIEnRUTa-Flamencos is a program organized by AIE to promote&#8230;<\/p>\n","protected":false},"author":3,"featured_media":0,"parent":24814,"menu_order":4,"comment_status":"closed","ping_status":"closed","template":"aienruta.php","meta":{"_acf_changed":false,"_relevanssi_hide_post":"","_relevanssi_hide_content":"","_relevanssi_pin_for_all":"","_relevanssi_pin_keywords":"","_relevanssi_unpin_keywords":"","_relevanssi_related_keywords":"","_relevanssi_related_include_ids":"","_relevanssi_related_exclude_ids":"","_relevanssi_related_no_append":"","_relevanssi_related_not_related":"","_relevanssi_related_posts":"","_relevanssi_noindex_reason":"","footnotes":""},"acf":[],"yoast_head":"<!-- This site is optimized with the Yoast SEO Premium plugin v21.5 (Yoast SEO v21.9.1) - https:\/\/yoast.com\/wordpress\/plugins\/seo\/ -->\n<title>AIEnRUTa-Flamencos - AIE Sociedad de Artistas Int\u00e9rpretes o Ejecutantes de Espa\u00f1a<\/title>\n<meta name=\"robots\" content=\"index, follow, max-snippet:-1, max-image-preview:large, max-video-preview:-1\" \/>\n<link rel=\"canonical\" href=\"https:\/\/www.aie.es\/en\/promotion\/aienruta-flamencos\/\" \/>\n<meta property=\"og:locale\" content=\"en_US\" \/>\n<meta property=\"og:type\" content=\"article\" \/>\n<meta property=\"og:title\" content=\"AIEnRUTa-Flamencos\" \/>\n<meta property=\"og:description\" content=\"[vc_row row_type=&#8221;content_menu&#8221;][vc_column][\/vc_column][\/vc_row][vc_row css_animation=&#8221;&#8221; row_type=&#8221;row&#8221; use_row_as_full_screen_section=&#8221;no&#8221; type=&#8221;full_width&#8221; anchor=&#8221;programa&#8221; in_content_menu=&#8221;in_content_menu&#8221; content_menu_title=&#8221;About the program&#8221; content_menu_icon=&#8221;&#8221; angled_section=&#8221;no&#8221; text_align=&#8221;left&#8221; background_image_as_pattern=&#8221;without_pattern&#8221; el_class=&#8221;seccion&#8221;][vc_column el_class=&#8221;primera&#8221;][vc_single_image image=&#8221;24088&#8243; img_size=&#8221;full&#8221; alignment=&#8221;center&#8221; qode_css_animation=&#8221;&#8221;][vc_row_inner row_type=&#8221;row&#8221; type=&#8221;full_width&#8221; text_align=&#8221;center&#8221; css_animation=&#8221;&#8221; el_class=&#8221;boton&#8221;][vc_column_inner offset=&#8221;vc_hidden-lg vc_hidden-md vc_hidden-sm&#8221;][vc_column_text]selected artists[\/vc_column_text][\/vc_column_inner][\/vc_row_inner][vc_column_text] ABOUT THE PROGRAM What is it? AIEnRUTa-Flamencos is a program organized by AIE to promote...\" \/>\n<meta property=\"og:url\" content=\"https:\/\/www.aie.es\/en\/promotion\/aienruta-flamencos\/\" \/>\n<meta property=\"og:site_name\" content=\"AIE Sociedad de Artistas Int\u00e9rpretes o Ejecutantes de Espa\u00f1a\" \/>\n<meta property=\"article:modified_time\" content=\"2026-01-26T11:16:25+00:00\" \/>\n<meta name=\"twitter:card\" content=\"summary_large_image\" \/>\n<meta name=\"twitter:label1\" content=\"Est. reading time\" \/>\n\t<meta name=\"twitter:data1\" content=\"4 minutes\" \/>\n<script type=\"application\/ld+json\" class=\"yoast-schema-graph\">{\"@context\":\"https:\/\/schema.org\",\"@graph\":[{\"@type\":\"WebPage\",\"@id\":\"https:\/\/www.aie.es\/en\/promotion\/aienruta-flamencos\/\",\"url\":\"https:\/\/www.aie.es\/en\/promotion\/aienruta-flamencos\/\",\"name\":\"AIEnRUTa-Flamencos - AIE Sociedad de Artistas Int\u00e9rpretes o Ejecutantes de Espa\u00f1a\",\"isPartOf\":{\"@id\":\"https:\/\/www.aie.es\/#website\"},\"datePublished\":\"2016-02-24T01:12:20+00:00\",\"dateModified\":\"2026-01-26T11:16:25+00:00\",\"breadcrumb\":{\"@id\":\"https:\/\/www.aie.es\/en\/promotion\/aienruta-flamencos\/#breadcrumb\"},\"inLanguage\":\"en-US\",\"potentialAction\":[{\"@type\":\"ReadAction\",\"target\":[\"https:\/\/www.aie.es\/en\/promotion\/aienruta-flamencos\/\"]}]},{\"@type\":\"BreadcrumbList\",\"@id\":\"https:\/\/www.aie.es\/en\/promotion\/aienruta-flamencos\/#breadcrumb\",\"itemListElement\":[{\"@type\":\"ListItem\",\"position\":1,\"name\":\"Portada\",\"item\":\"https:\/\/www.aie.es\/en\/\"},{\"@type\":\"ListItem\",\"position\":2,\"name\":\"Promotion\",\"item\":\"https:\/\/www.aie.es\/en\/promotion\/\"},{\"@type\":\"ListItem\",\"position\":3,\"name\":\"AIEnRUTa-Flamencos\"}]},{\"@type\":\"WebSite\",\"@id\":\"https:\/\/www.aie.es\/#website\",\"url\":\"https:\/\/www.aie.es\/\",\"name\":\"AIE Sociedad de Artistas Int\u00e9rpretes o Ejecutantes de Espa\u00f1a\",\"description\":\"Entidad de gesti\u00f3n de derechos de propiedad intelectual\",\"potentialAction\":[{\"@type\":\"SearchAction\",\"target\":{\"@type\":\"EntryPoint\",\"urlTemplate\":\"https:\/\/www.aie.es\/?s={search_term_string}\"},\"query-input\":\"required name=search_term_string\"}],\"inLanguage\":\"en-US\"}]}<\/script>\n<!-- \/ Yoast SEO Premium plugin. -->","yoast_head_json":{"title":"AIEnRUTa-Flamencos - AIE Sociedad de Artistas Int\u00e9rpretes o Ejecutantes de Espa\u00f1a","robots":{"index":"index","follow":"follow","max-snippet":"max-snippet:-1","max-image-preview":"max-image-preview:large","max-video-preview":"max-video-preview:-1"},"canonical":"https:\/\/www.aie.es\/en\/promotion\/aienruta-flamencos\/","og_locale":"en_US","og_type":"article","og_title":"AIEnRUTa-Flamencos","og_description":"[vc_row row_type=&#8221;content_menu&#8221;][vc_column][\/vc_column][\/vc_row][vc_row css_animation=&#8221;&#8221; row_type=&#8221;row&#8221; use_row_as_full_screen_section=&#8221;no&#8221; type=&#8221;full_width&#8221; anchor=&#8221;programa&#8221; in_content_menu=&#8221;in_content_menu&#8221; content_menu_title=&#8221;About the program&#8221; content_menu_icon=&#8221;&#8221; angled_section=&#8221;no&#8221; text_align=&#8221;left&#8221; background_image_as_pattern=&#8221;without_pattern&#8221; el_class=&#8221;seccion&#8221;][vc_column el_class=&#8221;primera&#8221;][vc_single_image image=&#8221;24088&#8243; img_size=&#8221;full&#8221; alignment=&#8221;center&#8221; qode_css_animation=&#8221;&#8221;][vc_row_inner row_type=&#8221;row&#8221; type=&#8221;full_width&#8221; text_align=&#8221;center&#8221; css_animation=&#8221;&#8221; el_class=&#8221;boton&#8221;][vc_column_inner offset=&#8221;vc_hidden-lg vc_hidden-md vc_hidden-sm&#8221;][vc_column_text]selected artists[\/vc_column_text][\/vc_column_inner][\/vc_row_inner][vc_column_text] ABOUT THE PROGRAM What is it? AIEnRUTa-Flamencos is a program organized by AIE to promote...","og_url":"https:\/\/www.aie.es\/en\/promotion\/aienruta-flamencos\/","og_site_name":"AIE Sociedad de Artistas Int\u00e9rpretes o Ejecutantes de Espa\u00f1a","article_modified_time":"2026-01-26T11:16:25+00:00","twitter_card":"summary_large_image","twitter_misc":{"Est. reading time":"4 minutes"},"schema":{"@context":"https:\/\/schema.org","@graph":[{"@type":"WebPage","@id":"https:\/\/www.aie.es\/en\/promotion\/aienruta-flamencos\/","url":"https:\/\/www.aie.es\/en\/promotion\/aienruta-flamencos\/","name":"AIEnRUTa-Flamencos - AIE Sociedad de Artistas Int\u00e9rpretes o Ejecutantes de Espa\u00f1a","isPartOf":{"@id":"https:\/\/www.aie.es\/#website"},"datePublished":"2016-02-24T01:12:20+00:00","dateModified":"2026-01-26T11:16:25+00:00","breadcrumb":{"@id":"https:\/\/www.aie.es\/en\/promotion\/aienruta-flamencos\/#breadcrumb"},"inLanguage":"en-US","potentialAction":[{"@type":"ReadAction","target":["https:\/\/www.aie.es\/en\/promotion\/aienruta-flamencos\/"]}]},{"@type":"BreadcrumbList","@id":"https:\/\/www.aie.es\/en\/promotion\/aienruta-flamencos\/#breadcrumb","itemListElement":[{"@type":"ListItem","position":1,"name":"Portada","item":"https:\/\/www.aie.es\/en\/"},{"@type":"ListItem","position":2,"name":"Promotion","item":"https:\/\/www.aie.es\/en\/promotion\/"},{"@type":"ListItem","position":3,"name":"AIEnRUTa-Flamencos"}]},{"@type":"WebSite","@id":"https:\/\/www.aie.es\/#website","url":"https:\/\/www.aie.es\/","name":"AIE Sociedad de Artistas Int\u00e9rpretes o Ejecutantes de Espa\u00f1a","description":"Entidad de gesti\u00f3n de derechos de propiedad intelectual","potentialAction":[{"@type":"SearchAction","target":{"@type":"EntryPoint","urlTemplate":"https:\/\/www.aie.es\/?s={search_term_string}"},"query-input":"required name=search_term_string"}],"inLanguage":"en-US"}]}},"_links":{"self":[{"href":"https:\/\/www.aie.es\/en\/wp-json\/wp\/v2\/pages\/24799"}],"collection":[{"href":"https:\/\/www.aie.es\/en\/wp-json\/wp\/v2\/pages"}],"about":[{"href":"https:\/\/www.aie.es\/en\/wp-json\/wp\/v2\/types\/page"}],"author":[{"embeddable":true,"href":"https:\/\/www.aie.es\/en\/wp-json\/wp\/v2\/users\/3"}],"replies":[{"embeddable":true,"href":"https:\/\/www.aie.es\/en\/wp-json\/wp\/v2\/comments?post=24799"}],"version-history":[{"count":34,"href":"https:\/\/www.aie.es\/en\/wp-json\/wp\/v2\/pages\/24799\/revisions"}],"predecessor-version":[{"id":58200,"href":"https:\/\/www.aie.es\/en\/wp-json\/wp\/v2\/pages\/24799\/revisions\/58200"}],"up":[{"embeddable":true,"href":"https:\/\/www.aie.es\/en\/wp-json\/wp\/v2\/pages\/24814"}],"wp:attachment":[{"href":"https:\/\/www.aie.es\/en\/wp-json\/wp\/v2\/media?parent=24799"}],"curies":[{"name":"wp","href":"https:\/\/api.w.org\/{rel}","templated":true}]}}