{"id":24801,"date":"2016-02-24T01:12:03","date_gmt":"2016-02-24T01:12:03","guid":{"rendered":"https:\/\/www.aie.es\/aienruta-jazz\/"},"modified":"2026-01-26T12:17:59","modified_gmt":"2026-01-26T11:17:59","slug":"aienruta-jazz","status":"publish","type":"page","link":"https:\/\/www.aie.es\/en\/promotion\/aienruta-jazz\/","title":{"rendered":"AIEnRUTa-Jazz"},"content":{"rendered":"<div class=\"wpb-content-wrapper\"><p>[vc_row row_type=&#8221;content_menu&#8221;][vc_column][\/vc_column][\/vc_row][vc_row css_animation=&#8221;&#8221; row_type=&#8221;row&#8221; use_row_as_full_screen_section=&#8221;no&#8221; type=&#8221;full_width&#8221; anchor=&#8221;programa&#8221; in_content_menu=&#8221;in_content_menu&#8221; content_menu_title=&#8221;About the program&#8221; content_menu_icon=&#8221;&#8221; angled_section=&#8221;no&#8221; text_align=&#8221;left&#8221; background_image_as_pattern=&#8221;without_pattern&#8221; el_class=&#8221;seccion&#8221;][vc_column el_class=&#8221;primera&#8221;][vc_single_image image=&#8221;24087&#8243; img_size=&#8221;full&#8221; alignment=&#8221;center&#8221; qode_css_animation=&#8221;&#8221;][vc_row_inner row_type=&#8221;row&#8221; type=&#8221;full_width&#8221; text_align=&#8221;center&#8221; css_animation=&#8221;&#8221; el_class=&#8221;boton&#8221;][vc_column_inner offset=&#8221;vc_hidden-lg vc_hidden-md vc_hidden-sm&#8221;][vc_column_text]<span data-type=\"normal\"  class=\"qode_icon_shortcode  q_font_awsome_icon fa-3x  q_icon_animation\" style=\" \"><i class=\"qode_icon_font_awesome fa fa-long-arrow-right qode_icon_element\" style=\"color: #f8ab12;\" ><\/i><\/span><a href=\"#selected\">selected artists<\/a><span data-type=\"normal\"  class=\"qode_icon_shortcode  q_font_awsome_icon fa-3x  q_icon_animation\" style=\" \"><i class=\"qode_icon_font_awesome fa fa-long-arrow-left qode_icon_element\" style=\"color: #f8ab12;\" ><\/i><\/span>[\/vc_column_text][\/vc_column_inner][\/vc_row_inner][vc_column_text]<br \/>\n<strong>ABOUT THE PROGRAM<\/strong><\/p>\n<p><strong>What is it?<\/strong><br \/>\nAIEnRUTa-Jazz is a program organized to promote and support Spanish jazz performers within the University environment, to disseminate their proposals and to broaden the reach of jazz music through the programming of jazz performances in new spaces.<\/p>\n<p><strong>How does it work?<\/strong><br \/>\nA jury will select several jazz performers and bands to participate in a series of live performances within the circuit of universities adhered to the program. Submit your application and apply to participate!<\/p>\n<p><strong>When does it take place?<\/strong><br \/>\nAIEnRUTa-Jazz is a yearly program. The selection process of artists and works is carried out in November and performances take place between January and June.[\/vc_column_text][vc_row_inner row_type=&#8221;row&#8221; type=&#8221;full_width&#8221; text_align=&#8221;left&#8221; css_animation=&#8221;&#8221;][vc_column_inner width=&#8221;1\/3&#8243;][\/vc_column_inner][vc_column_inner width=&#8221;1\/3&#8243;][\/vc_column_inner][vc_column_inner width=&#8221;1\/3&#8243;][\/vc_column_inner][\/vc_row_inner][\/vc_column][\/vc_row][vc_row css_animation=&#8221;&#8221; row_type=&#8221;row&#8221; use_row_as_full_screen_section=&#8221;no&#8221; type=&#8221;full_width&#8221; anchor=&#8221;participar&#8221; in_content_menu=&#8221;in_content_menu&#8221; content_menu_title=&#8221;How to participate&#8221; content_menu_icon=&#8221;&#8221; angled_section=&#8221;no&#8221; text_align=&#8221;left&#8221; background_image_as_pattern=&#8221;without_pattern&#8221; el_class=&#8221;seccion&#8221;][vc_column][vc_column_text]<br \/>\n<strong>HOW TO PARTICIPATE<\/strong><br \/>\n[\/vc_column_text][vc_accordion active_tab=&#8221;0&#8243; collapsible=&#8221;yes&#8221; style=&#8221;accordion&#8221;][vc_accordion_tab title=&#8221;How to participate in the selection process&#8221;][vc_column_text]If you are a performer, you are interested in the program and want to participate:<\/p>\n<p><strong>First of all, <a href=\"https:\/\/www.aie.es\/promocion\/aienruta-jazz\/formulario-alta\/\" target=\"_blank\" rel=\"noopener noreferrer\">apply online<\/a>.<\/strong><\/p>\n<p><strong>Then, send the following materials to any <a href=\"https:\/\/www.aie.es\/en\/aie\/contacto\/\" target=\"_blank\" rel=\"noopener noreferrer\">AIE office<\/a>:<\/strong><\/p>\n<ul>\n<li>A CD if your work has been published in a physical format, or a receipt or proof document if it is published in a digital format.<\/li>\n<li>Biographical sketch (musical style).<\/li>\n<li>Contact details (name and surname, address, phone number and e-mail).<\/li>\n<\/ul>\n<p>[\/vc_column_text][\/vc_accordion_tab][vc_accordion_tab title=&#8221;Who selects the artists?&#8221;][vc_column_text]The selection of artists participating in AIEnRUTa-Jazz is carried out by a committee of renowned experts in the field of jazz music from all over Spain.[\/vc_column_text][\/vc_accordion_tab][vc_accordion_tab title=&#8221;Carrying out the selection process&#8221;][vc_column_text]The committee meets in each call for submissions and, after examination, selects 4 candidates among all soloists and groups who have submitted their application.<\/p>\n<p>If you have been selected, AIE will contact you and ask you to provide any additional documents required along with an adequate audio\/video release.[\/vc_column_text][\/vc_accordion_tab][vc_accordion_tab title=&#8221;When does the selection take place?&#8221;][vc_column_text css=&#8221;&#8221;]The committee carries out an annual selection process. The next selection committee will meet in December, 2026. The call for proposals is open until December 1.[\/vc_column_text][\/vc_accordion_tab][\/vc_accordion][\/vc_column][\/vc_row][vc_row css_animation=&#8221;&#8221; row_type=&#8221;row&#8221; use_row_as_full_screen_section=&#8221;no&#8221; type=&#8221;full_width&#8221; anchor=&#8221;conciertos&#8221; in_content_menu=&#8221;in_content_menu&#8221; content_menu_title=&#8221;Concerts&#8221; content_menu_icon=&#8221;&#8221; angled_section=&#8221;no&#8221; text_align=&#8221;left&#8221; background_image_as_pattern=&#8221;without_pattern&#8221; el_class=&#8221;seccion&#8221; el_id=&#8221;Conciertos&#8221;][vc_column][vc_column_text]<br \/>\n<strong>CONCERTS<\/strong><\/p>\n<p><strong>Find here all AIEnRUTa-Jazz concerts scheduled for the current call.<\/strong>[\/vc_column_text]<a  itemprop=\"url\" href=\"https:\/\/www.aie.es\/promocion\/conciertos\/?en_ruta=2024-jazz\" target=\"_self\" data-hover-background-color=#444444 data-hover-color=#ffffff class=\"qbutton  large center default\" style=\"color: #ffffff; font-weight: 700; background-color: #f8ab12;\">Concerts AIEnRUTa-Jazz<\/a>[vc_empty_space height=&#8221;30px&#8221;][\/vc_column][\/vc_row][vc_row css_animation=&#8221;&#8221; row_type=&#8221;row&#8221; use_row_as_full_screen_section=&#8221;no&#8221; type=&#8221;full_width&#8221; anchor=&#8221;colaboradores&#8221; in_content_menu=&#8221;in_content_menu&#8221; content_menu_title=&#8221;Partners&#8221; content_menu_icon=&#8221;&#8221; angled_section=&#8221;no&#8221; text_align=&#8221;left&#8221; background_image_as_pattern=&#8221;without_pattern&#8221; el_class=&#8221;seccion&#8221;][vc_column][vc_column_text]<\/p>\n<h3>Partners<\/h3>\n<p>[\/vc_column_text][vc_column_text]<img decoding=\"async\" class=\"alignnone wp-image-24057 size-thumbnail\" src=\"https:\/\/www.aie.es\/wp-content\/uploads\/\/universidad-complutense-150x150.png\" alt=\"universidad complutense\" width=\"150\" height=\"150\" srcset=\"https:\/\/www.aie.es\/wp-content\/uploads\/universidad-complutense-150x150.png 150w, https:\/\/www.aie.es\/wp-content\/uploads\/universidad-complutense-570x570.png 570w, https:\/\/www.aie.es\/wp-content\/uploads\/universidad-complutense-500x500.png 500w, https:\/\/www.aie.es\/wp-content\/uploads\/universidad-complutense-1000x1000.png 1000w\" sizes=\"(max-width: 150px) 100vw, 150px\" \/>\u00a0 \u00a0 \u00a0 \u00a0 \u00a0\u00a0<img decoding=\"async\" class=\"alignnone size-thumbnail wp-image-24055\" src=\"https:\/\/www.aie.es\/wp-content\/uploads\/\/uni-alcala-150x150.png\" alt=\"uni alcala\" width=\"150\" height=\"150\" srcset=\"https:\/\/www.aie.es\/wp-content\/uploads\/uni-alcala-150x150.png 150w, https:\/\/www.aie.es\/wp-content\/uploads\/uni-alcala.png 180w\" sizes=\"(max-width: 150px) 100vw, 150px\" \/>\u00a0<img decoding=\"async\" class=\"alignnone size-full wp-image-24056\" src=\"https:\/\/www.aie.es\/wp-content\/uploads\/uni-valladolid.gif\" alt=\"uni valladolid\" width=\"228\" height=\"132\" \/>[\/vc_column_text][\/vc_column][\/vc_row][vc_row css_animation=&#8221;&#8221; row_type=&#8221;row&#8221; use_row_as_full_screen_section=&#8221;no&#8221; type=&#8221;full_width&#8221; anchor=&#8221;selected&#8221; angled_section=&#8221;no&#8221; text_align=&#8221;left&#8221; background_image_as_pattern=&#8221;without_pattern&#8221; el_id=&#8221;selected&#8221;][vc_column][\/vc_column][\/vc_row]<\/p>\n<\/div>","protected":false},"excerpt":{"rendered":"<p>[vc_row row_type=&#8221;content_menu&#8221;][vc_column][\/vc_column][\/vc_row][vc_row css_animation=&#8221;&#8221; row_type=&#8221;row&#8221; use_row_as_full_screen_section=&#8221;no&#8221; type=&#8221;full_width&#8221; anchor=&#8221;programa&#8221; in_content_menu=&#8221;in_content_menu&#8221; content_menu_title=&#8221;About the program&#8221; content_menu_icon=&#8221;&#8221; angled_section=&#8221;no&#8221; text_align=&#8221;left&#8221; background_image_as_pattern=&#8221;without_pattern&#8221; el_class=&#8221;seccion&#8221;][vc_column el_class=&#8221;primera&#8221;][vc_single_image image=&#8221;24087&#8243; img_size=&#8221;full&#8221; alignment=&#8221;center&#8221; qode_css_animation=&#8221;&#8221;][vc_row_inner row_type=&#8221;row&#8221; type=&#8221;full_width&#8221; text_align=&#8221;center&#8221; css_animation=&#8221;&#8221; el_class=&#8221;boton&#8221;][vc_column_inner offset=&#8221;vc_hidden-lg vc_hidden-md vc_hidden-sm&#8221;][vc_column_text]selected artists[\/vc_column_text][\/vc_column_inner][\/vc_row_inner][vc_column_text] ABOUT THE PROGRAM What is it? AIEnRUTa-Jazz is a program organized to promote and support&#8230;<\/p>\n","protected":false},"author":3,"featured_media":0,"parent":24814,"menu_order":3,"comment_status":"closed","ping_status":"closed","template":"aienruta.php","meta":{"_acf_changed":false,"_relevanssi_hide_post":"","_relevanssi_hide_content":"","_relevanssi_pin_for_all":"","_relevanssi_pin_keywords":"","_relevanssi_unpin_keywords":"","_relevanssi_related_keywords":"","_relevanssi_related_include_ids":"","_relevanssi_related_exclude_ids":"","_relevanssi_related_no_append":"","_relevanssi_related_not_related":"","_relevanssi_related_posts":"","_relevanssi_noindex_reason":"","footnotes":""},"acf":[],"yoast_head":"<!-- This site is optimized with the Yoast SEO Premium plugin v21.5 (Yoast SEO v21.9.1) - https:\/\/yoast.com\/wordpress\/plugins\/seo\/ -->\n<title>AIEnRUTa-Jazz - AIE Sociedad de Artistas Int\u00e9rpretes o Ejecutantes de Espa\u00f1a<\/title>\n<meta name=\"robots\" content=\"index, follow, max-snippet:-1, max-image-preview:large, max-video-preview:-1\" \/>\n<link rel=\"canonical\" href=\"https:\/\/www.aie.es\/en\/promotion\/aienruta-jazz\/\" \/>\n<meta property=\"og:locale\" content=\"en_US\" \/>\n<meta property=\"og:type\" content=\"article\" \/>\n<meta property=\"og:title\" content=\"AIEnRUTa-Jazz\" \/>\n<meta property=\"og:description\" content=\"[vc_row row_type=&#8221;content_menu&#8221;][vc_column][\/vc_column][\/vc_row][vc_row css_animation=&#8221;&#8221; row_type=&#8221;row&#8221; use_row_as_full_screen_section=&#8221;no&#8221; type=&#8221;full_width&#8221; anchor=&#8221;programa&#8221; in_content_menu=&#8221;in_content_menu&#8221; content_menu_title=&#8221;About the program&#8221; content_menu_icon=&#8221;&#8221; angled_section=&#8221;no&#8221; text_align=&#8221;left&#8221; background_image_as_pattern=&#8221;without_pattern&#8221; el_class=&#8221;seccion&#8221;][vc_column el_class=&#8221;primera&#8221;][vc_single_image image=&#8221;24087&#8243; img_size=&#8221;full&#8221; alignment=&#8221;center&#8221; qode_css_animation=&#8221;&#8221;][vc_row_inner row_type=&#8221;row&#8221; type=&#8221;full_width&#8221; text_align=&#8221;center&#8221; css_animation=&#8221;&#8221; el_class=&#8221;boton&#8221;][vc_column_inner offset=&#8221;vc_hidden-lg vc_hidden-md vc_hidden-sm&#8221;][vc_column_text]selected artists[\/vc_column_text][\/vc_column_inner][\/vc_row_inner][vc_column_text] ABOUT THE PROGRAM What is it? AIEnRUTa-Jazz is a program organized to promote and support...\" \/>\n<meta property=\"og:url\" content=\"https:\/\/www.aie.es\/en\/promotion\/aienruta-jazz\/\" \/>\n<meta property=\"og:site_name\" content=\"AIE Sociedad de Artistas Int\u00e9rpretes o Ejecutantes de Espa\u00f1a\" \/>\n<meta property=\"article:modified_time\" content=\"2026-01-26T11:17:59+00:00\" \/>\n<meta property=\"og:image\" content=\"https:\/\/www.aie.es\/wp-content\/uploads\/\/universidad-complutense-150x150.png\" \/>\n<meta name=\"twitter:card\" content=\"summary_large_image\" \/>\n<meta name=\"twitter:label1\" content=\"Est. reading time\" \/>\n\t<meta name=\"twitter:data1\" content=\"3 minutes\" \/>\n<script type=\"application\/ld+json\" class=\"yoast-schema-graph\">{\"@context\":\"https:\/\/schema.org\",\"@graph\":[{\"@type\":\"WebPage\",\"@id\":\"https:\/\/www.aie.es\/en\/promotion\/aienruta-jazz\/\",\"url\":\"https:\/\/www.aie.es\/en\/promotion\/aienruta-jazz\/\",\"name\":\"AIEnRUTa-Jazz - AIE Sociedad de Artistas Int\u00e9rpretes o Ejecutantes de Espa\u00f1a\",\"isPartOf\":{\"@id\":\"https:\/\/www.aie.es\/#website\"},\"datePublished\":\"2016-02-24T01:12:03+00:00\",\"dateModified\":\"2026-01-26T11:17:59+00:00\",\"breadcrumb\":{\"@id\":\"https:\/\/www.aie.es\/en\/promotion\/aienruta-jazz\/#breadcrumb\"},\"inLanguage\":\"en-US\",\"potentialAction\":[{\"@type\":\"ReadAction\",\"target\":[\"https:\/\/www.aie.es\/en\/promotion\/aienruta-jazz\/\"]}]},{\"@type\":\"BreadcrumbList\",\"@id\":\"https:\/\/www.aie.es\/en\/promotion\/aienruta-jazz\/#breadcrumb\",\"itemListElement\":[{\"@type\":\"ListItem\",\"position\":1,\"name\":\"Portada\",\"item\":\"https:\/\/www.aie.es\/en\/\"},{\"@type\":\"ListItem\",\"position\":2,\"name\":\"Promotion\",\"item\":\"https:\/\/www.aie.es\/en\/promotion\/\"},{\"@type\":\"ListItem\",\"position\":3,\"name\":\"AIEnRUTa-Jazz\"}]},{\"@type\":\"WebSite\",\"@id\":\"https:\/\/www.aie.es\/#website\",\"url\":\"https:\/\/www.aie.es\/\",\"name\":\"AIE Sociedad de Artistas Int\u00e9rpretes o Ejecutantes de Espa\u00f1a\",\"description\":\"Entidad de gesti\u00f3n de derechos de propiedad intelectual\",\"potentialAction\":[{\"@type\":\"SearchAction\",\"target\":{\"@type\":\"EntryPoint\",\"urlTemplate\":\"https:\/\/www.aie.es\/?s={search_term_string}\"},\"query-input\":\"required name=search_term_string\"}],\"inLanguage\":\"en-US\"}]}<\/script>\n<!-- \/ Yoast SEO Premium plugin. -->","yoast_head_json":{"title":"AIEnRUTa-Jazz - AIE Sociedad de Artistas Int\u00e9rpretes o Ejecutantes de Espa\u00f1a","robots":{"index":"index","follow":"follow","max-snippet":"max-snippet:-1","max-image-preview":"max-image-preview:large","max-video-preview":"max-video-preview:-1"},"canonical":"https:\/\/www.aie.es\/en\/promotion\/aienruta-jazz\/","og_locale":"en_US","og_type":"article","og_title":"AIEnRUTa-Jazz","og_description":"[vc_row row_type=&#8221;content_menu&#8221;][vc_column][\/vc_column][\/vc_row][vc_row css_animation=&#8221;&#8221; row_type=&#8221;row&#8221; use_row_as_full_screen_section=&#8221;no&#8221; type=&#8221;full_width&#8221; anchor=&#8221;programa&#8221; in_content_menu=&#8221;in_content_menu&#8221; content_menu_title=&#8221;About the program&#8221; content_menu_icon=&#8221;&#8221; angled_section=&#8221;no&#8221; text_align=&#8221;left&#8221; background_image_as_pattern=&#8221;without_pattern&#8221; el_class=&#8221;seccion&#8221;][vc_column el_class=&#8221;primera&#8221;][vc_single_image image=&#8221;24087&#8243; img_size=&#8221;full&#8221; alignment=&#8221;center&#8221; qode_css_animation=&#8221;&#8221;][vc_row_inner row_type=&#8221;row&#8221; type=&#8221;full_width&#8221; text_align=&#8221;center&#8221; css_animation=&#8221;&#8221; el_class=&#8221;boton&#8221;][vc_column_inner offset=&#8221;vc_hidden-lg vc_hidden-md vc_hidden-sm&#8221;][vc_column_text]selected artists[\/vc_column_text][\/vc_column_inner][\/vc_row_inner][vc_column_text] ABOUT THE PROGRAM What is it? AIEnRUTa-Jazz is a program organized to promote and support...","og_url":"https:\/\/www.aie.es\/en\/promotion\/aienruta-jazz\/","og_site_name":"AIE Sociedad de Artistas Int\u00e9rpretes o Ejecutantes de Espa\u00f1a","article_modified_time":"2026-01-26T11:17:59+00:00","og_image":[{"url":"https:\/\/www.aie.es\/wp-content\/uploads\/\/universidad-complutense-150x150.png"}],"twitter_card":"summary_large_image","twitter_misc":{"Est. reading time":"3 minutes"},"schema":{"@context":"https:\/\/schema.org","@graph":[{"@type":"WebPage","@id":"https:\/\/www.aie.es\/en\/promotion\/aienruta-jazz\/","url":"https:\/\/www.aie.es\/en\/promotion\/aienruta-jazz\/","name":"AIEnRUTa-Jazz - AIE Sociedad de Artistas Int\u00e9rpretes o Ejecutantes de Espa\u00f1a","isPartOf":{"@id":"https:\/\/www.aie.es\/#website"},"datePublished":"2016-02-24T01:12:03+00:00","dateModified":"2026-01-26T11:17:59+00:00","breadcrumb":{"@id":"https:\/\/www.aie.es\/en\/promotion\/aienruta-jazz\/#breadcrumb"},"inLanguage":"en-US","potentialAction":[{"@type":"ReadAction","target":["https:\/\/www.aie.es\/en\/promotion\/aienruta-jazz\/"]}]},{"@type":"BreadcrumbList","@id":"https:\/\/www.aie.es\/en\/promotion\/aienruta-jazz\/#breadcrumb","itemListElement":[{"@type":"ListItem","position":1,"name":"Portada","item":"https:\/\/www.aie.es\/en\/"},{"@type":"ListItem","position":2,"name":"Promotion","item":"https:\/\/www.aie.es\/en\/promotion\/"},{"@type":"ListItem","position":3,"name":"AIEnRUTa-Jazz"}]},{"@type":"WebSite","@id":"https:\/\/www.aie.es\/#website","url":"https:\/\/www.aie.es\/","name":"AIE Sociedad de Artistas Int\u00e9rpretes o Ejecutantes de Espa\u00f1a","description":"Entidad de gesti\u00f3n de derechos de propiedad intelectual","potentialAction":[{"@type":"SearchAction","target":{"@type":"EntryPoint","urlTemplate":"https:\/\/www.aie.es\/?s={search_term_string}"},"query-input":"required name=search_term_string"}],"inLanguage":"en-US"}]}},"_links":{"self":[{"href":"https:\/\/www.aie.es\/en\/wp-json\/wp\/v2\/pages\/24801"}],"collection":[{"href":"https:\/\/www.aie.es\/en\/wp-json\/wp\/v2\/pages"}],"about":[{"href":"https:\/\/www.aie.es\/en\/wp-json\/wp\/v2\/types\/page"}],"author":[{"embeddable":true,"href":"https:\/\/www.aie.es\/en\/wp-json\/wp\/v2\/users\/3"}],"replies":[{"embeddable":true,"href":"https:\/\/www.aie.es\/en\/wp-json\/wp\/v2\/comments?post=24801"}],"version-history":[{"count":31,"href":"https:\/\/www.aie.es\/en\/wp-json\/wp\/v2\/pages\/24801\/revisions"}],"predecessor-version":[{"id":58202,"href":"https:\/\/www.aie.es\/en\/wp-json\/wp\/v2\/pages\/24801\/revisions\/58202"}],"up":[{"embeddable":true,"href":"https:\/\/www.aie.es\/en\/wp-json\/wp\/v2\/pages\/24814"}],"wp:attachment":[{"href":"https:\/\/www.aie.es\/en\/wp-json\/wp\/v2\/media?parent=24801"}],"curies":[{"name":"wp","href":"https:\/\/api.w.org\/{rel}","templated":true}]}}