{"id":24802,"date":"2016-02-24T01:11:31","date_gmt":"2016-02-24T01:11:31","guid":{"rendered":"https:\/\/www.aie.es\/aienruta-artistas\/"},"modified":"2026-05-14T12:36:35","modified_gmt":"2026-05-14T11:36:35","slug":"aienruta-artistas","status":"publish","type":"page","link":"https:\/\/www.aie.es\/en\/promotion\/aienruta-artistas\/","title":{"rendered":"AIEnRUTa-Artists"},"content":{"rendered":"<div class=\"wpb-content-wrapper\"><p>[vc_row row_type=&#8221;content_menu&#8221;][vc_column][\/vc_column][\/vc_row][vc_row css_animation=&#8221;&#8221; row_type=&#8221;row&#8221; use_row_as_full_screen_section=&#8221;no&#8221; type=&#8221;full_width&#8221; anchor=&#8221;programa&#8221; in_content_menu=&#8221;in_content_menu&#8221; content_menu_title=&#8221;About the program&#8221; content_menu_icon=&#8221;&#8221; angled_section=&#8221;no&#8221; text_align=&#8221;left&#8221; background_image_as_pattern=&#8221;without_pattern&#8221; el_class=&#8221;seccion&#8221;][vc_column offset=&#8221;vc_col-lg-12 vc_col-md-12 vc_col-xs-12&#8243; el_class=&#8221;primera&#8221;][vc_single_image image=&#8221;24084&#8243; img_size=&#8221;full&#8221; alignment=&#8221;center&#8221; qode_css_animation=&#8221;&#8221;][vc_row_inner row_type=&#8221;row&#8221; use_as_box=&#8221;use_row_as_box&#8221; type=&#8221;full_width&#8221; text_align=&#8221;center&#8221; css_animation=&#8221;&#8221; el_class=&#8221;boton&#8221;][vc_column_inner offset=&#8221;vc_hidden-lg vc_hidden-md vc_hidden-sm&#8221;][vc_column_text]<span data-type=\"normal\"  class=\"qode_icon_shortcode  q_font_awsome_icon fa-3x  q_icon_animation\" style=\" \"><i class=\"qode_icon_font_awesome fa fa-long-arrow-right qode_icon_element\" style=\"color: #f8ab12;\" ><\/i><\/span><a href=\"#selected\">selected artists<\/a><span data-type=\"normal\"  class=\"qode_icon_shortcode  q_font_awsome_icon fa-3x  q_icon_animation\" style=\" \"><i class=\"qode_icon_font_awesome fa fa-long-arrow-left qode_icon_element\" style=\"color: #f8ab12;\" ><\/i><\/span><\/p>\n<p>[\/vc_column_text][\/vc_column_inner][\/vc_row_inner][vc_column_text]<\/p>\n<h3><\/h3>\n<p><strong>ABOUT THE PROGRAM<\/strong><\/p>\n<p><strong>What is it?<\/strong><br \/>\nAIEnRUTa-Artists is a program organized by AIE to promote live music and bring new talents closer to the audience through an arranged tour of concerts in different live music venues throughout the country.<\/p>\n<p><strong>How does it work?<\/strong><br \/>\nA jury will select several artist candidates from different backgrounds and representing different music genres to participate in a series of live concerts in music venues across the Spanish geography for a period of three months. Apply to participate!<\/p>\n<p><strong>When does it take place?<\/strong><br \/>\nAIEnRUTa-Artists call is open all year round! The selection process of artists and performances takes place in two different periods of the year: January-June and September-December.[\/vc_column_text][vc_row_inner row_type=&#8221;row&#8221; type=&#8221;full_width&#8221; text_align=&#8221;left&#8221; css_animation=&#8221;&#8221;][vc_column_inner width=&#8221;1\/3&#8243;][\/vc_column_inner][vc_column_inner width=&#8221;1\/3&#8243;][\/vc_column_inner][vc_column_inner width=&#8221;1\/3&#8243;][\/vc_column_inner][\/vc_row_inner][\/vc_column][\/vc_row][vc_row css_animation=&#8221;&#8221; row_type=&#8221;row&#8221; use_row_as_full_screen_section=&#8221;no&#8221; type=&#8221;full_width&#8221; anchor=&#8221;participar&#8221; in_content_menu=&#8221;in_content_menu&#8221; content_menu_title=&#8221;How to participate&#8221; content_menu_icon=&#8221;&#8221; angled_section=&#8221;no&#8221; text_align=&#8221;left&#8221; background_image_as_pattern=&#8221;without_pattern&#8221; el_class=&#8221;seccion&#8221;][vc_column offset=&#8221;vc_col-lg-12 vc_col-md-12 vc_col-xs-12&#8243;][vc_column_text]<\/p>\n<h3>How to participate<\/h3>\n<p>[\/vc_column_text][vc_accordion active_tab=&#8221;0&#8243; collapsible=&#8221;yes&#8221; style=&#8221;accordion&#8221;][vc_accordion_tab title=&#8221;How to participate in the selection process&#8221;][vc_column_text css=&#8221;&#8221;]<span style=\"font-weight: 400;\">If you are an artist interested in the program and wish to participate:<\/span><\/p>\n<p><a href=\"https:\/\/www.aie.es\/promocion\/aienruta-artistas\/formulario-alta\"><span style=\"font-weight: 400;\">Sign up online<\/span><\/a><span style=\"font-weight: 400;\">.<\/span>[\/vc_column_text][\/vc_accordion_tab][vc_accordion_tab title=&#8221;Who selects the artists?&#8221;][vc_column_text css=&#8221;&#8221;]<span style=\"font-weight: 400;\">The selection of artists participating in AIEnRUTa-Artists is carried out by a committee of experts consisting of:<\/span><\/p>\n<ul>\n<li style=\"font-weight: 400;\" aria-level=\"2\"><span style=\"font-weight: 400;\">Partner Entities: one representative of the Government of Madrid, one representative of the Regional Government of Catalonia and one representative of the Etxepare Basque Institute-Basque Government.<\/span><\/li>\n<li style=\"font-weight: 400;\" aria-level=\"2\"><span style=\"font-weight: 400;\">Media representatives: one representative of Radio 3, one representative of Enderrock, one representative of Mondosonoro, one representative of Escenarios, one representative of EFEEME, one representative of BIFM, one representative of NUEBO and several music experts.<\/span><\/li>\n<li style=\"font-weight: 400;\" aria-level=\"2\"><span style=\"font-weight: 400;\">Representatives of the Live Music Venues Association: one representative of ACCES (Live Music Venues State Association), ASSAC (Live Music Venues Association of Catalonia), Arag\u00f3n en Vivo (music venues association of Arag\u00f3n), Kultura LIVE (music venues association of Euskadi),Madrid en Vivo (music venues association of Madrid), Clubtura (live music venues association of Galicia), En Viu! (live music venues association of Valencia), live music venues association of Murcia and CyL en Vivo (music venues association of Castilla y Le\u00f3n).<\/span><\/li>\n<\/ul>\n<p><span style=\"font-weight: 400;\">The committee of experts selects artists and bands from different geographical and musical backgrounds for each touring period.<\/span>[\/vc_column_text][\/vc_accordion_tab][vc_accordion_tab title=&#8221;Carrying out the selection process&#8221;][vc_column_text]The selection is carried out in accordance with an agreed division of music styles, and performers are classified into the following genres:<\/p>\n<ul>\n<li style=\"list-style-type: none;\">\n<ul>\n<li style=\"list-style-type: none;\">\n<ul>\n<li>Pop,<\/li>\n<li>Rock,<\/li>\n<li>Flamenco,<\/li>\n<li>Songwriter,<\/li>\n<li>Folk,<\/li>\n<li>Jazz and<\/li>\n<li>New musics.<\/li>\n<\/ul>\n<\/li>\n<\/ul>\n<\/li>\n<\/ul>\n<p>This classification allows us to plan your performances according to the usual schedules of live music venues participating in AIEnRUTa-Artists.<br \/>\n[\/vc_column_text][\/vc_accordion_tab][vc_accordion_tab title=&#8221;When does the selection take place?&#8221;][vc_column_text css=&#8221;&#8221;]<span style=\"font-weight: 400;\">A committee of experts meets twice a year to evaluate project proposals which will be selected to participate in the two annual cycles.<\/span><\/p>\n<p><span style=\"font-weight: 400;\">Artists and bands participating in the cycle between January and June will be selected in October of the previous year, and those participating in the cycle between September and December will be selected in March.<\/span><\/p>\n<p><span style=\"font-weight: 400;\">The selection committee for the 2nd cycle of 2026 will meet on March 18, 2026. The call for proposals is open until March 8, 2026.<\/span><\/p>\n<p><span style=\"font-weight: 400;\">The selection committee for the 1st cycle of 2027 will meet on September 10, 2026. The call for proposals is open until August 28, 2026.<\/span>[\/vc_column_text][\/vc_accordion_tab][\/vc_accordion][\/vc_column][\/vc_row][vc_row css_animation=&#8221;&#8221; row_type=&#8221;row&#8221; use_row_as_full_screen_section=&#8221;no&#8221; type=&#8221;full_width&#8221; anchor=&#8221;conciertos&#8221; in_content_menu=&#8221;in_content_menu&#8221; content_menu_title=&#8221;Concerts&#8221; content_menu_icon=&#8221;&#8221; angled_section=&#8221;no&#8221; text_align=&#8221;left&#8221; background_image_as_pattern=&#8221;without_pattern&#8221; el_class=&#8221;seccion&#8221;][vc_column offset=&#8221;vc_col-lg-12 vc_col-md-12 vc_col-xs-12&#8243;][vc_column_text]<br \/>\n<strong>CONCERTS<\/strong><\/p>\n<p><strong>Find here all AIEnRUTa concerts scheduled for the current call.<\/strong>[\/vc_column_text]<a  itemprop=\"url\" href=\"https:\/\/www.aie.es\/en\/promocion\/conciertos\/?en_ruta=2026-january-june\" target=\"_self\" data-hover-background-color=#444444 data-hover-color=#ffffff class=\"qbutton  large center default\" style=\"color: #ffffff; font-style: normal; font-weight: 600; background-color: #f8ab12;\">Concerts AIEnRUTa-Artistas<\/a>[vc_empty_space height=&#8221;30px&#8221;][\/vc_column][\/vc_row][vc_row css_animation=&#8221;&#8221; row_type=&#8221;row&#8221; use_row_as_full_screen_section=&#8221;no&#8221; type=&#8221;full_width&#8221; anchor=&#8221;colaboradores&#8221; in_content_menu=&#8221;in_content_menu&#8221; content_menu_title=&#8221;Partners&#8221; content_menu_icon=&#8221;&#8221; angled_section=&#8221;no&#8221; text_align=&#8221;left&#8221; background_image_as_pattern=&#8221;without_pattern&#8221; el_class=&#8221;seccion&#8221;][vc_column offset=&#8221;vc_col-lg-12 vc_col-md-12 vc_col-xs-12&#8243;][vc_column_text css=&#8221;&#8221;]<strong>PARTNERS<\/strong><\/p>\n<p>WITH THE SPECIAL COLLABORATION OF:<\/p>\n<p><img decoding=\"async\" style=\"margin: 5px;\" src=\"https:\/\/www.aie.es\/wp-content\/uploads\/logo-Radio3-1.jpg\" alt=\"\" width=\"100\" height=\"100\" \/><\/p>\n<p>COLLABORATION OF THE FOLLOWING ENTITIES THROUGH FINANCIAL SUPPORT FOR THE PROGRAM:<\/p>\n<p><img decoding=\"async\" style=\"margin: 5px;\" src=\"https:\/\/www.aie.es\/wp-content\/uploads\/INAEM.png\" alt=\"\" width=\"339\" height=\"60\" \/>\u00a0 \u00a0\u00a0 \u00a0<img decoding=\"async\" style=\"margin: 5px;\" src=\"https:\/\/www.aie.es\/wp-content\/uploads\/COMMAD.png\" alt=\"\" width=\"45\" height=\"60\" \/> \u00a0\u00a0<img decoding=\"async\" style=\"margin: 5px;\" src=\"https:\/\/www.aie.es\/wp-content\/uploads\/CAT.png\" alt=\"\" width=\"272\" height=\"60\" \/><img decoding=\"async\" style=\"margin: 5px;\" src=\"https:\/\/www.aie.es\/wp-content\/uploads\/EUSKAL.png\" alt=\"\" width=\"163\" height=\"60\" \/><img decoding=\"async\" src=\"https:\/\/www.aie.es\/wp-content\/uploads\/XUNTA.png\" alt=\"\" width=\"208\" height=\"60\" \/>[\/vc_column_text][\/vc_column][\/vc_row][vc_row css_animation=&#8221;&#8221; row_type=&#8221;row&#8221; use_row_as_full_screen_section=&#8221;no&#8221; type=&#8221;full_width&#8221; anchor=&#8221;playlists&#8221; in_content_menu=&#8221;in_content_menu&#8221; content_menu_title=&#8221;Playlists&#8221; content_menu_icon=&#8221;&#8221; angled_section=&#8221;no&#8221; text_align=&#8221;left&#8221; background_image_as_pattern=&#8221;without_pattern&#8221; el_class=&#8221;seccion&#8221;][vc_column offset=&#8221;vc_col-lg-12 vc_col-md-12 vc_col-xs-12&#8243;][vc_column_text css=&#8221;&#8221;]<strong>PLAYLISTS<\/strong><\/p>\n<h3><b>Radio 3 Specials \/ May 30<\/b><\/h3>\n<p><span style=\"font-weight: 400;\">This program was recorded at LIPA and presented by Jose Manuel Sebasti\u00e1n and Alex Gara. It features an intervention by Carlos Pastor, an interview with Depedro, and several acoustic performances by students from the John Lennon Theatre.<\/span><\/p>\n<p><span style=\"font-weight: 400;\">You can listen to it <\/span><a href=\"https:\/\/www.rtve.es\/play\/audios\/especiales-radio-3\/\"><span style=\"font-weight: 400;\">here<\/span><\/a><span style=\"font-weight: 400;\">.<\/span><\/p>\n<p><b>Hoy Empieza Todo (Radio 3)<\/b><\/p>\n<p><span style=\"font-weight: 400;\">Every month, Carlos Igual presents the songs of AIEnRUTa selected performers in the radio show \u2018Hoy empieza todo\u2019 in Radio 3.<\/span><\/p>\n<p><span style=\"font-weight: 400;\">Listen to the last broadcast <\/span><a href=\"https:\/\/www.rtve.es\/play\/audios\/hoy-empieza-todo\/hoy-empieza-todo-aienruta-marte-lasarte-amor-liquido-marta-knight\/17064876\/\" target=\"_blank\" rel=\"noopener\"><span style=\"font-weight: 400;\">here<\/span><\/a><span style=\"font-weight: 400;\">.<\/span><\/p>\n<p><b>Playlist Patillas DJ (Radio 3)<\/b><\/p>\n<p><span style=\"font-weight: 400;\">On Saturdays, from 8:00 to 9:00, Carlos Igual will give you more information about AIEnRUTa-Artists on Radio 3 in the DJ Patillas program.<\/span><\/p>\n<p><span style=\"font-weight: 400;\">Listen to the last broadcast <\/span><a href=\"https:\/\/www.rtve.es\/play\/audios\/patillismo-ilustrado\/patillismo-ilustrado-pat-capocci-peton-malinches\/17039299\/\" target=\"_blank\" rel=\"noopener\"><span style=\"font-weight: 400;\">here<\/span><\/a><span style=\"font-weight: 400;\">.<\/span><\/p>\n<p><b>Que Parezca un Accidente (Radio 3)<\/b><\/p>\n<p><span style=\"font-weight: 400;\">Carlos Igual participates once a month in the program Que Parezca un Accidente, hosted by Jos\u00e9 Manuel Sebasti\u00e1n on Radio 3, where he discusses the artists and concerts featured in the AIEnRUTa-Artistas cycle.<\/span><\/p>\n<p><span style=\"font-weight: 400;\">You can listen to the latest episode <\/span><a href=\"https:\/\/www.rtve.es\/play\/audios\/que-parezca-un-accidente\/260625-ptr\/16642327\/\" target=\"_blank\" rel=\"noopener\"><span style=\"font-weight: 400;\">here<\/span><\/a><span style=\"font-weight: 400;\">.<\/span><\/p>\n<p><strong>El resto es ruido (Radio 3)<\/strong><\/p>\n<p>Carlos Igual participates once a month in the program El resto es ruido, hosted by Jos\u00e9 Manuel Sebasti\u00e1n, on Radio 3, where he talks discusses the artists and concerts included in the AIEnRUTa-Artistas cycle.<\/p>\n<p>You can listen to the latest episode <a href=\"https:\/\/www.rtve.es\/play\/audios\/el-resto-es-ruido\/sunn-estruendo-naturaleza-resto-ruido-16-04-2026\/17027829\/\" target=\"_blank\" rel=\"noopener\">here<\/a>.<\/p>\n<p><b>Entre Dos Luces (RNE)<\/b><\/p>\n<p><span style=\"font-weight: 400;\">The songs of the artists selected by AIEnRUTa-Artistas are also featured on the program Entre Dos Luces on RNE.<\/span><\/p>\n<p><span style=\"font-weight: 400;\">You can listen to the latest episode <\/span><a href=\"https:\/\/www.rtve.es\/play\/audios\/entre-dos-luces\/artistas-ruta-2024-11-01-24\/7053058\/?fbclid=IwAR0hngBlAtJFYterQG6f4mpPCOpvskFHkMwEEgeKDwq27iIpXhX-Peo2dGo\"><span style=\"font-weight: 400;\">here<\/span><\/a><span style=\"font-weight: 400;\">.<\/span>[\/vc_column_text][\/vc_column][\/vc_row][vc_row css_animation=&#8221;&#8221; row_type=&#8221;row&#8221; use_row_as_full_screen_section=&#8221;no&#8221; type=&#8221;full_width&#8221; anchor=&#8221;selected&#8221; angled_section=&#8221;no&#8221; text_align=&#8221;left&#8221; background_image_as_pattern=&#8221;without_pattern&#8221; el_id=&#8221;selected&#8221;][vc_column][\/vc_column][\/vc_row]<\/p>\n<\/div>","protected":false},"excerpt":{"rendered":"<p>[vc_row row_type=&#8221;content_menu&#8221;][vc_column][\/vc_column][\/vc_row][vc_row css_animation=&#8221;&#8221; row_type=&#8221;row&#8221; use_row_as_full_screen_section=&#8221;no&#8221; type=&#8221;full_width&#8221; anchor=&#8221;programa&#8221; in_content_menu=&#8221;in_content_menu&#8221; content_menu_title=&#8221;About the program&#8221; content_menu_icon=&#8221;&#8221; angled_section=&#8221;no&#8221; text_align=&#8221;left&#8221; background_image_as_pattern=&#8221;without_pattern&#8221; el_class=&#8221;seccion&#8221;][vc_column offset=&#8221;vc_col-lg-12 vc_col-md-12 vc_col-xs-12&#8243; el_class=&#8221;primera&#8221;][vc_single_image image=&#8221;24084&#8243; img_size=&#8221;full&#8221; alignment=&#8221;center&#8221; qode_css_animation=&#8221;&#8221;][vc_row_inner row_type=&#8221;row&#8221; use_as_box=&#8221;use_row_as_box&#8221; type=&#8221;full_width&#8221; text_align=&#8221;center&#8221; css_animation=&#8221;&#8221; el_class=&#8221;boton&#8221;][vc_column_inner offset=&#8221;vc_hidden-lg vc_hidden-md vc_hidden-sm&#8221;][vc_column_text]selected artists [\/vc_column_text][\/vc_column_inner][\/vc_row_inner][vc_column_text] ABOUT THE PROGRAM What is it? AIEnRUTa-Artists is a program&#8230;<\/p>\n","protected":false},"author":3,"featured_media":0,"parent":24814,"menu_order":1,"comment_status":"closed","ping_status":"closed","template":"aienruta.php","meta":{"_acf_changed":false,"_relevanssi_hide_post":"","_relevanssi_hide_content":"","_relevanssi_pin_for_all":"","_relevanssi_pin_keywords":"","_relevanssi_unpin_keywords":"","_relevanssi_related_keywords":"","_relevanssi_related_include_ids":"","_relevanssi_related_exclude_ids":"","_relevanssi_related_no_append":"","_relevanssi_related_not_related":"","_relevanssi_related_posts":"","_relevanssi_noindex_reason":"","footnotes":""},"acf":[],"yoast_head":"<!-- This site is optimized with the Yoast SEO Premium plugin v21.5 (Yoast SEO v21.9.1) - https:\/\/yoast.com\/wordpress\/plugins\/seo\/ -->\n<title>AIEnRUTa-Artists - AIE Sociedad de Artistas Int\u00e9rpretes o Ejecutantes de Espa\u00f1a<\/title>\n<meta name=\"description\" content=\"AIE en Ruta: Descubre artistas emergentes y conciertos en toda Espa\u00f1a apoyados por AIE. \u00a1Vive la m\u00fasica en vivo!\" \/>\n<meta name=\"robots\" content=\"index, follow, max-snippet:-1, max-image-preview:large, max-video-preview:-1\" \/>\n<link rel=\"canonical\" href=\"https:\/\/www.aie.es\/en\/promotion\/aienruta-artistas\/\" \/>\n<meta property=\"og:locale\" content=\"en_US\" \/>\n<meta property=\"og:type\" content=\"article\" \/>\n<meta property=\"og:title\" content=\"AIEnRUTa-Artists\" \/>\n<meta property=\"og:description\" content=\"AIE en Ruta: Descubre artistas emergentes y conciertos en toda Espa\u00f1a apoyados por AIE. \u00a1Vive la m\u00fasica en vivo!\" \/>\n<meta property=\"og:url\" content=\"https:\/\/www.aie.es\/en\/promotion\/aienruta-artistas\/\" \/>\n<meta property=\"og:site_name\" content=\"AIE Sociedad de Artistas Int\u00e9rpretes o Ejecutantes de Espa\u00f1a\" \/>\n<meta property=\"article:modified_time\" content=\"2026-05-14T11:36:35+00:00\" \/>\n<meta property=\"og:image\" content=\"https:\/\/www.aie.es\/wp-content\/uploads\/logo-Radio3-1.jpg\" \/>\n<meta name=\"twitter:card\" content=\"summary_large_image\" \/>\n<meta name=\"twitter:label1\" content=\"Est. reading time\" \/>\n\t<meta name=\"twitter:data1\" content=\"6 minutes\" \/>\n<script type=\"application\/ld+json\" class=\"yoast-schema-graph\">{\"@context\":\"https:\/\/schema.org\",\"@graph\":[{\"@type\":\"WebPage\",\"@id\":\"https:\/\/www.aie.es\/en\/promotion\/aienruta-artistas\/\",\"url\":\"https:\/\/www.aie.es\/en\/promotion\/aienruta-artistas\/\",\"name\":\"AIEnRUTa-Artists - AIE Sociedad de Artistas Int\u00e9rpretes o Ejecutantes de Espa\u00f1a\",\"isPartOf\":{\"@id\":\"https:\/\/www.aie.es\/#website\"},\"datePublished\":\"2016-02-24T01:11:31+00:00\",\"dateModified\":\"2026-05-14T11:36:35+00:00\",\"description\":\"AIE en Ruta: Descubre artistas emergentes y conciertos en toda Espa\u00f1a apoyados por AIE. \u00a1Vive la m\u00fasica en vivo!\",\"breadcrumb\":{\"@id\":\"https:\/\/www.aie.es\/en\/promotion\/aienruta-artistas\/#breadcrumb\"},\"inLanguage\":\"en-US\",\"potentialAction\":[{\"@type\":\"ReadAction\",\"target\":[\"https:\/\/www.aie.es\/en\/promotion\/aienruta-artistas\/\"]}]},{\"@type\":\"BreadcrumbList\",\"@id\":\"https:\/\/www.aie.es\/en\/promotion\/aienruta-artistas\/#breadcrumb\",\"itemListElement\":[{\"@type\":\"ListItem\",\"position\":1,\"name\":\"Portada\",\"item\":\"https:\/\/www.aie.es\/en\/\"},{\"@type\":\"ListItem\",\"position\":2,\"name\":\"Promotion\",\"item\":\"https:\/\/www.aie.es\/en\/promotion\/\"},{\"@type\":\"ListItem\",\"position\":3,\"name\":\"AIEnRUTa-Artists\"}]},{\"@type\":\"WebSite\",\"@id\":\"https:\/\/www.aie.es\/#website\",\"url\":\"https:\/\/www.aie.es\/\",\"name\":\"AIE Sociedad de Artistas Int\u00e9rpretes o Ejecutantes de Espa\u00f1a\",\"description\":\"Entidad de gesti\u00f3n de derechos de propiedad intelectual\",\"potentialAction\":[{\"@type\":\"SearchAction\",\"target\":{\"@type\":\"EntryPoint\",\"urlTemplate\":\"https:\/\/www.aie.es\/?s={search_term_string}\"},\"query-input\":\"required name=search_term_string\"}],\"inLanguage\":\"en-US\"}]}<\/script>\n<!-- \/ Yoast SEO Premium plugin. -->","yoast_head_json":{"title":"AIEnRUTa-Artists - AIE Sociedad de Artistas Int\u00e9rpretes o Ejecutantes de Espa\u00f1a","description":"AIE en Ruta: Descubre artistas emergentes y conciertos en toda Espa\u00f1a apoyados por AIE. \u00a1Vive la m\u00fasica en vivo!","robots":{"index":"index","follow":"follow","max-snippet":"max-snippet:-1","max-image-preview":"max-image-preview:large","max-video-preview":"max-video-preview:-1"},"canonical":"https:\/\/www.aie.es\/en\/promotion\/aienruta-artistas\/","og_locale":"en_US","og_type":"article","og_title":"AIEnRUTa-Artists","og_description":"AIE en Ruta: Descubre artistas emergentes y conciertos en toda Espa\u00f1a apoyados por AIE. \u00a1Vive la m\u00fasica en vivo!","og_url":"https:\/\/www.aie.es\/en\/promotion\/aienruta-artistas\/","og_site_name":"AIE Sociedad de Artistas Int\u00e9rpretes o Ejecutantes de Espa\u00f1a","article_modified_time":"2026-05-14T11:36:35+00:00","og_image":[{"url":"https:\/\/www.aie.es\/wp-content\/uploads\/logo-Radio3-1.jpg"}],"twitter_card":"summary_large_image","twitter_misc":{"Est. reading time":"6 minutes"},"schema":{"@context":"https:\/\/schema.org","@graph":[{"@type":"WebPage","@id":"https:\/\/www.aie.es\/en\/promotion\/aienruta-artistas\/","url":"https:\/\/www.aie.es\/en\/promotion\/aienruta-artistas\/","name":"AIEnRUTa-Artists - AIE Sociedad de Artistas Int\u00e9rpretes o Ejecutantes de Espa\u00f1a","isPartOf":{"@id":"https:\/\/www.aie.es\/#website"},"datePublished":"2016-02-24T01:11:31+00:00","dateModified":"2026-05-14T11:36:35+00:00","description":"AIE en Ruta: Descubre artistas emergentes y conciertos en toda Espa\u00f1a apoyados por AIE. \u00a1Vive la m\u00fasica en vivo!","breadcrumb":{"@id":"https:\/\/www.aie.es\/en\/promotion\/aienruta-artistas\/#breadcrumb"},"inLanguage":"en-US","potentialAction":[{"@type":"ReadAction","target":["https:\/\/www.aie.es\/en\/promotion\/aienruta-artistas\/"]}]},{"@type":"BreadcrumbList","@id":"https:\/\/www.aie.es\/en\/promotion\/aienruta-artistas\/#breadcrumb","itemListElement":[{"@type":"ListItem","position":1,"name":"Portada","item":"https:\/\/www.aie.es\/en\/"},{"@type":"ListItem","position":2,"name":"Promotion","item":"https:\/\/www.aie.es\/en\/promotion\/"},{"@type":"ListItem","position":3,"name":"AIEnRUTa-Artists"}]},{"@type":"WebSite","@id":"https:\/\/www.aie.es\/#website","url":"https:\/\/www.aie.es\/","name":"AIE Sociedad de Artistas Int\u00e9rpretes o Ejecutantes de Espa\u00f1a","description":"Entidad de gesti\u00f3n de derechos de propiedad intelectual","potentialAction":[{"@type":"SearchAction","target":{"@type":"EntryPoint","urlTemplate":"https:\/\/www.aie.es\/?s={search_term_string}"},"query-input":"required name=search_term_string"}],"inLanguage":"en-US"}]}},"_links":{"self":[{"href":"https:\/\/www.aie.es\/en\/wp-json\/wp\/v2\/pages\/24802"}],"collection":[{"href":"https:\/\/www.aie.es\/en\/wp-json\/wp\/v2\/pages"}],"about":[{"href":"https:\/\/www.aie.es\/en\/wp-json\/wp\/v2\/types\/page"}],"author":[{"embeddable":true,"href":"https:\/\/www.aie.es\/en\/wp-json\/wp\/v2\/users\/3"}],"replies":[{"embeddable":true,"href":"https:\/\/www.aie.es\/en\/wp-json\/wp\/v2\/comments?post=24802"}],"version-history":[{"count":141,"href":"https:\/\/www.aie.es\/en\/wp-json\/wp\/v2\/pages\/24802\/revisions"}],"predecessor-version":[{"id":59984,"href":"https:\/\/www.aie.es\/en\/wp-json\/wp\/v2\/pages\/24802\/revisions\/59984"}],"up":[{"embeddable":true,"href":"https:\/\/www.aie.es\/en\/wp-json\/wp\/v2\/pages\/24814"}],"wp:attachment":[{"href":"https:\/\/www.aie.es\/en\/wp-json\/wp\/v2\/media?parent=24802"}],"curies":[{"name":"wp","href":"https:\/\/api.w.org\/{rel}","templated":true}]}}