{"id":24803,"date":"2016-02-24T01:11:00","date_gmt":"2016-02-24T00:11:00","guid":{"rendered":"https:\/\/www.aie.es\/estatutos-y-otros\/"},"modified":"2026-03-23T17:33:07","modified_gmt":"2026-03-23T16:33:07","slug":"statutes-and-documents","status":"publish","type":"page","link":"https:\/\/www.aie.es\/en\/aie\/statutes-and-documents\/","title":{"rendered":"Statutes and Documents"},"content":{"rendered":"<div class=\"wpb-content-wrapper\"><p>[vc_row css_animation=&#8221;&#8221; row_type=&#8221;row&#8221; use_row_as_full_screen_section=&#8221;no&#8221; type=&#8221;full_width&#8221; angled_section=&#8221;no&#8221; text_align=&#8221;left&#8221; background_image_as_pattern=&#8221;without_pattern&#8221; el_class=&#8221;seccion&#8221;][vc_column][vc_column_text css=&#8221;&#8221;]<\/p>\n<h3>Documents<\/h3>\n<p><a href=\"https:\/\/www.aie.es\/wp-content\/uploads\/Estatutos-AIE.pdf\" target=\"_blank\" rel=\"noopener\"><span style=\"font-weight: 400;\">AIE Statutes<\/span><\/a><\/p>\n<p><a href=\"https:\/\/www.aie.es\/wp-content\/uploads\/Memoria-AIE-2024-2Jun25-BR-PD.pdf\" target=\"_blank\" rel=\"noopener\">AIE 2024 Annual Report<\/a><\/p>\n<p><a href=\"https:\/\/www.aie.es\/wp-content\/uploads\/Cuentas-Anuales-AIE-2024.pdf\" target=\"_blank\" rel=\"noopener\"><span style=\"font-weight: 400;\">AIE 2024 Accounts<\/span><\/a><\/p>\n<p><a href=\"https:\/\/www.aie.es\/wp-content\/uploads\/INFORME-DE-TRANSPARENCIA-Y-CCAA-2019-DEFINITIVO-1.pdf\"><span style=\"font-weight: 400;\">2019 Transparency Report<\/span><\/a><\/p>\n<p><a href=\"https:\/\/www.aie.es\/wp-content\/uploads\/INFORME-DE-TRANSPARENCIA-2020.pdf\"><span style=\"font-weight: 400;\">2020 Transparency Report<\/span><\/a><\/p>\n<p><a href=\"https:\/\/www.aie.es\/wp-content\/uploads\/Informe-de-Transparencia-AIE-2021-sin-Netflix-25May23.pdf\"><span style=\"font-weight: 400;\">2021 Transparency Report<\/span><\/a><\/p>\n<p><a href=\"https:\/\/www.aie.es\/wp-content\/uploads\/Informe-de-Transparencia-AIE-2022.pdf\"><span style=\"font-weight: 400;\">2022 Transparency Report<\/span><\/a><\/p>\n<p><a href=\"https:\/\/www.aie.es\/wp-content\/uploads\/Informe-de-Transparencia-2023.pdf\"><span style=\"font-weight: 400;\">2023 Transparency Report<\/span><\/a><\/p>\n<p><a href=\"https:\/\/www.aie.es\/wp-content\/uploads\/Informe-de-Transparencia-2024.pdf\" target=\"_blank\" rel=\"noopener\">2024 Transparency Report<\/a><\/p>\n<p><a href=\"https:\/\/www.aie.es\/wp-content\/uploads\/Memoria-SCR-AIE-2021-17ene23SinInt.pdf\"><span style=\"font-weight: 400;\">AIE 2021 CSR Report<\/span><\/a><\/p>\n<p><a href=\"https:\/\/www.aie.es\/wp-content\/uploads\/Descuento-de-gestion-aplicados-a-cada-derecho-2024-scaled.jpg\" target=\"_blank\" rel=\"noopener\"><span style=\"font-weight: 400;\">Management discounts applied to each right 2024<\/span><\/a><\/p>\n<p><a href=\"https:\/\/www.aie.es\/wp-content\/uploads\/Informes-del-Auditor-2024.pdf\" target=\"_blank\" rel=\"noopener\"><span style=\"font-weight: 400;\">Auditor\u2019s Reports 2024<\/span><\/a><\/p>\n<p><a href=\"https:\/\/www.aie.es\/wp-content\/uploads\/Carta-de-servicios-AIE-19mar26-Def.pdf\" target=\"_blank\" rel=\"noopener\"><span style=\"font-weight: 400;\">AIE Service Charter<\/span><\/a><\/p>\n<p><a href=\"https:\/\/www.aie.es\/wp-content\/uploads\/Reglamento-reparto.pdf\" target=\"_blank\" rel=\"noopener\"><span style=\"font-weight: 400;\">Distribution Norms<\/span><\/a><\/p>\n<p><a href=\"https:\/\/www.aie.es\/wp-content\/uploads\/Reglamento-reclamaciones-y-quejas-2Feb22-PI.pdf\"><span style=\"font-weight: 400;\">Claims and Complaints Norms<\/span><\/a><\/p>\n<p><a href=\"https:\/\/www.aie.es\/wp-content\/uploads\/Politica-Gral.-utilizacion-importes-21Jun24.pdf\"><span style=\"font-weight: 400;\">AIE general policy on the use of amounts that cannot be distributed<\/span><\/a><\/p>\n<p><a href=\"https:\/\/www.aie.es\/wp-content\/uploads\/Pol%C3%ADtica-de-gesti%C3%B3n-y-control-de-riesgos.pdf\"><span style=\"font-weight: 400;\">AIE risk management and control policy<\/span><\/a><\/p>\n<p><a href=\"https:\/\/www.aie.es\/wp-content\/uploads\/Politica-general-de-deducciones.pdf\" target=\"_blank\" rel=\"noopener\"><span style=\"font-weight: 400;\">AIE general deduction policy<\/span><\/a><\/p>\n<p><a href=\"https:\/\/www.aie.es\/wp-content\/uploads\/Pol%C3%ADtica-general-de-inversi%C3%B3n.pdf\"><span style=\"font-weight: 400;\">AIE general investment policy<\/span><\/a><\/p>\n<p><a href=\"https:\/\/www.aie.es\/wp-content\/uploads\/AENOR-ER-00442001-10-07-2024-ES-08-05-2025.pdf\" target=\"_blank\" rel=\"noopener\"><span style=\"font-weight: 400;\">AENOR Certification<\/span><\/a><\/p>\n<p><a href=\"https:\/\/www.aie.es\/wp-content\/uploads\/IQNET-ES-00442001-10-07-2024-EN-16-07-2024.pdf\"><span style=\"font-weight: 400;\">IQNET Certification<\/span><\/a><\/p>\n<p><a href=\"https:\/\/www.aie.es\/wp-content\/uploads\/Autorizacio%CC%81nMinisterioCultura.pdf\"><span style=\"font-weight: 400;\">Authorization of the Spanish Ministry of Culture<\/span><\/a><\/p>\n<p><a href=\"https:\/\/www.aie.es\/wp-content\/uploads\/manifiesto-25aniversario-propiedadintelectual.pdf\"><span style=\"font-weight: 400;\">MANIFESTO for the 25th Anniversary of the Intellectual Property Law<\/span><\/a><\/p>\n<p><a href=\"https:\/\/www.aie.es\/en\/aie\/statutes-and-documents\/\" target=\"_blank\" rel=\"noopener\">AIE projects financed with European funds Next Generation (2021 &#8211; 2022)<\/a>[\/vc_column_text][\/vc_column][\/vc_row]<\/p>\n<\/div>","protected":false},"excerpt":{"rendered":"<p>[vc_row css_animation=&#8221;&#8221; row_type=&#8221;row&#8221; use_row_as_full_screen_section=&#8221;no&#8221; type=&#8221;full_width&#8221; angled_section=&#8221;no&#8221; text_align=&#8221;left&#8221; background_image_as_pattern=&#8221;without_pattern&#8221; el_class=&#8221;seccion&#8221;][vc_column][vc_column_text css=&#8221;&#8221;] Documents AIE Statutes AIE 2024 Annual Report AIE 2024 Accounts 2019 Transparency Report 2020 Transparency Report 2021 Transparency Report 2022 Transparency Report 2023 Transparency Report 2024 Transparency Report AIE 2021 CSR Report Management discounts applied&#8230;<\/p>\n","protected":false},"author":3,"featured_media":0,"parent":24815,"menu_order":6,"comment_status":"closed","ping_status":"closed","template":"","meta":{"_acf_changed":false,"_relevanssi_hide_post":"","_relevanssi_hide_content":"","_relevanssi_pin_for_all":"","_relevanssi_pin_keywords":"","_relevanssi_unpin_keywords":"","_relevanssi_related_keywords":"","_relevanssi_related_include_ids":"","_relevanssi_related_exclude_ids":"","_relevanssi_related_no_append":"","_relevanssi_related_not_related":"","_relevanssi_related_posts":"","_relevanssi_noindex_reason":"","footnotes":""},"acf":[],"yoast_head":"<!-- This site is optimized with the Yoast SEO Premium plugin v21.5 (Yoast SEO v21.9.1) - https:\/\/yoast.com\/wordpress\/plugins\/seo\/ -->\n<title>Statutes and Documents - AIE Sociedad de Artistas Int\u00e9rpretes o Ejecutantes de Espa\u00f1a<\/title>\n<meta name=\"robots\" content=\"index, follow, max-snippet:-1, max-image-preview:large, max-video-preview:-1\" \/>\n<link rel=\"canonical\" href=\"https:\/\/www.aie.es\/en\/aie\/statutes-and-documents\/\" \/>\n<meta property=\"og:locale\" content=\"en_US\" \/>\n<meta property=\"og:type\" content=\"article\" \/>\n<meta property=\"og:title\" content=\"Statutes and Documents\" \/>\n<meta property=\"og:description\" content=\"[vc_row css_animation=&#8221;&#8221; row_type=&#8221;row&#8221; use_row_as_full_screen_section=&#8221;no&#8221; type=&#8221;full_width&#8221; angled_section=&#8221;no&#8221; text_align=&#8221;left&#8221; background_image_as_pattern=&#8221;without_pattern&#8221; el_class=&#8221;seccion&#8221;][vc_column][vc_column_text css=&#8221;&#8221;] Documents AIE Statutes AIE 2024 Annual Report AIE 2024 Accounts 2019 Transparency Report 2020 Transparency Report 2021 Transparency Report 2022 Transparency Report 2023 Transparency Report 2024 Transparency Report AIE 2021 CSR Report Management discounts applied...\" \/>\n<meta property=\"og:url\" content=\"https:\/\/www.aie.es\/en\/aie\/statutes-and-documents\/\" \/>\n<meta property=\"og:site_name\" content=\"AIE Sociedad de Artistas Int\u00e9rpretes o Ejecutantes de Espa\u00f1a\" \/>\n<meta property=\"article:modified_time\" content=\"2026-03-23T16:33:07+00:00\" \/>\n<meta name=\"twitter:card\" content=\"summary_large_image\" \/>\n<meta name=\"twitter:label1\" content=\"Est. reading time\" \/>\n\t<meta name=\"twitter:data1\" content=\"1 minute\" \/>\n<script type=\"application\/ld+json\" class=\"yoast-schema-graph\">{\"@context\":\"https:\/\/schema.org\",\"@graph\":[{\"@type\":\"WebPage\",\"@id\":\"https:\/\/www.aie.es\/en\/aie\/statutes-and-documents\/\",\"url\":\"https:\/\/www.aie.es\/en\/aie\/statutes-and-documents\/\",\"name\":\"Statutes and Documents - AIE Sociedad de Artistas Int\u00e9rpretes o Ejecutantes de Espa\u00f1a\",\"isPartOf\":{\"@id\":\"https:\/\/www.aie.es\/#website\"},\"datePublished\":\"2016-02-24T00:11:00+00:00\",\"dateModified\":\"2026-03-23T16:33:07+00:00\",\"breadcrumb\":{\"@id\":\"https:\/\/www.aie.es\/en\/aie\/statutes-and-documents\/#breadcrumb\"},\"inLanguage\":\"en-US\",\"potentialAction\":[{\"@type\":\"ReadAction\",\"target\":[\"https:\/\/www.aie.es\/en\/aie\/statutes-and-documents\/\"]}]},{\"@type\":\"BreadcrumbList\",\"@id\":\"https:\/\/www.aie.es\/en\/aie\/statutes-and-documents\/#breadcrumb\",\"itemListElement\":[{\"@type\":\"ListItem\",\"position\":1,\"name\":\"Portada\",\"item\":\"https:\/\/www.aie.es\/en\/\"},{\"@type\":\"ListItem\",\"position\":2,\"name\":\"AIE\",\"item\":\"https:\/\/www.aie.es\/en\/aie\/\"},{\"@type\":\"ListItem\",\"position\":3,\"name\":\"Statutes and Documents\"}]},{\"@type\":\"WebSite\",\"@id\":\"https:\/\/www.aie.es\/#website\",\"url\":\"https:\/\/www.aie.es\/\",\"name\":\"AIE Sociedad de Artistas Int\u00e9rpretes o Ejecutantes de Espa\u00f1a\",\"description\":\"Entidad de gesti\u00f3n de derechos de propiedad intelectual\",\"potentialAction\":[{\"@type\":\"SearchAction\",\"target\":{\"@type\":\"EntryPoint\",\"urlTemplate\":\"https:\/\/www.aie.es\/?s={search_term_string}\"},\"query-input\":\"required name=search_term_string\"}],\"inLanguage\":\"en-US\"}]}<\/script>\n<!-- \/ Yoast SEO Premium plugin. -->","yoast_head_json":{"title":"Statutes and Documents - AIE Sociedad de Artistas Int\u00e9rpretes o Ejecutantes de Espa\u00f1a","robots":{"index":"index","follow":"follow","max-snippet":"max-snippet:-1","max-image-preview":"max-image-preview:large","max-video-preview":"max-video-preview:-1"},"canonical":"https:\/\/www.aie.es\/en\/aie\/statutes-and-documents\/","og_locale":"en_US","og_type":"article","og_title":"Statutes and Documents","og_description":"[vc_row css_animation=&#8221;&#8221; row_type=&#8221;row&#8221; use_row_as_full_screen_section=&#8221;no&#8221; type=&#8221;full_width&#8221; angled_section=&#8221;no&#8221; text_align=&#8221;left&#8221; background_image_as_pattern=&#8221;without_pattern&#8221; el_class=&#8221;seccion&#8221;][vc_column][vc_column_text css=&#8221;&#8221;] Documents AIE Statutes AIE 2024 Annual Report AIE 2024 Accounts 2019 Transparency Report 2020 Transparency Report 2021 Transparency Report 2022 Transparency Report 2023 Transparency Report 2024 Transparency Report AIE 2021 CSR Report Management discounts applied...","og_url":"https:\/\/www.aie.es\/en\/aie\/statutes-and-documents\/","og_site_name":"AIE Sociedad de Artistas Int\u00e9rpretes o Ejecutantes de Espa\u00f1a","article_modified_time":"2026-03-23T16:33:07+00:00","twitter_card":"summary_large_image","twitter_misc":{"Est. reading time":"1 minute"},"schema":{"@context":"https:\/\/schema.org","@graph":[{"@type":"WebPage","@id":"https:\/\/www.aie.es\/en\/aie\/statutes-and-documents\/","url":"https:\/\/www.aie.es\/en\/aie\/statutes-and-documents\/","name":"Statutes and Documents - AIE Sociedad de Artistas Int\u00e9rpretes o Ejecutantes de Espa\u00f1a","isPartOf":{"@id":"https:\/\/www.aie.es\/#website"},"datePublished":"2016-02-24T00:11:00+00:00","dateModified":"2026-03-23T16:33:07+00:00","breadcrumb":{"@id":"https:\/\/www.aie.es\/en\/aie\/statutes-and-documents\/#breadcrumb"},"inLanguage":"en-US","potentialAction":[{"@type":"ReadAction","target":["https:\/\/www.aie.es\/en\/aie\/statutes-and-documents\/"]}]},{"@type":"BreadcrumbList","@id":"https:\/\/www.aie.es\/en\/aie\/statutes-and-documents\/#breadcrumb","itemListElement":[{"@type":"ListItem","position":1,"name":"Portada","item":"https:\/\/www.aie.es\/en\/"},{"@type":"ListItem","position":2,"name":"AIE","item":"https:\/\/www.aie.es\/en\/aie\/"},{"@type":"ListItem","position":3,"name":"Statutes and Documents"}]},{"@type":"WebSite","@id":"https:\/\/www.aie.es\/#website","url":"https:\/\/www.aie.es\/","name":"AIE Sociedad de Artistas Int\u00e9rpretes o Ejecutantes de Espa\u00f1a","description":"Entidad de gesti\u00f3n de derechos de propiedad intelectual","potentialAction":[{"@type":"SearchAction","target":{"@type":"EntryPoint","urlTemplate":"https:\/\/www.aie.es\/?s={search_term_string}"},"query-input":"required name=search_term_string"}],"inLanguage":"en-US"}]}},"_links":{"self":[{"href":"https:\/\/www.aie.es\/en\/wp-json\/wp\/v2\/pages\/24803"}],"collection":[{"href":"https:\/\/www.aie.es\/en\/wp-json\/wp\/v2\/pages"}],"about":[{"href":"https:\/\/www.aie.es\/en\/wp-json\/wp\/v2\/types\/page"}],"author":[{"embeddable":true,"href":"https:\/\/www.aie.es\/en\/wp-json\/wp\/v2\/users\/3"}],"replies":[{"embeddable":true,"href":"https:\/\/www.aie.es\/en\/wp-json\/wp\/v2\/comments?post=24803"}],"version-history":[{"count":32,"href":"https:\/\/www.aie.es\/en\/wp-json\/wp\/v2\/pages\/24803\/revisions"}],"predecessor-version":[{"id":59326,"href":"https:\/\/www.aie.es\/en\/wp-json\/wp\/v2\/pages\/24803\/revisions\/59326"}],"up":[{"embeddable":true,"href":"https:\/\/www.aie.es\/en\/wp-json\/wp\/v2\/pages\/24815"}],"wp:attachment":[{"href":"https:\/\/www.aie.es\/en\/wp-json\/wp\/v2\/media?parent=24803"}],"curies":[{"name":"wp","href":"https:\/\/api.w.org\/{rel}","templated":true}]}}