{"id":24806,"date":"2016-02-24T01:09:47","date_gmt":"2016-02-24T00:09:47","guid":{"rendered":"https:\/\/www.aie.es\/objetivos\/"},"modified":"2024-10-24T12:32:37","modified_gmt":"2024-10-24T11:32:37","slug":"goals","status":"publish","type":"page","link":"https:\/\/www.aie.es\/en\/aie\/goals\/","title":{"rendered":"AIE Goals"},"content":{"rendered":"<div class=\"wpb-content-wrapper\"><p>[vc_row css_animation=&#8221;&#8221; row_type=&#8221;row&#8221; use_row_as_full_screen_section=&#8221;no&#8221; type=&#8221;full_width&#8221; angled_section=&#8221;no&#8221; text_align=&#8221;left&#8221; background_image_as_pattern=&#8221;without_pattern&#8221; el_class=&#8221;seccion&#8221;][vc_column][vc_column_text]<\/p>\n<h3>AIE Goals<\/h3>\n<ol>\n<li>AIE manages, improves and protects the economic and moral rights of all music performers and executants in their respective areas.<\/li>\n<li>AIE establishes cooperation agreements with music users to regulate the remuneration and claim the payment corresponding to the use, commercial exploitation and public communication of music and audio visual recordings.<\/li>\n<li>AIE distributes periodically the collected rights among the artists by means of fair and equitable distributions, established in proportion to the use and public communication of music performances.<\/li>\n<li>AIE offers advice to its members regarding their economic rights.<\/li>\n<li>AIE provides its members with more and better resources, grants, training and promotion of young music talents. All AIE members can also access welfare assistance programs, refresher courses and financial aid.<\/li>\n<li>AIE has developed and carries out <a href=\"https:\/\/www.aie.es\/en\/members\/welfare-assistance-insurances-and-aid\/\" target=\"_blank\" rel=\"noopener\">social and welfare activities<\/a> to support the elder and its most disadvantaged members.<\/li>\n<li>AIE offers free legal and fiscal assistance to its affiliates for the management of their intellectual property rights.<\/li>\n<li>AIE monitors and works in the supervision and further study of the legislative evolution with regard to intellectual property in order to improve and ensure the legal protection of artists.<\/li>\n<li>AIE organizes and celebrates forums, courses, workshops and training seminars, as well as advocacy activities for the vindication of the rights and interests of the performers collective together with other international entities and organizations.<\/li>\n<li>Honesty, efficiency, transparency and commitment are the cornerstones of AIE.<\/li>\n<\/ol>\n<p>[\/vc_column_text][vc_column_text css=&#8221;&#8221;]<\/p>\n<h3>Mision<\/h3>\n<p><span style=\"font-weight: 400;\">To collect and distribute intellectual property rights for musical performers and executants equitably, transparently, and efficiently, anywhere in the world. This is done through collective management as a means to defend and develop rights related to the exploitation of their interpretations and fixed performances.<\/span>[\/vc_column_text][vc_column_text css=&#8221;&#8221;]<\/p>\n<h3>Vision<\/h3>\n<p><span style=\"font-weight: 400;\">AIE is an international society based in Spain that leads the defense of intellectual property rights for artists. It utilizes professional and human resources in a sustainable manner, committed to provide the best management services to artists and to the entities that require its services, while guaranteeing users fair and efficient access to fixed performances.<\/span>[\/vc_column_text][vc_column_text css=&#8221;&#8221;]<\/p>\n<h3>Values<\/h3>\n<p><span style=\"font-weight: 400;\">Our values are honesty, efficiency, transparency, and commitment. Our guiding principle is responsible work based on respect for our members and those who are part of AIE. Transparency in all operations is the central axis that builds trust in all our relationships. We are fully convinced of what we do and how we do it. We aim to project that confidence outward to all our members, affiliates, and collaborators.<\/span><\/p>\n<p><br style=\"font-weight: 400;\" \/>[\/vc_column_text][\/vc_column][\/vc_row]<\/p>\n<\/div>","protected":false},"excerpt":{"rendered":"<p>[vc_row css_animation=&#8221;&#8221; row_type=&#8221;row&#8221; use_row_as_full_screen_section=&#8221;no&#8221; type=&#8221;full_width&#8221; angled_section=&#8221;no&#8221; text_align=&#8221;left&#8221; background_image_as_pattern=&#8221;without_pattern&#8221; el_class=&#8221;seccion&#8221;][vc_column][vc_column_text] AIE Goals AIE manages, improves and protects the economic and moral rights of all music performers and executants in their respective areas. AIE establishes cooperation agreements with music users to regulate the remuneration and claim the&#8230;<\/p>\n","protected":false},"author":3,"featured_media":0,"parent":24815,"menu_order":2,"comment_status":"closed","ping_status":"closed","template":"","meta":{"_acf_changed":false,"_relevanssi_hide_post":"","_relevanssi_hide_content":"","_relevanssi_pin_for_all":"","_relevanssi_pin_keywords":"","_relevanssi_unpin_keywords":"","_relevanssi_related_keywords":"","_relevanssi_related_include_ids":"","_relevanssi_related_exclude_ids":"","_relevanssi_related_no_append":"","_relevanssi_related_not_related":"","_relevanssi_related_posts":"","_relevanssi_noindex_reason":"","footnotes":""},"acf":[],"yoast_head":"<!-- This site is optimized with the Yoast SEO Premium plugin v21.5 (Yoast SEO v21.9.1) - https:\/\/yoast.com\/wordpress\/plugins\/seo\/ -->\n<title>AIE Goals - AIE Sociedad de Artistas Int\u00e9rpretes o Ejecutantes de Espa\u00f1a<\/title>\n<meta name=\"robots\" content=\"index, follow, max-snippet:-1, max-image-preview:large, max-video-preview:-1\" \/>\n<link rel=\"canonical\" href=\"https:\/\/www.aie.es\/aie\/objetivos\/\" \/>\n<meta property=\"og:locale\" content=\"en_US\" \/>\n<meta property=\"og:type\" content=\"article\" \/>\n<meta property=\"og:title\" content=\"AIE Goals\" \/>\n<meta property=\"og:description\" content=\"[vc_row css_animation=&#8221;&#8221; row_type=&#8221;row&#8221; use_row_as_full_screen_section=&#8221;no&#8221; type=&#8221;full_width&#8221; angled_section=&#8221;no&#8221; text_align=&#8221;left&#8221; background_image_as_pattern=&#8221;without_pattern&#8221; el_class=&#8221;seccion&#8221;][vc_column][vc_column_text] AIE Goals AIE manages, improves and protects the economic and moral rights of all music performers and executants in their respective areas. AIE establishes cooperation agreements with music users to regulate the remuneration and claim the...\" \/>\n<meta property=\"og:url\" content=\"https:\/\/www.aie.es\/aie\/objetivos\/\" \/>\n<meta property=\"og:site_name\" content=\"AIE Sociedad de Artistas Int\u00e9rpretes o Ejecutantes de Espa\u00f1a\" \/>\n<meta property=\"article:modified_time\" content=\"2024-10-24T11:32:37+00:00\" \/>\n<meta name=\"twitter:card\" content=\"summary_large_image\" \/>\n<meta name=\"twitter:label1\" content=\"Est. reading time\" \/>\n\t<meta name=\"twitter:data1\" content=\"2 minutes\" \/>\n<script type=\"application\/ld+json\" class=\"yoast-schema-graph\">{\"@context\":\"https:\/\/schema.org\",\"@graph\":[{\"@type\":\"WebPage\",\"@id\":\"https:\/\/www.aie.es\/aie\/objetivos\/\",\"url\":\"https:\/\/www.aie.es\/aie\/objetivos\/\",\"name\":\"AIE Goals - AIE Sociedad de Artistas Int\u00e9rpretes o Ejecutantes de Espa\u00f1a\",\"isPartOf\":{\"@id\":\"https:\/\/www.aie.es\/#website\"},\"datePublished\":\"2016-02-24T00:09:47+00:00\",\"dateModified\":\"2024-10-24T11:32:37+00:00\",\"breadcrumb\":{\"@id\":\"https:\/\/www.aie.es\/aie\/objetivos\/#breadcrumb\"},\"inLanguage\":\"en-US\",\"potentialAction\":[{\"@type\":\"ReadAction\",\"target\":[\"https:\/\/www.aie.es\/aie\/objetivos\/\"]}]},{\"@type\":\"BreadcrumbList\",\"@id\":\"https:\/\/www.aie.es\/aie\/objetivos\/#breadcrumb\",\"itemListElement\":[{\"@type\":\"ListItem\",\"position\":1,\"name\":\"Portada\",\"item\":\"https:\/\/www.aie.es\/en\/\"},{\"@type\":\"ListItem\",\"position\":2,\"name\":\"AIE\",\"item\":\"https:\/\/www.aie.es\/en\/aie\/\"},{\"@type\":\"ListItem\",\"position\":3,\"name\":\"AIE Goals\"}]},{\"@type\":\"WebSite\",\"@id\":\"https:\/\/www.aie.es\/#website\",\"url\":\"https:\/\/www.aie.es\/\",\"name\":\"AIE Sociedad de Artistas Int\u00e9rpretes o Ejecutantes de Espa\u00f1a\",\"description\":\"Entidad de gesti\u00f3n de derechos de propiedad intelectual\",\"potentialAction\":[{\"@type\":\"SearchAction\",\"target\":{\"@type\":\"EntryPoint\",\"urlTemplate\":\"https:\/\/www.aie.es\/?s={search_term_string}\"},\"query-input\":\"required name=search_term_string\"}],\"inLanguage\":\"en-US\"}]}<\/script>\n<!-- \/ Yoast SEO Premium plugin. -->","yoast_head_json":{"title":"AIE Goals - AIE Sociedad de Artistas Int\u00e9rpretes o Ejecutantes de Espa\u00f1a","robots":{"index":"index","follow":"follow","max-snippet":"max-snippet:-1","max-image-preview":"max-image-preview:large","max-video-preview":"max-video-preview:-1"},"canonical":"https:\/\/www.aie.es\/aie\/objetivos\/","og_locale":"en_US","og_type":"article","og_title":"AIE Goals","og_description":"[vc_row css_animation=&#8221;&#8221; row_type=&#8221;row&#8221; use_row_as_full_screen_section=&#8221;no&#8221; type=&#8221;full_width&#8221; angled_section=&#8221;no&#8221; text_align=&#8221;left&#8221; background_image_as_pattern=&#8221;without_pattern&#8221; el_class=&#8221;seccion&#8221;][vc_column][vc_column_text] AIE Goals AIE manages, improves and protects the economic and moral rights of all music performers and executants in their respective areas. AIE establishes cooperation agreements with music users to regulate the remuneration and claim the...","og_url":"https:\/\/www.aie.es\/aie\/objetivos\/","og_site_name":"AIE Sociedad de Artistas Int\u00e9rpretes o Ejecutantes de Espa\u00f1a","article_modified_time":"2024-10-24T11:32:37+00:00","twitter_card":"summary_large_image","twitter_misc":{"Est. reading time":"2 minutes"},"schema":{"@context":"https:\/\/schema.org","@graph":[{"@type":"WebPage","@id":"https:\/\/www.aie.es\/aie\/objetivos\/","url":"https:\/\/www.aie.es\/aie\/objetivos\/","name":"AIE Goals - AIE Sociedad de Artistas Int\u00e9rpretes o Ejecutantes de Espa\u00f1a","isPartOf":{"@id":"https:\/\/www.aie.es\/#website"},"datePublished":"2016-02-24T00:09:47+00:00","dateModified":"2024-10-24T11:32:37+00:00","breadcrumb":{"@id":"https:\/\/www.aie.es\/aie\/objetivos\/#breadcrumb"},"inLanguage":"en-US","potentialAction":[{"@type":"ReadAction","target":["https:\/\/www.aie.es\/aie\/objetivos\/"]}]},{"@type":"BreadcrumbList","@id":"https:\/\/www.aie.es\/aie\/objetivos\/#breadcrumb","itemListElement":[{"@type":"ListItem","position":1,"name":"Portada","item":"https:\/\/www.aie.es\/en\/"},{"@type":"ListItem","position":2,"name":"AIE","item":"https:\/\/www.aie.es\/en\/aie\/"},{"@type":"ListItem","position":3,"name":"AIE Goals"}]},{"@type":"WebSite","@id":"https:\/\/www.aie.es\/#website","url":"https:\/\/www.aie.es\/","name":"AIE Sociedad de Artistas Int\u00e9rpretes o Ejecutantes de Espa\u00f1a","description":"Entidad de gesti\u00f3n de derechos de propiedad intelectual","potentialAction":[{"@type":"SearchAction","target":{"@type":"EntryPoint","urlTemplate":"https:\/\/www.aie.es\/?s={search_term_string}"},"query-input":"required name=search_term_string"}],"inLanguage":"en-US"}]}},"_links":{"self":[{"href":"https:\/\/www.aie.es\/en\/wp-json\/wp\/v2\/pages\/24806"}],"collection":[{"href":"https:\/\/www.aie.es\/en\/wp-json\/wp\/v2\/pages"}],"about":[{"href":"https:\/\/www.aie.es\/en\/wp-json\/wp\/v2\/types\/page"}],"author":[{"embeddable":true,"href":"https:\/\/www.aie.es\/en\/wp-json\/wp\/v2\/users\/3"}],"replies":[{"embeddable":true,"href":"https:\/\/www.aie.es\/en\/wp-json\/wp\/v2\/comments?post=24806"}],"version-history":[{"count":7,"href":"https:\/\/www.aie.es\/en\/wp-json\/wp\/v2\/pages\/24806\/revisions"}],"predecessor-version":[{"id":51293,"href":"https:\/\/www.aie.es\/en\/wp-json\/wp\/v2\/pages\/24806\/revisions\/51293"}],"up":[{"embeddable":true,"href":"https:\/\/www.aie.es\/en\/wp-json\/wp\/v2\/pages\/24815"}],"wp:attachment":[{"href":"https:\/\/www.aie.es\/en\/wp-json\/wp\/v2\/media?parent=24806"}],"curies":[{"name":"wp","href":"https:\/\/api.w.org\/{rel}","templated":true}]}}