{"id":24807,"date":"2016-02-24T01:09:27","date_gmt":"2016-02-24T00:09:27","guid":{"rendered":"https:\/\/www.aie.es\/que-es-aie\/"},"modified":"2024-11-10T19:47:28","modified_gmt":"2024-11-10T18:47:28","slug":"about","status":"publish","type":"page","link":"https:\/\/www.aie.es\/en\/aie\/about\/","title":{"rendered":"About AIE"},"content":{"rendered":"<div class=\"wpb-content-wrapper\"><p>[vc_row css_animation=&#8221;&#8221; row_type=&#8221;row&#8221; use_row_as_full_screen_section=&#8221;no&#8221; type=&#8221;full_width&#8221; angled_section=&#8221;no&#8221; text_align=&#8221;left&#8221; background_image_as_pattern=&#8221;without_pattern&#8221; el_class=&#8221;seccion&#8221;][vc_column][vc_column_text css=&#8221;&#8221;]<\/p>\n<h3><img decoding=\"async\" class=\"wp-image-20697 size-full alignnone\" src=\"https:\/\/www.aie.es\/wp-content\/uploads\/Fotos-artistas-2.png\" width=\"1013\" height=\"286\" srcset=\"https:\/\/www.aie.es\/wp-content\/uploads\/Fotos-artistas-2.png 1013w, https:\/\/www.aie.es\/wp-content\/uploads\/Fotos-artistas-2-300x85.png 300w, https:\/\/www.aie.es\/wp-content\/uploads\/Fotos-artistas-2-768x217.png 768w, https:\/\/www.aie.es\/wp-content\/uploads\/Fotos-artistas-2-700x198.png 700w\" sizes=\"(max-width: 1013px) 100vw, 1013px\" \/><\/h3>\n<div class=\"page\" title=\"Page 2\">\n<div class=\"layoutArea\">\n<div class=\"column\">\n<p><span style=\"font-weight: 400;\">AIE is the management entity for music performers and executant musicians. Located in Spain, it has headquarters in Madrid, Barcelona and Seville. Pursuant to the provisions of the <\/span><a href=\"https:\/\/www.boe.es\/buscar\/act.php?id=BOE-A-1996-8930&amp;p=20141105&amp;tn=2\"><span style=\"font-weight: 400;\">Law on Intellectual Property<\/span><\/a><span style=\"font-weight: 400;\">, AIE manages the intellectual property rights of music performers.<\/span><\/p>\n<p><span style=\"font-weight: 400;\">It was established in 1989 with the authorization of the Spanish Ministry of Culture, and remains under its supervision to perform these functions under the Spanish Law on Intellectual Property of 1987, contained in the <\/span><a href=\"https:\/\/www.boe.es\/buscar\/act.php?id=BOE-A-1996-8930\"><span style=\"font-weight: 400;\">Consolidated Text of the Law on Intellectual Property<\/span><\/a><span style=\"font-weight: 400;\">, approved by Royal Legislative Decree No. 1\/1996 of 12 April 1996, and amended up to <\/span><a href=\"https:\/\/www.boe.es\/boe\/dias\/2019\/03\/02\/pdfs\/BOE-A-2019-2974.pdf\"><span style=\"font-weight: 400;\">Law No. 2\/2019 of 1 March 2019<\/span><\/a><span style=\"font-weight: 400;\">.<\/span><\/p>\n<p><span style=\"font-weight: 400;\">AIE is a collective, committed and democratic nonprofit society that manages and defends the rights of music performers in Spain and in the rest of Europe, in Latin America and the Caribbean, the US, Asia and in all countries and regions of the world where the intellectual property rights of musicians are ensured and applied.\u00a0<\/span><\/p>\n<p><span style=\"font-weight: 400;\">AIE has more than 35.000 members in Spain and, through the performers\u2018 international database created by AIE along with other management entities, it represents the repertoire of over 800.000 music performers, whose rights are enforced by means of periodic distribution processes.AIE holds 110 reciprocity agreements, currently in force, with 82 sister societies worldwide.<\/span><\/p>\n<p><span style=\"font-weight: 400;\">The President of AIE Society of Artists is conductor and composer Luis Cobos, who also chairs the Ibero Latin American Federation of Performers <\/span><a href=\"http:\/\/www.filaie.com\/\"><span style=\"font-weight: 400;\">FILAIE<\/span><\/a><span style=\"font-weight: 400;\">, consisting of most artist societies of Latin America, Portugal and Spain.<\/span><\/p>\n<p><span style=\"font-weight: 400;\">Luis Cobos, orchestra conductor and composer, is the president of the Society of Artists AIE, president of the Iberian Latin American Federation of Performing Artists (FILAIE), president of the Latin GRAMMY\u00ae Cultural Foundation, and former president of the Latin Recording Academy\u00ae.<\/span><\/p>\n<p><span style=\"font-weight: 400;\"><br \/>\n<\/span><span style=\"font-weight: 400;\">The Honorary Chairman of AIE Society of Artists is His Majesty King Felipe VI.<\/span><\/p>\n<\/div>\n<\/div>\n<\/div>\n<p><img decoding=\"async\" class=\"wp-image-20696 size-full alignnone\" src=\"https:\/\/www.aie.es\/wp-content\/uploads\/Fotos-artistas-1-1.png\" width=\"1080\" height=\"298\" srcset=\"https:\/\/www.aie.es\/wp-content\/uploads\/Fotos-artistas-1-1.png 1080w, https:\/\/www.aie.es\/wp-content\/uploads\/Fotos-artistas-1-1-300x83.png 300w, https:\/\/www.aie.es\/wp-content\/uploads\/Fotos-artistas-1-1-768x212.png 768w, https:\/\/www.aie.es\/wp-content\/uploads\/Fotos-artistas-1-1-1024x283.png 1024w, https:\/\/www.aie.es\/wp-content\/uploads\/Fotos-artistas-1-1-700x193.png 700w\" sizes=\"(max-width: 1080px) 100vw, 1080px\" \/>[\/vc_column_text][\/vc_column][\/vc_row][vc_row css_animation=&#8221;&#8221; row_type=&#8221;row&#8221; use_row_as_full_screen_section=&#8221;no&#8221; type=&#8221;full_width&#8221; angled_section=&#8221;no&#8221; text_align=&#8221;left&#8221; background_image_as_pattern=&#8221;without_pattern&#8221;][vc_column]<div class='image_hover ' style='' data-transition-delay=''><div class='images_holder'><img itemprop='image' class='' src='' alt='' style='' \/><img itemprop='image' class='hover_image' src='' alt='' style='' \/><\/div><\/div>[\/vc_column][\/vc_row]<\/p>\n<\/div>","protected":false},"excerpt":{"rendered":"<p>[vc_row css_animation=&#8221;&#8221; row_type=&#8221;row&#8221; use_row_as_full_screen_section=&#8221;no&#8221; type=&#8221;full_width&#8221; angled_section=&#8221;no&#8221; text_align=&#8221;left&#8221; background_image_as_pattern=&#8221;without_pattern&#8221; el_class=&#8221;seccion&#8221;][vc_column][vc_column_text css=&#8221;&#8221;] AIE is the management entity for music performers and executant musicians. Located in Spain, it has headquarters in Madrid, Barcelona and Seville. Pursuant to the provisions of the Law on Intellectual Property, AIE manages the&#8230;<\/p>\n","protected":false},"author":3,"featured_media":0,"parent":24815,"menu_order":1,"comment_status":"closed","ping_status":"closed","template":"","meta":{"_acf_changed":false,"_relevanssi_hide_post":"","_relevanssi_hide_content":"","_relevanssi_pin_for_all":"","_relevanssi_pin_keywords":"","_relevanssi_unpin_keywords":"","_relevanssi_related_keywords":"","_relevanssi_related_include_ids":"","_relevanssi_related_exclude_ids":"","_relevanssi_related_no_append":"","_relevanssi_related_not_related":"","_relevanssi_related_posts":"","_relevanssi_noindex_reason":"","footnotes":""},"acf":[],"yoast_head":"<!-- This site is optimized with the Yoast SEO Premium plugin v21.5 (Yoast SEO v21.9.1) - https:\/\/yoast.com\/wordpress\/plugins\/seo\/ -->\n<title>About AIE - AIE Sociedad de Artistas Int\u00e9rpretes o Ejecutantes de Espa\u00f1a<\/title>\n<meta name=\"description\" content=\"Acerca de AIE: Conoce nuestra misi\u00f3n de apoyar la m\u00fasica y proteger los derechos de los artistas. Inf\u00f3rmate y colabora con nosotros.\" \/>\n<meta name=\"robots\" content=\"index, follow, max-snippet:-1, max-image-preview:large, max-video-preview:-1\" \/>\n<link rel=\"canonical\" href=\"https:\/\/www.aie.es\/aie\/que-es-aie\/\" \/>\n<meta property=\"og:locale\" content=\"en_US\" \/>\n<meta property=\"og:type\" content=\"article\" \/>\n<meta property=\"og:title\" content=\"About AIE\" \/>\n<meta property=\"og:description\" content=\"Acerca de AIE: Conoce nuestra misi\u00f3n de apoyar la m\u00fasica y proteger los derechos de los artistas. Inf\u00f3rmate y colabora con nosotros.\" \/>\n<meta property=\"og:url\" content=\"https:\/\/www.aie.es\/aie\/que-es-aie\/\" \/>\n<meta property=\"og:site_name\" content=\"AIE Sociedad de Artistas Int\u00e9rpretes o Ejecutantes de Espa\u00f1a\" \/>\n<meta property=\"article:modified_time\" content=\"2024-11-10T18:47:28+00:00\" \/>\n<meta property=\"og:image\" content=\"https:\/\/www.aie.es\/wp-content\/uploads\/Fotos-artistas-2.png\" \/>\n<meta name=\"twitter:card\" content=\"summary_large_image\" \/>\n<meta name=\"twitter:label1\" content=\"Est. reading time\" \/>\n\t<meta name=\"twitter:data1\" content=\"2 minutes\" \/>\n<script type=\"application\/ld+json\" class=\"yoast-schema-graph\">{\"@context\":\"https:\/\/schema.org\",\"@graph\":[{\"@type\":\"WebPage\",\"@id\":\"https:\/\/www.aie.es\/aie\/que-es-aie\/\",\"url\":\"https:\/\/www.aie.es\/aie\/que-es-aie\/\",\"name\":\"About AIE - AIE Sociedad de Artistas Int\u00e9rpretes o Ejecutantes de Espa\u00f1a\",\"isPartOf\":{\"@id\":\"https:\/\/www.aie.es\/#website\"},\"datePublished\":\"2016-02-24T00:09:27+00:00\",\"dateModified\":\"2024-11-10T18:47:28+00:00\",\"description\":\"Acerca de AIE: Conoce nuestra misi\u00f3n de apoyar la m\u00fasica y proteger los derechos de los artistas. Inf\u00f3rmate y colabora con nosotros.\",\"breadcrumb\":{\"@id\":\"https:\/\/www.aie.es\/aie\/que-es-aie\/#breadcrumb\"},\"inLanguage\":\"en-US\",\"potentialAction\":[{\"@type\":\"ReadAction\",\"target\":[\"https:\/\/www.aie.es\/aie\/que-es-aie\/\"]}]},{\"@type\":\"BreadcrumbList\",\"@id\":\"https:\/\/www.aie.es\/aie\/que-es-aie\/#breadcrumb\",\"itemListElement\":[{\"@type\":\"ListItem\",\"position\":1,\"name\":\"Portada\",\"item\":\"https:\/\/www.aie.es\/en\/\"},{\"@type\":\"ListItem\",\"position\":2,\"name\":\"AIE\",\"item\":\"https:\/\/www.aie.es\/en\/aie\/\"},{\"@type\":\"ListItem\",\"position\":3,\"name\":\"About AIE\"}]},{\"@type\":\"WebSite\",\"@id\":\"https:\/\/www.aie.es\/#website\",\"url\":\"https:\/\/www.aie.es\/\",\"name\":\"AIE Sociedad de Artistas Int\u00e9rpretes o Ejecutantes de Espa\u00f1a\",\"description\":\"Entidad de gesti\u00f3n de derechos de propiedad intelectual\",\"potentialAction\":[{\"@type\":\"SearchAction\",\"target\":{\"@type\":\"EntryPoint\",\"urlTemplate\":\"https:\/\/www.aie.es\/?s={search_term_string}\"},\"query-input\":\"required name=search_term_string\"}],\"inLanguage\":\"en-US\"}]}<\/script>\n<!-- \/ Yoast SEO Premium plugin. -->","yoast_head_json":{"title":"About AIE - AIE Sociedad de Artistas Int\u00e9rpretes o Ejecutantes de Espa\u00f1a","description":"Acerca de AIE: Conoce nuestra misi\u00f3n de apoyar la m\u00fasica y proteger los derechos de los artistas. Inf\u00f3rmate y colabora con nosotros.","robots":{"index":"index","follow":"follow","max-snippet":"max-snippet:-1","max-image-preview":"max-image-preview:large","max-video-preview":"max-video-preview:-1"},"canonical":"https:\/\/www.aie.es\/aie\/que-es-aie\/","og_locale":"en_US","og_type":"article","og_title":"About AIE","og_description":"Acerca de AIE: Conoce nuestra misi\u00f3n de apoyar la m\u00fasica y proteger los derechos de los artistas. Inf\u00f3rmate y colabora con nosotros.","og_url":"https:\/\/www.aie.es\/aie\/que-es-aie\/","og_site_name":"AIE Sociedad de Artistas Int\u00e9rpretes o Ejecutantes de Espa\u00f1a","article_modified_time":"2024-11-10T18:47:28+00:00","og_image":[{"url":"https:\/\/www.aie.es\/wp-content\/uploads\/Fotos-artistas-2.png"}],"twitter_card":"summary_large_image","twitter_misc":{"Est. reading time":"2 minutes"},"schema":{"@context":"https:\/\/schema.org","@graph":[{"@type":"WebPage","@id":"https:\/\/www.aie.es\/aie\/que-es-aie\/","url":"https:\/\/www.aie.es\/aie\/que-es-aie\/","name":"About AIE - AIE Sociedad de Artistas Int\u00e9rpretes o Ejecutantes de Espa\u00f1a","isPartOf":{"@id":"https:\/\/www.aie.es\/#website"},"datePublished":"2016-02-24T00:09:27+00:00","dateModified":"2024-11-10T18:47:28+00:00","description":"Acerca de AIE: Conoce nuestra misi\u00f3n de apoyar la m\u00fasica y proteger los derechos de los artistas. Inf\u00f3rmate y colabora con nosotros.","breadcrumb":{"@id":"https:\/\/www.aie.es\/aie\/que-es-aie\/#breadcrumb"},"inLanguage":"en-US","potentialAction":[{"@type":"ReadAction","target":["https:\/\/www.aie.es\/aie\/que-es-aie\/"]}]},{"@type":"BreadcrumbList","@id":"https:\/\/www.aie.es\/aie\/que-es-aie\/#breadcrumb","itemListElement":[{"@type":"ListItem","position":1,"name":"Portada","item":"https:\/\/www.aie.es\/en\/"},{"@type":"ListItem","position":2,"name":"AIE","item":"https:\/\/www.aie.es\/en\/aie\/"},{"@type":"ListItem","position":3,"name":"About AIE"}]},{"@type":"WebSite","@id":"https:\/\/www.aie.es\/#website","url":"https:\/\/www.aie.es\/","name":"AIE Sociedad de Artistas Int\u00e9rpretes o Ejecutantes de Espa\u00f1a","description":"Entidad de gesti\u00f3n de derechos de propiedad intelectual","potentialAction":[{"@type":"SearchAction","target":{"@type":"EntryPoint","urlTemplate":"https:\/\/www.aie.es\/?s={search_term_string}"},"query-input":"required name=search_term_string"}],"inLanguage":"en-US"}]}},"_links":{"self":[{"href":"https:\/\/www.aie.es\/en\/wp-json\/wp\/v2\/pages\/24807"}],"collection":[{"href":"https:\/\/www.aie.es\/en\/wp-json\/wp\/v2\/pages"}],"about":[{"href":"https:\/\/www.aie.es\/en\/wp-json\/wp\/v2\/types\/page"}],"author":[{"embeddable":true,"href":"https:\/\/www.aie.es\/en\/wp-json\/wp\/v2\/users\/3"}],"replies":[{"embeddable":true,"href":"https:\/\/www.aie.es\/en\/wp-json\/wp\/v2\/comments?post=24807"}],"version-history":[{"count":8,"href":"https:\/\/www.aie.es\/en\/wp-json\/wp\/v2\/pages\/24807\/revisions"}],"predecessor-version":[{"id":51543,"href":"https:\/\/www.aie.es\/en\/wp-json\/wp\/v2\/pages\/24807\/revisions\/51543"}],"up":[{"embeddable":true,"href":"https:\/\/www.aie.es\/en\/wp-json\/wp\/v2\/pages\/24815"}],"wp:attachment":[{"href":"https:\/\/www.aie.es\/en\/wp-json\/wp\/v2\/media?parent=24807"}],"curies":[{"name":"wp","href":"https:\/\/api.w.org\/{rel}","templated":true}]}}