{"id":24811,"date":"2015-04-30T11:30:45","date_gmt":"2015-04-30T11:30:45","guid":{"rendered":"https:\/\/www.aie.es\/socios\/"},"modified":"2024-01-29T18:04:11","modified_gmt":"2024-01-29T17:04:11","slug":"members","status":"publish","type":"page","link":"https:\/\/www.aie.es\/en\/members\/","title":{"rendered":"Members"},"content":{"rendered":"\t\t<div class=\"shailan-subpages-container\">\r\n            <ul class=\"subpages\">\r\n                <li class=\"page_item page-item-24790\"><a href=\"https:\/\/www.aie.es\/en\/members\/benefits-of-aie-membership\/\">Benefits of AIE Membership<\/a><\/li>\n<li class=\"page_item page-item-24789 page_item_has_children\"><a href=\"https:\/\/www.aie.es\/en\/members\/become-a-member\/\">Become a Member<\/a>\n<ul class='children'>\n\t<li class=\"page_item page-item-24762\"><a href=\"https:\/\/www.aie.es\/en\/members\/become-a-member\/formulario-hazte-socio\/\">Become a Member Form<\/a><\/li>\n<\/ul>\n<\/li>\n<li class=\"page_item page-item-24788\"><a href=\"https:\/\/www.aie.es\/en\/members\/funding-for-musical-projects\/\">Funding for Musical Projects<\/a><\/li>\n<li class=\"page_item page-item-24769\"><a href=\"https:\/\/www.aie.es\/en\/members\/welfare-assistance-insurances-and-aid\/\">Welfare Assistance, Insurances and AID<\/a><\/li>\n<li class=\"page_item page-item-24787\"><a href=\"https:\/\/www.aie.es\/en\/members\/member-area\/\">Member Area<\/a><\/li>\n            <\/ul>\r\n\t\t<\/div>\r\n\t\t","protected":false},"excerpt":{"rendered":"<p>Benefits of AIE Membership Become a Member Become a Member Form Funding for Musical Projects Welfare Assistance, Insurances and AID Member Area<\/p>\n","protected":false},"author":3,"featured_media":0,"parent":0,"menu_order":0,"comment_status":"closed","ping_status":"closed","template":"full_width.php","meta":{"_acf_changed":false,"_relevanssi_hide_post":"","_relevanssi_hide_content":"","_relevanssi_pin_for_all":"","_relevanssi_pin_keywords":"","_relevanssi_unpin_keywords":"","_relevanssi_related_keywords":"","_relevanssi_related_include_ids":"","_relevanssi_related_exclude_ids":"","_relevanssi_related_no_append":"","_relevanssi_related_not_related":"","_relevanssi_related_posts":"","_relevanssi_noindex_reason":"","footnotes":""},"acf":[],"yoast_head":"<!-- This site is optimized with the Yoast SEO Premium plugin v21.5 (Yoast SEO v21.9.1) - https:\/\/yoast.com\/wordpress\/plugins\/seo\/ -->\n<title>Members - AIE Sociedad de Artistas Int\u00e9rpretes o Ejecutantes de Espa\u00f1a<\/title>\n<meta name=\"description\" content=\"Miembros de AIE: \u00danete a una comunidad dedicada a los artistas y su m\u00fasica. Accede a recursos, eventos y redes de apoyo exclusivos.\" \/>\n<meta name=\"robots\" content=\"index, follow, max-snippet:-1, max-image-preview:large, max-video-preview:-1\" \/>\n<link rel=\"canonical\" href=\"https:\/\/www.aie.es\/en\/members\/\" \/>\n<meta property=\"og:locale\" content=\"en_US\" \/>\n<meta property=\"og:type\" content=\"article\" \/>\n<meta property=\"og:title\" content=\"Members\" \/>\n<meta property=\"og:description\" content=\"Miembros de AIE: \u00danete a una comunidad dedicada a los artistas y su m\u00fasica. Accede a recursos, eventos y redes de apoyo exclusivos.\" \/>\n<meta property=\"og:url\" content=\"https:\/\/www.aie.es\/en\/members\/\" \/>\n<meta property=\"og:site_name\" content=\"AIE Sociedad de Artistas Int\u00e9rpretes o Ejecutantes de Espa\u00f1a\" \/>\n<meta property=\"article:modified_time\" content=\"2024-01-29T17:04:11+00:00\" \/>\n<meta name=\"twitter:card\" content=\"summary_large_image\" \/>\n<script type=\"application\/ld+json\" class=\"yoast-schema-graph\">{\"@context\":\"https:\/\/schema.org\",\"@graph\":[{\"@type\":\"WebPage\",\"@id\":\"https:\/\/www.aie.es\/en\/members\/\",\"url\":\"https:\/\/www.aie.es\/en\/members\/\",\"name\":\"Members - AIE Sociedad de Artistas Int\u00e9rpretes o Ejecutantes de Espa\u00f1a\",\"isPartOf\":{\"@id\":\"https:\/\/www.aie.es\/#website\"},\"datePublished\":\"2015-04-30T11:30:45+00:00\",\"dateModified\":\"2024-01-29T17:04:11+00:00\",\"description\":\"Miembros de AIE: \u00danete a una comunidad dedicada a los artistas y su m\u00fasica. Accede a recursos, eventos y redes de apoyo exclusivos.\",\"breadcrumb\":{\"@id\":\"https:\/\/www.aie.es\/en\/members\/#breadcrumb\"},\"inLanguage\":\"en-US\",\"potentialAction\":[{\"@type\":\"ReadAction\",\"target\":[\"https:\/\/www.aie.es\/en\/members\/\"]}]},{\"@type\":\"BreadcrumbList\",\"@id\":\"https:\/\/www.aie.es\/en\/members\/#breadcrumb\",\"itemListElement\":[{\"@type\":\"ListItem\",\"position\":1,\"name\":\"Portada\",\"item\":\"https:\/\/www.aie.es\/en\/\"},{\"@type\":\"ListItem\",\"position\":2,\"name\":\"Members\"}]},{\"@type\":\"WebSite\",\"@id\":\"https:\/\/www.aie.es\/#website\",\"url\":\"https:\/\/www.aie.es\/\",\"name\":\"AIE Sociedad de Artistas Int\u00e9rpretes o Ejecutantes de Espa\u00f1a\",\"description\":\"Entidad de gesti\u00f3n de derechos de propiedad intelectual\",\"potentialAction\":[{\"@type\":\"SearchAction\",\"target\":{\"@type\":\"EntryPoint\",\"urlTemplate\":\"https:\/\/www.aie.es\/?s={search_term_string}\"},\"query-input\":\"required name=search_term_string\"}],\"inLanguage\":\"en-US\"}]}<\/script>\n<!-- \/ Yoast SEO Premium plugin. -->","yoast_head_json":{"title":"Members - AIE Sociedad de Artistas Int\u00e9rpretes o Ejecutantes de Espa\u00f1a","description":"Miembros de AIE: \u00danete a una comunidad dedicada a los artistas y su m\u00fasica. Accede a recursos, eventos y redes de apoyo exclusivos.","robots":{"index":"index","follow":"follow","max-snippet":"max-snippet:-1","max-image-preview":"max-image-preview:large","max-video-preview":"max-video-preview:-1"},"canonical":"https:\/\/www.aie.es\/en\/members\/","og_locale":"en_US","og_type":"article","og_title":"Members","og_description":"Miembros de AIE: \u00danete a una comunidad dedicada a los artistas y su m\u00fasica. Accede a recursos, eventos y redes de apoyo exclusivos.","og_url":"https:\/\/www.aie.es\/en\/members\/","og_site_name":"AIE Sociedad de Artistas Int\u00e9rpretes o Ejecutantes de Espa\u00f1a","article_modified_time":"2024-01-29T17:04:11+00:00","twitter_card":"summary_large_image","schema":{"@context":"https:\/\/schema.org","@graph":[{"@type":"WebPage","@id":"https:\/\/www.aie.es\/en\/members\/","url":"https:\/\/www.aie.es\/en\/members\/","name":"Members - AIE Sociedad de Artistas Int\u00e9rpretes o Ejecutantes de Espa\u00f1a","isPartOf":{"@id":"https:\/\/www.aie.es\/#website"},"datePublished":"2015-04-30T11:30:45+00:00","dateModified":"2024-01-29T17:04:11+00:00","description":"Miembros de AIE: \u00danete a una comunidad dedicada a los artistas y su m\u00fasica. Accede a recursos, eventos y redes de apoyo exclusivos.","breadcrumb":{"@id":"https:\/\/www.aie.es\/en\/members\/#breadcrumb"},"inLanguage":"en-US","potentialAction":[{"@type":"ReadAction","target":["https:\/\/www.aie.es\/en\/members\/"]}]},{"@type":"BreadcrumbList","@id":"https:\/\/www.aie.es\/en\/members\/#breadcrumb","itemListElement":[{"@type":"ListItem","position":1,"name":"Portada","item":"https:\/\/www.aie.es\/en\/"},{"@type":"ListItem","position":2,"name":"Members"}]},{"@type":"WebSite","@id":"https:\/\/www.aie.es\/#website","url":"https:\/\/www.aie.es\/","name":"AIE Sociedad de Artistas Int\u00e9rpretes o Ejecutantes de Espa\u00f1a","description":"Entidad de gesti\u00f3n de derechos de propiedad intelectual","potentialAction":[{"@type":"SearchAction","target":{"@type":"EntryPoint","urlTemplate":"https:\/\/www.aie.es\/?s={search_term_string}"},"query-input":"required name=search_term_string"}],"inLanguage":"en-US"}]}},"_links":{"self":[{"href":"https:\/\/www.aie.es\/en\/wp-json\/wp\/v2\/pages\/24811"}],"collection":[{"href":"https:\/\/www.aie.es\/en\/wp-json\/wp\/v2\/pages"}],"about":[{"href":"https:\/\/www.aie.es\/en\/wp-json\/wp\/v2\/types\/page"}],"author":[{"embeddable":true,"href":"https:\/\/www.aie.es\/en\/wp-json\/wp\/v2\/users\/3"}],"replies":[{"embeddable":true,"href":"https:\/\/www.aie.es\/en\/wp-json\/wp\/v2\/comments?post=24811"}],"version-history":[{"count":1,"href":"https:\/\/www.aie.es\/en\/wp-json\/wp\/v2\/pages\/24811\/revisions"}],"predecessor-version":[{"id":26397,"href":"https:\/\/www.aie.es\/en\/wp-json\/wp\/v2\/pages\/24811\/revisions\/26397"}],"wp:attachment":[{"href":"https:\/\/www.aie.es\/en\/wp-json\/wp\/v2\/media?parent=24811"}],"curies":[{"name":"wp","href":"https:\/\/api.w.org\/{rel}","templated":true}]}}