{"id":24812,"date":"2015-04-30T11:03:41","date_gmt":"2015-04-30T10:03:41","guid":{"rendered":"https:\/\/www.aie.es\/contacto\/"},"modified":"2024-10-01T13:17:54","modified_gmt":"2024-10-01T12:17:54","slug":"contact-us","status":"publish","type":"page","link":"https:\/\/www.aie.es\/en\/aie\/contact-us\/","title":{"rendered":"Contact Us"},"content":{"rendered":"<div class=\"wpb-content-wrapper\"><p>[vc_row css_animation=&#8221;&#8221; row_type=&#8221;row&#8221; use_row_as_full_screen_section=&#8221;no&#8221; type=&#8221;full_width&#8221; angled_section=&#8221;no&#8221; text_align=&#8221;left&#8221; background_image_as_pattern=&#8221;without_pattern&#8221; el_class=&#8221;seccion&#8221; el_id=&#8221;narrow&#8221;][vc_column width=&#8221;2\/3&#8243;][vc_column_text]<\/p>\n<h3>Where are we<\/h3>\n<p>[\/vc_column_text][vc_row_inner row_type=&#8221;row&#8221; type=&#8221;full_width&#8221; text_align=&#8221;left&#8221; css_animation=&#8221;&#8221; el_id=&#8221;contacto&#8221;][vc_column_inner width=&#8221;1\/3&#8243;][vc_column_text]<\/p>\n<h4>AIE Madrid<\/h4>\n<p>Torrelara, 8<br \/>\n28016 Madrid<br \/>\nPhone 91 781 98 50<br \/>\nFax 91 781 95 50<br \/>\n<a href=\"mailto:socios@aie.es\" target=\"_blank\" rel=\"noopener noreferrer\">socios@aie.es<\/a>[\/vc_column_text][vc_gmaps link=&#8221;#E-8_JTNDaWZyYW1lJTIwc3JjJTNEJTIyaHR0cHMlM0ElMkYlMkZ3d3cuZ29vZ2xlLmNvbSUyRm1hcHMlMkZlbWJlZCUzRnBiJTNEJTIxMW0xOCUyMTFtMTIlMjExbTMlMjExZDMwMzUuNTg0NjcyMTU3NTIxJTIxMmQtMy42NzExNTUyODQ2MDI2ODUlMjEzZDQwLjQ2MjMyODU3OTM1OTg0JTIxMm0zJTIxMWYwJTIxMmYwJTIxM2YwJTIxM20yJTIxMWkxMDI0JTIxMmk3NjglMjE0ZjEzLjElMjEzbTMlMjExbTIlMjExczB4ZDQyMjkyZTVmNTI1Y2ExJTI1M0EweDdiMzA2NWM3NmU4MTkwN2IlMjEyc0NhbGxlJTJCVG9ycmVsYXJhJTI1MkMlMkI4JTI1MkMlMkIyODAxNiUyQk1hZHJpZCUyMTVlMCUyMTNtMiUyMTFzZXMlMjEyc2VzJTIxNHYxNDY0NTU1OTE4Mzc4JTIyJTIwd2lkdGglM0QlMjIyNTAlMjIlMjBoZWlnaHQlM0QlMjIyNTAlMjIlMjBmcmFtZWJvcmRlciUzRCUyMjAlMjIlMjBzdHlsZSUzRCUyMmJvcmRlciUzQTAlMjIlMjBhbGxvd2Z1bGxzY3JlZW4lM0UlM0MlMkZpZnJhbWUlM0U=&#8221; size=&#8221;&#8221;][\/vc_column_inner][vc_column_inner width=&#8221;1\/3&#8243;][vc_column_text]<\/p>\n<h4>AIE Barcelona<\/h4>\n<p>Pla\u00e7a d&#8217;Ib\u00e8ria, 4<br \/>\n08014 Barcelona<br \/>\nPhone 93 292 05 55<br \/>\nFax 93 292 14 59<br \/>\n<a href=\"mailto:sociosbarcelona@aie.es\" target=\"_blank\" rel=\"noopener noreferrer\">sociosbarcelona@aie.es<\/a>[\/vc_column_text][vc_gmaps link=&#8221;#E-8_JTNDaWZyYW1lJTIwc3JjJTNEJTIyaHR0cHMlM0ElMkYlMkZ3d3cuZ29vZ2xlLmNvbSUyRm1hcHMlMkZlbWJlZCUzRnBiJTNEJTIxMW0xNCUyMTFtOCUyMTFtMyUyMTFkMjk5NC4wMDEzNjc5OTM5OTA3JTIxMmQyLjEzNzM1NiUyMTNkNDEuMzc0MDU1JTIxM20yJTIxMWkxMDI0JTIxMmk3NjglMjE0ZjEzLjElMjEzbTMlMjExbTIlMjExczB4MTJhNDk4ODVhN2Q1Yzc1MyUyNTNBMHg4MThlYTVkOGYwZjhjNDE2JTIxMnNQbGElMjVDMyUyNUE3YSUyQkliZXJpYSUyNTJDJTJCNCUyNTJDJTJCMDgwMTQlMkJCYXJjZWxvbmElMjE1ZTAlMjEzbTIlMjExc2VzJTIxMnNlcyUyMTR2MTQ2NDU1Njg4OTE3OCUyMiUyMHdpZHRoJTNEJTIyMjUwJTIyJTIwaGVpZ2h0JTNEJTIyMjUwJTIyJTIwZnJhbWVib3JkZXIlM0QlMjIwJTIyJTIwc3R5bGUlM0QlMjJib3JkZXIlM0EwJTIyJTIwYWxsb3dmdWxsc2NyZWVuJTNFJTNDJTJGaWZyYW1lJTNF&#8221; size=&#8221;&#8221;][\/vc_column_inner][vc_column_inner width=&#8221;1\/3&#8243;][vc_column_text]<\/p>\n<h4>AIE Sevilla<\/h4>\n<p>Avenida Blas Infante, 10<br \/>\n41011 Sevilla<br \/>\nPhone 95 433 91 84<br \/>\nFax 95 434 35 05<br \/>\n<a href=\"mailto:sociossevilla@aie.es\" target=\"_blank\" rel=\"noopener noreferrer\">sociossevilla@aie.es<\/a>[\/vc_column_text][vc_gmaps link=&#8221;#E-8_JTNDaWZyYW1lJTIwc3JjJTNEJTIyaHR0cHMlM0ElMkYlMkZ3d3cuZ29vZ2xlLmNvbSUyRm1hcHMlMkZlbWJlZCUzRnBiJTNEJTIxMW0xOCUyMTFtMTIlMjExbTMlMjExZDc5Mi42NjExMDIxNzA5OTYzJTIxMmQtNi4wMDk2NzcxNzA3ODg3MjglMjEzZDM3LjM3NDU4OTk5ODczOTYzJTIxMm0zJTIxMWYwJTIxMmYwJTIxM2YwJTIxM20yJTIxMWkxMDI0JTIxMmk3NjglMjE0ZjEzLjElMjEzbTMlMjExbTIlMjExczB4ZDEyNmM0MTUyNWU3MWJmJTI1M0EweGRmN2M4MDAzNmQ1MDgyYzElMjEyc0F2LiUyQkJsYXMlMkJJbmZhbnRlJTI1MkMlMkIxMCUyNTJDJTJCNDEwMTElMkJTZXZpbGxhJTIxNWUwJTIxM20yJTIxMXNlbiUyMTJzZXMlMjE0djE0NjQ1NTcwNTk1MDYlMjIlMjB3aWR0aCUzRCUyMjI1MCUyMiUyMGhlaWdodCUzRCUyMjI1MCUyMiUyMGZyYW1lYm9yZGVyJTNEJTIyMCUyMiUyMHN0eWxlJTNEJTIyYm9yZGVyJTNBMCUyMiUyMGFsbG93ZnVsbHNjcmVlbiUzRSUzQyUyRmlmcmFtZSUzRQ==&#8221; size=&#8221;&#8221;][\/vc_column_inner][\/vc_row_inner][\/vc_column][vc_column width=&#8221;1\/3&#8243;][vc_single_image image=&#8221;27006&#8243; img_size=&#8221;medium&#8221; alignment=&#8221;right&#8221; qode_css_animation=&#8221;&#8221; el_class=&#8221;logo-contacto&#8221;][\/vc_column][\/vc_row][vc_row css_animation=&#8221;&#8221; row_type=&#8221;row&#8221; use_row_as_full_screen_section=&#8221;no&#8221; type=&#8221;full_width&#8221; angled_section=&#8221;no&#8221; text_align=&#8221;left&#8221; background_image_as_pattern=&#8221;without_pattern&#8221; el_class=&#8221;seccion&#8221; el_id=&#8221;secondary&#8221;][vc_column width=&#8221;2\/3&#8243;][vc_column_text]<\/p>\n<h3>AIE Departments<\/h3>\n<p>[\/vc_column_text][vc_row_inner row_type=&#8221;row&#8221; type=&#8221;full_width&#8221; text_align=&#8221;left&#8221; css_animation=&#8221;&#8221; el_id=&#8221;contacto&#8221;][vc_column_inner width=&#8221;1\/3&#8243;][vc_column_text]<\/p>\n<h4>Presidency<\/h4>\n<p><a href=\"mailto:presidencia@aie.es\" target=\"_blank\" rel=\"noopener noreferrer\">presidencia@aie.es<\/a><br \/>\nPhone 91 781 98 54<br \/>\nFax 91 781 95 54[\/vc_column_text][\/vc_column_inner][vc_column_inner width=&#8221;1\/3&#8243;][vc_column_text]<\/p>\n<h4>Managing Director<\/h4>\n<p><a href=\"mailto:directorgeneral@aie.es\" target=\"_blank\" rel=\"noopener noreferrer\">direccion@aie.es<\/a><br \/>\nPhone 91 781 98 50[\/vc_column_text][\/vc_column_inner][vc_column_inner width=&#8221;1\/3&#8243;][vc_column_text]<\/p>\n<h4>General Secretariat \/ Quality Control<\/h4>\n<p><a href=\"mailto:secregen@aie.es\" target=\"_blank\" rel=\"noopener noreferrer\">secregen@aie.es<\/a><br \/>\nPhone 91 781 98 50[\/vc_column_text][\/vc_column_inner][\/vc_row_inner][vc_row_inner row_type=&#8221;row&#8221; type=&#8221;full_width&#8221; text_align=&#8221;left&#8221; css_animation=&#8221;&#8221; el_id=&#8221;contacto&#8221;][vc_column_inner width=&#8221;1\/3&#8243;][vc_column_text]<\/p>\n<h4>Membership Department (Madrid)<\/h4>\n<p><a href=\"mailto:socios@aie.es\" target=\"_blank\" rel=\"noopener noreferrer\">socios@aie.es<\/a><br \/>\nPhone 91 781 98 50<br \/>\nFax 91 781 95 50[\/vc_column_text][\/vc_column_inner][vc_column_inner width=&#8221;1\/3&#8243;][vc_column_text]<\/p>\n<h4>Membership Department (Barcelona)<\/h4>\n<p><a href=\"mailto:sociosbarcelona@aie.es\" target=\"_blank\" rel=\"noopener noreferrer\">sociosbarcelona@aie.es<\/a><br \/>\nPhone 93 292 05 55<br \/>\nFax 93 292 14 59[\/vc_column_text][\/vc_column_inner][vc_column_inner width=&#8221;1\/3&#8243;][vc_column_text css=&#8221;&#8221;]<\/p>\n<h4>Membership Department (Sevilla)<\/h4>\n<p><a href=\"mailto:sociossevilla@aie.es\" target=\"_blank\" rel=\"noopener\">sociossevilla@aie.es<\/a><br \/>\nPhone 95 433 91 84<br \/>\nFax 95 434 35 05[\/vc_column_text][\/vc_column_inner][\/vc_row_inner][vc_row_inner row_type=&#8221;row&#8221; type=&#8221;full_width&#8221; text_align=&#8221;left&#8221; css_animation=&#8221;&#8221; el_id=&#8221;contacto&#8221;][vc_column_inner width=&#8221;1\/3&#8243;][vc_column_text]<\/p>\n<h4>Assistance and Cultural Fund<\/h4>\n<p><a href=\"mailto:fondo@aie.es\" target=\"_blank\" rel=\"noopener noreferrer\">fonacaie@aie.es<\/a><br \/>\nPhone 91 781 98 50[\/vc_column_text][\/vc_column_inner][vc_column_inner width=&#8221;1\/3&#8243;][vc_column_text]<\/p>\n<h4>Collection<\/h4>\n<p><a href=\"mailto:recaudacion@aie.es\" target=\"_blank\" rel=\"noopener noreferrer\">recaudacion@aie.es<\/a><br \/>\nPhone 91 781 98 50[\/vc_column_text][\/vc_column_inner][vc_column_inner width=&#8221;1\/3&#8243;][vc_column_text]<\/p>\n<h4>International Affairs &amp; Communication<\/h4>\n<p><a href=\"mailto:comunicacion@aie.es\" target=\"_blank\" rel=\"noopener noreferrer\">comunicacion@aie.es<\/a><br \/>\nPhone 91 781 98 54[\/vc_column_text][\/vc_column_inner][\/vc_row_inner][vc_row_inner row_type=&#8221;row&#8221; type=&#8221;full_width&#8221; text_align=&#8221;left&#8221; css_animation=&#8221;&#8221; el_id=&#8221;contacto&#8221;][vc_column_inner width=&#8221;1\/3&#8243;][vc_column_text]<\/p>\n<h4>Legal Department<\/h4>\n<p><a href=\"mailto:ajuridica@aie.es\" target=\"_blank\" rel=\"noopener noreferrer\">ajuridica@aie.es<\/a><br \/>\nPhone 91 781 98 50[\/vc_column_text][\/vc_column_inner][vc_column_inner width=&#8221;1\/3&#8243;][\/vc_column_inner][vc_column_inner width=&#8221;1\/3&#8243;][\/vc_column_inner][\/vc_row_inner][\/vc_column][vc_column width=&#8221;1\/3&#8243;][\/vc_column][\/vc_row]<\/p>\n<\/div>","protected":false},"excerpt":{"rendered":"<p>[vc_row css_animation=&#8221;&#8221; row_type=&#8221;row&#8221; use_row_as_full_screen_section=&#8221;no&#8221; type=&#8221;full_width&#8221; angled_section=&#8221;no&#8221; text_align=&#8221;left&#8221; background_image_as_pattern=&#8221;without_pattern&#8221; el_class=&#8221;seccion&#8221; el_id=&#8221;narrow&#8221;][vc_column width=&#8221;2\/3&#8243;][vc_column_text] Where are we [\/vc_column_text][vc_row_inner row_type=&#8221;row&#8221; type=&#8221;full_width&#8221; text_align=&#8221;left&#8221; css_animation=&#8221;&#8221; el_id=&#8221;contacto&#8221;][vc_column_inner width=&#8221;1\/3&#8243;][vc_column_text] AIE Madrid Torrelara, 8 28016 Madrid Phone 91 781 98 50 Fax 91 781 95 50 socios@aie.es[\/vc_column_text][vc_gmaps link=&#8221;#E-8_JTNDaWZyYW1lJTIwc3JjJTNEJTIyaHR0cHMlM0ElMkYlMkZ3d3cuZ29vZ2xlLmNvbSUyRm1hcHMlMkZlbWJlZCUzRnBiJTNEJTIxMW0xOCUyMTFtMTIlMjExbTMlMjExZDMwMzUuNTg0NjcyMTU3NTIxJTIxMmQtMy42NzExNTUyODQ2MDI2ODUlMjEzZDQwLjQ2MjMyODU3OTM1OTg0JTIxMm0zJTIxMWYwJTIxMmYwJTIxM2YwJTIxM20yJTIxMWkxMDI0JTIxMmk3NjglMjE0ZjEzLjElMjEzbTMlMjExbTIlMjExczB4ZDQyMjkyZTVmNTI1Y2ExJTI1M0EweDdiMzA2NWM3NmU4MTkwN2IlMjEyc0NhbGxlJTJCVG9ycmVsYXJhJTI1MkMlMkI4JTI1MkMlMkIyODAxNiUyQk1hZHJpZCUyMTVlMCUyMTNtMiUyMTFzZXMlMjEyc2VzJTIxNHYxNDY0NTU1OTE4Mzc4JTIyJTIwd2lkdGglM0QlMjIyNTAlMjIlMjBoZWlnaHQlM0QlMjIyNTAlMjIlMjBmcmFtZWJvcmRlciUzRCUyMjAlMjIlMjBzdHlsZSUzRCUyMmJvcmRlciUzQTAlMjIlMjBhbGxvd2Z1bGxzY3JlZW4lM0UlM0MlMkZpZnJhbWUlM0U=&#8221; size=&#8221;&#8221;][\/vc_column_inner][vc_column_inner width=&#8221;1\/3&#8243;][vc_column_text] AIE Barcelona Pla\u00e7a d&#8217;Ib\u00e8ria,&#8230;<\/p>\n","protected":false},"author":3,"featured_media":0,"parent":24815,"menu_order":7,"comment_status":"closed","ping_status":"closed","template":"","meta":{"_acf_changed":false,"_relevanssi_hide_post":"","_relevanssi_hide_content":"","_relevanssi_pin_for_all":"","_relevanssi_pin_keywords":"","_relevanssi_unpin_keywords":"","_relevanssi_related_keywords":"","_relevanssi_related_include_ids":"","_relevanssi_related_exclude_ids":"","_relevanssi_related_no_append":"","_relevanssi_related_not_related":"","_relevanssi_related_posts":"","_relevanssi_noindex_reason":"","footnotes":""},"acf":[],"yoast_head":"<!-- This site is optimized with the Yoast SEO Premium plugin v21.5 (Yoast SEO v21.9.1) - https:\/\/yoast.com\/wordpress\/plugins\/seo\/ -->\n<title>Contact Us - AIE Sociedad de Artistas Int\u00e9rpretes o Ejecutantes de Espa\u00f1a<\/title>\n<meta name=\"description\" content=\"Contacta con AIE: Estamos aqu\u00ed para ayudarte con dudas sobre derechos de autor y apoyo a artistas. Env\u00edanos un mensaje y te responderemos pronto.\" \/>\n<meta name=\"robots\" content=\"index, follow, max-snippet:-1, max-image-preview:large, max-video-preview:-1\" \/>\n<link rel=\"canonical\" href=\"https:\/\/www.aie.es\/en\/aie\/contact-us\/\" \/>\n<meta property=\"og:locale\" content=\"en_US\" \/>\n<meta property=\"og:type\" content=\"article\" \/>\n<meta property=\"og:title\" content=\"Contact Us\" \/>\n<meta property=\"og:description\" content=\"Contacta con AIE: Estamos aqu\u00ed para ayudarte con dudas sobre derechos de autor y apoyo a artistas. Env\u00edanos un mensaje y te responderemos pronto.\" \/>\n<meta property=\"og:url\" content=\"https:\/\/www.aie.es\/en\/aie\/contact-us\/\" \/>\n<meta property=\"og:site_name\" content=\"AIE Sociedad de Artistas Int\u00e9rpretes o Ejecutantes de Espa\u00f1a\" \/>\n<meta property=\"article:modified_time\" content=\"2024-10-01T12:17:54+00:00\" \/>\n<meta name=\"twitter:card\" content=\"summary_large_image\" \/>\n<meta name=\"twitter:label1\" content=\"Est. reading time\" \/>\n\t<meta name=\"twitter:data1\" content=\"2 minutes\" \/>\n<script type=\"application\/ld+json\" class=\"yoast-schema-graph\">{\"@context\":\"https:\/\/schema.org\",\"@graph\":[{\"@type\":\"WebPage\",\"@id\":\"https:\/\/www.aie.es\/en\/aie\/contact-us\/\",\"url\":\"https:\/\/www.aie.es\/en\/aie\/contact-us\/\",\"name\":\"Contact Us - AIE Sociedad de Artistas Int\u00e9rpretes o Ejecutantes de Espa\u00f1a\",\"isPartOf\":{\"@id\":\"https:\/\/www.aie.es\/#website\"},\"datePublished\":\"2015-04-30T10:03:41+00:00\",\"dateModified\":\"2024-10-01T12:17:54+00:00\",\"description\":\"Contacta con AIE: Estamos aqu\u00ed para ayudarte con dudas sobre derechos de autor y apoyo a artistas. Env\u00edanos un mensaje y te responderemos pronto.\",\"breadcrumb\":{\"@id\":\"https:\/\/www.aie.es\/en\/aie\/contact-us\/#breadcrumb\"},\"inLanguage\":\"en-US\",\"potentialAction\":[{\"@type\":\"ReadAction\",\"target\":[\"https:\/\/www.aie.es\/en\/aie\/contact-us\/\"]}]},{\"@type\":\"BreadcrumbList\",\"@id\":\"https:\/\/www.aie.es\/en\/aie\/contact-us\/#breadcrumb\",\"itemListElement\":[{\"@type\":\"ListItem\",\"position\":1,\"name\":\"Portada\",\"item\":\"https:\/\/www.aie.es\/en\/\"},{\"@type\":\"ListItem\",\"position\":2,\"name\":\"AIE\",\"item\":\"https:\/\/www.aie.es\/en\/aie\/\"},{\"@type\":\"ListItem\",\"position\":3,\"name\":\"Contact Us\"}]},{\"@type\":\"WebSite\",\"@id\":\"https:\/\/www.aie.es\/#website\",\"url\":\"https:\/\/www.aie.es\/\",\"name\":\"AIE Sociedad de Artistas Int\u00e9rpretes o Ejecutantes de Espa\u00f1a\",\"description\":\"Entidad de gesti\u00f3n de derechos de propiedad intelectual\",\"potentialAction\":[{\"@type\":\"SearchAction\",\"target\":{\"@type\":\"EntryPoint\",\"urlTemplate\":\"https:\/\/www.aie.es\/?s={search_term_string}\"},\"query-input\":\"required name=search_term_string\"}],\"inLanguage\":\"en-US\"}]}<\/script>\n<!-- \/ Yoast SEO Premium plugin. -->","yoast_head_json":{"title":"Contact Us - AIE Sociedad de Artistas Int\u00e9rpretes o Ejecutantes de Espa\u00f1a","description":"Contacta con AIE: Estamos aqu\u00ed para ayudarte con dudas sobre derechos de autor y apoyo a artistas. Env\u00edanos un mensaje y te responderemos pronto.","robots":{"index":"index","follow":"follow","max-snippet":"max-snippet:-1","max-image-preview":"max-image-preview:large","max-video-preview":"max-video-preview:-1"},"canonical":"https:\/\/www.aie.es\/en\/aie\/contact-us\/","og_locale":"en_US","og_type":"article","og_title":"Contact Us","og_description":"Contacta con AIE: Estamos aqu\u00ed para ayudarte con dudas sobre derechos de autor y apoyo a artistas. Env\u00edanos un mensaje y te responderemos pronto.","og_url":"https:\/\/www.aie.es\/en\/aie\/contact-us\/","og_site_name":"AIE Sociedad de Artistas Int\u00e9rpretes o Ejecutantes de Espa\u00f1a","article_modified_time":"2024-10-01T12:17:54+00:00","twitter_card":"summary_large_image","twitter_misc":{"Est. reading time":"2 minutes"},"schema":{"@context":"https:\/\/schema.org","@graph":[{"@type":"WebPage","@id":"https:\/\/www.aie.es\/en\/aie\/contact-us\/","url":"https:\/\/www.aie.es\/en\/aie\/contact-us\/","name":"Contact Us - AIE Sociedad de Artistas Int\u00e9rpretes o Ejecutantes de Espa\u00f1a","isPartOf":{"@id":"https:\/\/www.aie.es\/#website"},"datePublished":"2015-04-30T10:03:41+00:00","dateModified":"2024-10-01T12:17:54+00:00","description":"Contacta con AIE: Estamos aqu\u00ed para ayudarte con dudas sobre derechos de autor y apoyo a artistas. Env\u00edanos un mensaje y te responderemos pronto.","breadcrumb":{"@id":"https:\/\/www.aie.es\/en\/aie\/contact-us\/#breadcrumb"},"inLanguage":"en-US","potentialAction":[{"@type":"ReadAction","target":["https:\/\/www.aie.es\/en\/aie\/contact-us\/"]}]},{"@type":"BreadcrumbList","@id":"https:\/\/www.aie.es\/en\/aie\/contact-us\/#breadcrumb","itemListElement":[{"@type":"ListItem","position":1,"name":"Portada","item":"https:\/\/www.aie.es\/en\/"},{"@type":"ListItem","position":2,"name":"AIE","item":"https:\/\/www.aie.es\/en\/aie\/"},{"@type":"ListItem","position":3,"name":"Contact Us"}]},{"@type":"WebSite","@id":"https:\/\/www.aie.es\/#website","url":"https:\/\/www.aie.es\/","name":"AIE Sociedad de Artistas Int\u00e9rpretes o Ejecutantes de Espa\u00f1a","description":"Entidad de gesti\u00f3n de derechos de propiedad intelectual","potentialAction":[{"@type":"SearchAction","target":{"@type":"EntryPoint","urlTemplate":"https:\/\/www.aie.es\/?s={search_term_string}"},"query-input":"required name=search_term_string"}],"inLanguage":"en-US"}]}},"_links":{"self":[{"href":"https:\/\/www.aie.es\/en\/wp-json\/wp\/v2\/pages\/24812"}],"collection":[{"href":"https:\/\/www.aie.es\/en\/wp-json\/wp\/v2\/pages"}],"about":[{"href":"https:\/\/www.aie.es\/en\/wp-json\/wp\/v2\/types\/page"}],"author":[{"embeddable":true,"href":"https:\/\/www.aie.es\/en\/wp-json\/wp\/v2\/users\/3"}],"replies":[{"embeddable":true,"href":"https:\/\/www.aie.es\/en\/wp-json\/wp\/v2\/comments?post=24812"}],"version-history":[{"count":6,"href":"https:\/\/www.aie.es\/en\/wp-json\/wp\/v2\/pages\/24812\/revisions"}],"predecessor-version":[{"id":51071,"href":"https:\/\/www.aie.es\/en\/wp-json\/wp\/v2\/pages\/24812\/revisions\/51071"}],"up":[{"embeddable":true,"href":"https:\/\/www.aie.es\/en\/wp-json\/wp\/v2\/pages\/24815"}],"wp:attachment":[{"href":"https:\/\/www.aie.es\/en\/wp-json\/wp\/v2\/media?parent=24812"}],"curies":[{"name":"wp","href":"https:\/\/api.w.org\/{rel}","templated":true}]}}