{"id":24814,"date":"2015-04-30T10:35:21","date_gmt":"2015-04-30T09:35:21","guid":{"rendered":"https:\/\/www.aie.es\/promocion\/"},"modified":"2019-05-20T13:43:51","modified_gmt":"2019-05-20T12:43:51","slug":"promotion","status":"publish","type":"page","link":"https:\/\/www.aie.es\/en\/promotion\/","title":{"rendered":"Promotion"},"content":{"rendered":"\t\t<div class=\"shailan-subpages-container\">\r\n            <ul class=\"subpages\">\r\n                <li class=\"page_item page-item-24802\"><a href=\"https:\/\/www.aie.es\/en\/promotion\/aienruta-artistas\/\">AIEnRUTa-Artists<\/a><\/li>\n<li class=\"page_item page-item-24800 page_item_has_children\"><a href=\"https:\/\/www.aie.es\/en\/promotion\/aienruta-clasicos\/\">AIEnRUTa-Classics<\/a>\n<ul class='children'>\n\t<li class=\"page_item page-item-34129\"><a href=\"https:\/\/www.aie.es\/en\/promotion\/aienruta-clasicos\/formulario-alta\/\">Inscripci\u00f3n Cl\u00e1sicos<\/a><\/li>\n<\/ul>\n<\/li>\n<li class=\"page_item page-item-24801\"><a href=\"https:\/\/www.aie.es\/en\/promotion\/aienruta-jazz\/\">AIEnRUTa-Jazz<\/a><\/li>\n<li class=\"page_item page-item-24799\"><a href=\"https:\/\/www.aie.es\/en\/promotion\/aienruta-flamencos\/\">AIEnRUTa-Flamencos<\/a><\/li>\n<li class=\"page_item page-item-44485 page_item_has_children\"><a href=\"https:\/\/www.aie.es\/en\/promotion\/urbanaie\/\">Urbanaie<\/a>\n<ul class='children'>\n\t<li class=\"page_item page-item-34128\"><a href=\"https:\/\/www.aie.es\/en\/promotion\/urbanaie\/formulario-alta\/\">Inscripci\u00f3n Urbanaie<\/a><\/li>\n<\/ul>\n<\/li>\n<li class=\"page_item page-item-24776\"><a href=\"https:\/\/www.aie.es\/en\/promotion\/aienruta-latinos\/\">AIEnRUTa-Latin<\/a><\/li>\n<li class=\"page_item page-item-24798\"><a href=\"https:\/\/www.aie.es\/en\/promotion\/aie-de-nuevo\/\">AIEDeNuevo<\/a><\/li>\n<li class=\"page_item page-item-24797\"><a href=\"https:\/\/www.aie.es\/en\/promotion\/international-exchanges\/\">International Exchanges<\/a><\/li>\n            <\/ul>\r\n\t\t<\/div>\r\n\t\t","protected":false},"excerpt":{"rendered":"<p>AIEnRUTa-Artists AIEnRUTa-Classics Inscripci\u00f3n Cl\u00e1sicos AIEnRUTa-Jazz AIEnRUTa-Flamencos Urbanaie Inscripci\u00f3n Urbanaie AIEnRUTa-Latin AIEDeNuevo International Exchanges<\/p>\n","protected":false},"author":3,"featured_media":0,"parent":0,"menu_order":0,"comment_status":"closed","ping_status":"closed","template":"full_width.php","meta":{"_acf_changed":false,"_relevanssi_hide_post":"","_relevanssi_hide_content":"","_relevanssi_pin_for_all":"","_relevanssi_pin_keywords":"","_relevanssi_unpin_keywords":"","_relevanssi_related_keywords":"","_relevanssi_related_include_ids":"","_relevanssi_related_exclude_ids":"","_relevanssi_related_no_append":"","_relevanssi_related_not_related":"","_relevanssi_related_posts":"","_relevanssi_noindex_reason":"","footnotes":""},"acf":[],"yoast_head":"<!-- This site is optimized with the Yoast SEO Premium plugin v21.5 (Yoast SEO v21.9.1) - https:\/\/yoast.com\/wordpress\/plugins\/seo\/ -->\n<title>Promotion - AIE Sociedad de Artistas Int\u00e9rpretes o Ejecutantes de Espa\u00f1a<\/title>\n<meta name=\"robots\" content=\"index, follow, max-snippet:-1, max-image-preview:large, max-video-preview:-1\" \/>\n<link rel=\"canonical\" href=\"https:\/\/www.aie.es\/en\/promotion\/\" \/>\n<meta property=\"og:locale\" content=\"en_US\" \/>\n<meta property=\"og:type\" content=\"article\" \/>\n<meta property=\"og:title\" content=\"Promotion\" \/>\n<meta property=\"og:description\" content=\"AIEnRUTa-Artists AIEnRUTa-Classics Inscripci\u00f3n Cl\u00e1sicos AIEnRUTa-Jazz AIEnRUTa-Flamencos Urbanaie Inscripci\u00f3n Urbanaie AIEnRUTa-Latin AIEDeNuevo International Exchanges\" \/>\n<meta property=\"og:url\" content=\"https:\/\/www.aie.es\/en\/promotion\/\" \/>\n<meta property=\"og:site_name\" content=\"AIE Sociedad de Artistas Int\u00e9rpretes o Ejecutantes de Espa\u00f1a\" \/>\n<meta property=\"article:modified_time\" content=\"2019-05-20T12:43:51+00:00\" \/>\n<meta name=\"twitter:card\" content=\"summary_large_image\" \/>\n<script type=\"application\/ld+json\" class=\"yoast-schema-graph\">{\"@context\":\"https:\/\/schema.org\",\"@graph\":[{\"@type\":\"WebPage\",\"@id\":\"https:\/\/www.aie.es\/en\/promotion\/\",\"url\":\"https:\/\/www.aie.es\/en\/promotion\/\",\"name\":\"Promotion - AIE Sociedad de Artistas Int\u00e9rpretes o Ejecutantes de Espa\u00f1a\",\"isPartOf\":{\"@id\":\"https:\/\/www.aie.es\/#website\"},\"datePublished\":\"2015-04-30T09:35:21+00:00\",\"dateModified\":\"2019-05-20T12:43:51+00:00\",\"breadcrumb\":{\"@id\":\"https:\/\/www.aie.es\/en\/promotion\/#breadcrumb\"},\"inLanguage\":\"en-US\",\"potentialAction\":[{\"@type\":\"ReadAction\",\"target\":[\"https:\/\/www.aie.es\/en\/promotion\/\"]}]},{\"@type\":\"BreadcrumbList\",\"@id\":\"https:\/\/www.aie.es\/en\/promotion\/#breadcrumb\",\"itemListElement\":[{\"@type\":\"ListItem\",\"position\":1,\"name\":\"Portada\",\"item\":\"https:\/\/www.aie.es\/en\/\"},{\"@type\":\"ListItem\",\"position\":2,\"name\":\"Promotion\"}]},{\"@type\":\"WebSite\",\"@id\":\"https:\/\/www.aie.es\/#website\",\"url\":\"https:\/\/www.aie.es\/\",\"name\":\"AIE Sociedad de Artistas Int\u00e9rpretes o Ejecutantes de Espa\u00f1a\",\"description\":\"Entidad de gesti\u00f3n de derechos de propiedad intelectual\",\"potentialAction\":[{\"@type\":\"SearchAction\",\"target\":{\"@type\":\"EntryPoint\",\"urlTemplate\":\"https:\/\/www.aie.es\/?s={search_term_string}\"},\"query-input\":\"required name=search_term_string\"}],\"inLanguage\":\"en-US\"}]}<\/script>\n<!-- \/ Yoast SEO Premium plugin. -->","yoast_head_json":{"title":"Promotion - AIE Sociedad de Artistas Int\u00e9rpretes o Ejecutantes de Espa\u00f1a","robots":{"index":"index","follow":"follow","max-snippet":"max-snippet:-1","max-image-preview":"max-image-preview:large","max-video-preview":"max-video-preview:-1"},"canonical":"https:\/\/www.aie.es\/en\/promotion\/","og_locale":"en_US","og_type":"article","og_title":"Promotion","og_description":"AIEnRUTa-Artists AIEnRUTa-Classics Inscripci\u00f3n Cl\u00e1sicos AIEnRUTa-Jazz AIEnRUTa-Flamencos Urbanaie Inscripci\u00f3n Urbanaie AIEnRUTa-Latin AIEDeNuevo International Exchanges","og_url":"https:\/\/www.aie.es\/en\/promotion\/","og_site_name":"AIE Sociedad de Artistas Int\u00e9rpretes o Ejecutantes de Espa\u00f1a","article_modified_time":"2019-05-20T12:43:51+00:00","twitter_card":"summary_large_image","schema":{"@context":"https:\/\/schema.org","@graph":[{"@type":"WebPage","@id":"https:\/\/www.aie.es\/en\/promotion\/","url":"https:\/\/www.aie.es\/en\/promotion\/","name":"Promotion - AIE Sociedad de Artistas Int\u00e9rpretes o Ejecutantes de Espa\u00f1a","isPartOf":{"@id":"https:\/\/www.aie.es\/#website"},"datePublished":"2015-04-30T09:35:21+00:00","dateModified":"2019-05-20T12:43:51+00:00","breadcrumb":{"@id":"https:\/\/www.aie.es\/en\/promotion\/#breadcrumb"},"inLanguage":"en-US","potentialAction":[{"@type":"ReadAction","target":["https:\/\/www.aie.es\/en\/promotion\/"]}]},{"@type":"BreadcrumbList","@id":"https:\/\/www.aie.es\/en\/promotion\/#breadcrumb","itemListElement":[{"@type":"ListItem","position":1,"name":"Portada","item":"https:\/\/www.aie.es\/en\/"},{"@type":"ListItem","position":2,"name":"Promotion"}]},{"@type":"WebSite","@id":"https:\/\/www.aie.es\/#website","url":"https:\/\/www.aie.es\/","name":"AIE Sociedad de Artistas Int\u00e9rpretes o Ejecutantes de Espa\u00f1a","description":"Entidad de gesti\u00f3n de derechos de propiedad intelectual","potentialAction":[{"@type":"SearchAction","target":{"@type":"EntryPoint","urlTemplate":"https:\/\/www.aie.es\/?s={search_term_string}"},"query-input":"required name=search_term_string"}],"inLanguage":"en-US"}]}},"_links":{"self":[{"href":"https:\/\/www.aie.es\/en\/wp-json\/wp\/v2\/pages\/24814"}],"collection":[{"href":"https:\/\/www.aie.es\/en\/wp-json\/wp\/v2\/pages"}],"about":[{"href":"https:\/\/www.aie.es\/en\/wp-json\/wp\/v2\/types\/page"}],"author":[{"embeddable":true,"href":"https:\/\/www.aie.es\/en\/wp-json\/wp\/v2\/users\/3"}],"replies":[{"embeddable":true,"href":"https:\/\/www.aie.es\/en\/wp-json\/wp\/v2\/comments?post=24814"}],"version-history":[{"count":1,"href":"https:\/\/www.aie.es\/en\/wp-json\/wp\/v2\/pages\/24814\/revisions"}],"predecessor-version":[{"id":26377,"href":"https:\/\/www.aie.es\/en\/wp-json\/wp\/v2\/pages\/24814\/revisions\/26377"}],"wp:attachment":[{"href":"https:\/\/www.aie.es\/en\/wp-json\/wp\/v2\/media?parent=24814"}],"curies":[{"name":"wp","href":"https:\/\/api.w.org\/{rel}","templated":true}]}}