{"id":34129,"date":"2020-11-05T11:39:06","date_gmt":"2020-11-05T10:39:06","guid":{"rendered":"https:\/\/www.aie.es\/promotion\/aienruta-clasicos\/formulario-alta\/"},"modified":"2021-01-11T17:53:16","modified_gmt":"2021-01-11T16:53:16","slug":"formulario-alta","status":"publish","type":"page","link":"https:\/\/www.aie.es\/en\/promotion\/aienruta-clasicos\/formulario-alta\/","title":{"rendered":"Inscripci\u00f3n Cl\u00e1sicos"},"content":{"rendered":"<div class=\"wpb-content-wrapper\"><p>[vc_row row_type=&#8221;content_menu&#8221;][vc_column][\/vc_column][\/vc_row] [vc_row css_animation=&#8221;&#8221; row_type=&#8221;row&#8221; use_row_as_full_screen_section=&#8221;no&#8221; type=&#8221;full_width&#8221; anchor=&#8221;&#8221; in_content_menu=&#8221;in_content_menu&#8221; content_menu_title=&#8221;INSCRIPCI\u00d3N EN AIEnRUTa-Cl\u00e1sicos&#8221; content_menu_icon=&#8221;&#8221; angled_section=&#8221;no&#8221; text_align=&#8221;left&#8221; background_image_as_pattern=&#8221;without_pattern&#8221; el_class=&#8221;seccion&#8221;][\/vc_row]<\/p>\n<div class=\"the-form\">\n<div class=\"wpcf7 no-js\" id=\"wpcf7-f33411-o1\" lang=\"es-ES\" dir=\"ltr\">\n<div class=\"screen-reader-response\"><p role=\"status\" aria-live=\"polite\" aria-atomic=\"true\"><\/p> <ul><\/ul><\/div>\n<form action=\"\/en\/wp-json\/wp\/v2\/pages\/34129#wpcf7-f33411-o1\" method=\"post\" class=\"wpcf7-form init\" aria-label=\"Formulario de contacto\" novalidate=\"novalidate\" data-status=\"init\">\n<div style=\"display: none;\">\n<input type=\"hidden\" name=\"_wpcf7\" value=\"33411\" \/>\n<input type=\"hidden\" name=\"_wpcf7_version\" value=\"5.8.1\" \/>\n<input type=\"hidden\" name=\"_wpcf7_locale\" value=\"es_ES\" \/>\n<input type=\"hidden\" name=\"_wpcf7_unit_tag\" value=\"wpcf7-f33411-o1\" \/>\n<input type=\"hidden\" name=\"_wpcf7_container_post\" value=\"0\" \/>\n<input type=\"hidden\" name=\"_wpcf7_posted_data_hash\" value=\"\" \/>\n<\/div>\n<div class = \"cf7_AIE_Form\">\n\n<div style=\"display:none; pointer-events:none;\"><span class=\"wpcf7-form-control-wrap\" data-name=\"Validacion\"><input size=\"40\" class=\"wpcf7-form-control wpcf7-text wpcf7-validates-as-required\" aria-required=\"true\" aria-invalid=\"false\" value=\"NO\" type=\"text\" name=\"Validacion\" \/><\/span><\/div>\n\n<p class=\"formParagraph\">Los campos marcados con * son obligatorios<\/p>\n\n<h3 class=\"formh3\">Datos art\u00edsticos<\/h3>\n\n<div class=\"formColumns wp-block-columns\">\n <div class=\"wp-block-column\">\n   <label class=\"formLabel\"> * Nombre del artista\/grupo: <\/label>\n   <span class=\"wpcf7-form-control-wrap\" data-name=\"txtNombreArtistaGrupo\"><input size=\"40\" class=\"wpcf7-form-control wpcf7-text wpcf7-validates-as-required\" aria-required=\"true\" aria-invalid=\"false\" value=\"\" type=\"text\" name=\"txtNombreArtistaGrupo\" \/><\/span>\n <\/div>\n <div class=\"wp-block-column\">\n   <label class=\"formLabel\"> * Modalidad\/Instrumento: <\/label>\n   <span class=\"wpcf7-form-control-wrap\" data-name=\"txtModalidadInstrumento\"><input size=\"40\" class=\"wpcf7-form-control wpcf7-text wpcf7-validates-as-required\" aria-required=\"true\" aria-invalid=\"false\" value=\"\" type=\"text\" name=\"txtModalidadInstrumento\" \/><\/span>\n <\/div>\n<\/div>\n\n<div class=\"formColumns wp-block-columns\">\n <div class=\"wp-block-column\">\n   <label class=\"formLabel\"> * N\u00famero de componentes: <\/label>\n   <span class=\"wpcf7-form-control-wrap\" data-name=\"txtNumComponentes\"><input class=\"wpcf7-form-control wpcf7-number wpcf7-validates-as-required wpcf7-validates-as-number\" min=\"1\" max=\"100\" aria-required=\"true\" aria-invalid=\"false\" value=\"\" type=\"number\" name=\"txtNumComponentes\" \/><\/span>\n <\/div>\n <div class=\"wp-block-column\">\n   <label class=\"formLabel\"> * Comunidad Aut\u00f3noma: <\/label>\n   <span class=\"wpcf7-form-control-wrap\" data-name=\"ddlComunidadesAutonomas\"><select class=\"wpcf7-form-control wpcf7-select wpcf7-validates-as-required ddl\" aria-required=\"true\" aria-invalid=\"false\" name=\"ddlComunidadesAutonomas\"><option value=\"\">Comunidad Aut\u00f3noma<\/option><option value=\"Andaluc\u00eda\">Andaluc\u00eda<\/option><option value=\"Arag\u00f3n\">Arag\u00f3n<\/option><option value=\"Asturias\">Asturias<\/option><option value=\"Cantabria\">Cantabria<\/option><option value=\"Castilla-La Mancha\">Castilla-La Mancha<\/option><option value=\"Castilla y Le\u00f3n\">Castilla y Le\u00f3n<\/option><option value=\"Catalu\u00f1a\">Catalu\u00f1a<\/option><option value=\"Extremadura\">Extremadura<\/option><option value=\"Galicia\">Galicia<\/option><option value=\"Islas Baleares\">Islas Baleares<\/option><option value=\"Canarias\">Canarias<\/option><option value=\"La Rioja\">La Rioja<\/option><option value=\"Madrid\">Madrid<\/option><option value=\"Murcia\">Murcia<\/option><option value=\"Navarra\">Navarra<\/option><option value=\"Pa\u00eds Vasco\">Pa\u00eds Vasco<\/option><option value=\"Valencia\">Valencia<\/option><\/select><\/span>\n <\/div>\n<\/div>\n\n<div class=\"formColumns\">\n<label class=\"formLabel\">* Fecha de nacimiento(componente\/s):<\/label>\n<span class=\"wpcf7-form-control-wrap\" data-name=\"txtFechaNacimiento\"><input size=\"40\" class=\"wpcf7-form-control wpcf7-text wpcf7-validates-as-required\" aria-required=\"true\" aria-invalid=\"false\" value=\"\" type=\"text\" name=\"txtFechaNacimiento\" \/><\/span>\n<\/div>\n\n<div class=\"formColumns wp-block-columns\">\n <div class=\"wp-block-column\">\n    <label class=\"formLabel\">* \u00bfEres socio?:<\/label>\n    <span class=\"wpcf7-form-control-wrap\" data-name=\"ddlSocio\"><select class=\"wpcf7-form-control wpcf7-select wpcf7-validates-as-required ddl\" aria-required=\"true\" aria-invalid=\"false\" name=\"ddlSocio\"><option value=\"\">Selecciona opci\u00f3n<\/option><option value=\"S\u00ed\">S\u00ed<\/option><option value=\"No\">No<\/option><\/select><\/span>\n <\/div>\n <div class=\"wp-block-column\">\n   <label class=\"formLabel\"> N\u00ba socio: <\/label>\n   <span class=\"wpcf7-form-control-wrap\" data-name=\"txtNumeroSocio\"><input size=\"40\" class=\"wpcf7-form-control wpcf7-text\" aria-invalid=\"false\" value=\"\" type=\"text\" name=\"txtNumeroSocio\" \/><\/span>\n <\/div>\n<\/div>\n\n\n\n<div class=\"formColumns\">\n<label class=\"formLabel\">Expl\u00edcanos m\u00e1s sobre tu grupo:<\/label>\n<span class=\"wpcf7-form-control-wrap\" data-name=\"explicanosMas\"><textarea cols=\"40\" rows=\"10\" class=\"wpcf7-form-control wpcf7-textarea\" aria-invalid=\"false\" name=\"explicanosMas\"><\/textarea><\/span>\n<\/div>\n\n<h3 class=\"formh3\">Informaci\u00f3n sobre tu Propuesta<span class=\"tooltip tooltip-right\" data-tooltip=\"El env\u00edo del CD es opcional. Si no se env\u00eda el CD no es necesario rellenar estos campos.\"><i class=\"qode_icon_font_awesome fa fa-info-circle \" style=\"color: #a4a4a4;font-size: 22px;color: rgb(164, 164, 164);\"><\/i><\/span><\/h3>\n<div class=\"formColumns\">\n<label class=\"formLabel\"> Titulo\/s de tu\/s publicaci\u00f3n\/es: <\/label>\n<span class=\"wpcf7-form-control-wrap\" data-name=\"txtCDNombre\"><input size=\"40\" class=\"wpcf7-form-control wpcf7-text\" aria-invalid=\"false\" value=\"\" type=\"text\" name=\"txtCDNombre\" \/><\/span>\n<\/div>\n\n<div class=\"formColumns\">\n <label class=\"formLabel\"> Fecha\/s de tu\/s publicaci\u00f3n\/es: <\/label>\n   <span class=\"wpcf7-form-control-wrap\" data-name=\"txtCDFechaPublicacion\"><input size=\"40\" class=\"wpcf7-form-control wpcf7-text\" aria-invalid=\"false\" value=\"\" type=\"text\" name=\"txtCDFechaPublicacion\" \/><\/span>\n<\/div>\n\n<p class=\"formParagraph\">En el caso de edici\u00f3n digital indica la siguiente informaci\u00f3n:<\/p>\n<div class=\"formColumns\">\n<label class=\"formLabel\">* Link a plataforma en streaming: <span class=\"tooltip tooltip-right\" data-tooltip=\"Incluya una \u00fanica URL de una de estas plataformas: YouTube, Spotify, Tidal, Apple Music o Deezer\"><i class=\"qode_icon_font_awesome fa fa-info-circle \" style=\"color: #a4a4a4;font-size: 22px;color: rgb(164, 164, 164);\"><\/i><\/span><\/label>\n<span class=\"wpcf7-form-control-wrap\" data-name=\"txtLinksStreaming\"><input size=\"40\" class=\"wpcf7-form-control wpcf7-url wpcf7-validates-as-required wpcf7-text wpcf7-validates-as-url\" aria-required=\"true\" aria-invalid=\"false\" value=\"\" type=\"url\" name=\"txtLinksStreaming\" \/><\/span>\n<\/div>\n\n <p class=\"formParagraph\">En caso de tener \u00fanicamente edici\u00f3n f\u00edsica, rellena a continuaci\u00f3n los datos del CD.<\/p>\n\n<div class=\"formColumns wp-block-columns\">\n <div class=\"wp-block-column\">\n   <label class=\"formLabel\"> Referencia (C\u00f3digo de Barras): <\/label>\n   <span class=\"wpcf7-form-control-wrap\" data-name=\"txtCDReferencia\"><input size=\"40\" class=\"wpcf7-form-control wpcf7-text\" aria-invalid=\"false\" value=\"\" type=\"text\" name=\"txtCDReferencia\" \/><\/span>\n <\/div>\n<\/div>\n\n<h3 class=\"formh3\">Datos de contacto<\/h3>\n\n<div class=\"formColumns wp-block-columns\">\n <div class=\"wp-block-column\">\n   <label class=\"formLabel\"> * Nombre del contacto: <\/label>\n   <span class=\"wpcf7-form-control-wrap\" data-name=\"txtNombreContacto\"><input size=\"40\" class=\"wpcf7-form-control wpcf7-text wpcf7-validates-as-required\" aria-required=\"true\" aria-invalid=\"false\" value=\"\" type=\"text\" name=\"txtNombreContacto\" \/><\/span>\n <\/div>\n <div class=\"wp-block-column\">\n   <label class=\"formLabel\"> * 1er Apellido: <\/label>\n   <span class=\"wpcf7-form-control-wrap\" data-name=\"txtPrimerApellido\"><input size=\"40\" class=\"wpcf7-form-control wpcf7-text wpcf7-validates-as-required\" aria-required=\"true\" aria-invalid=\"false\" value=\"\" type=\"text\" name=\"txtPrimerApellido\" \/><\/span>\n <\/div>\n <div class=\"wp-block-column\">\n   <label class=\"formLabel\"> 2do Apellido: <\/label>\n   <span class=\"wpcf7-form-control-wrap\" data-name=\"txtSegundoApellido\"><input size=\"40\" class=\"wpcf7-form-control wpcf7-text\" aria-invalid=\"false\" value=\"\" type=\"text\" name=\"txtSegundoApellido\" \/><\/span>\n <\/div>\n<\/div>\n\n<div class=\"formColumns wp-block-columns\">\n <div class=\"wp-block-column\">\n   <label class=\"formLabel\"> * E-mail: <\/label>\n   <span class=\"wpcf7-form-control-wrap\" data-name=\"txtEmail\"><input size=\"40\" class=\"wpcf7-form-control wpcf7-email wpcf7-validates-as-required wpcf7-text wpcf7-validates-as-email\" aria-required=\"true\" aria-invalid=\"false\" value=\"\" type=\"email\" name=\"txtEmail\" \/><\/span>\n <\/div>\n <div class=\"wp-block-column\">\n   <label class=\"formLabel\"> * Tel\u00e9fono: <\/label>\n   <span class=\"wpcf7-form-control-wrap\" data-name=\"txtTelefono\"><input size=\"40\" class=\"wpcf7-form-control wpcf7-tel wpcf7-validates-as-required wpcf7-text wpcf7-validates-as-tel\" aria-required=\"true\" aria-invalid=\"false\" value=\"\" type=\"tel\" name=\"txtTelefono\" \/><\/span>\n <\/div>\n<\/div>\n\n<div class=\"formColumns wp-block-columns\">\n <div class=\"wp-block-column\">\n   <label class=\"formLabel\">* Web\/RRSS: <span class=\"tooltip tooltip-right\" data-tooltip=\"Incluya una \u00fanica URL de su red social o web\"><i class=\"qode_icon_font_awesome fa fa-info-circle \" style=\"color: #a4a4a4;font-size: 22px;color: rgb(164, 164, 164);\"><\/i><\/span><\/label>\n   <span class=\"wpcf7-form-control-wrap\" data-name=\"txtWeb\"><input size=\"40\" class=\"wpcf7-form-control wpcf7-url wpcf7-validates-as-required wpcf7-text wpcf7-validates-as-url\" aria-required=\"true\" aria-invalid=\"false\" value=\"\" type=\"url\" name=\"txtWeb\" \/><\/span>\n <\/div>\n <div class=\"wp-block-column\">\n   <label class=\"formLabel\"> V\u00eddeo URL: <\/label>\n   <span class=\"wpcf7-form-control-wrap\" data-name=\"txtVideoURL\"><input size=\"40\" class=\"wpcf7-form-control wpcf7-url wpcf7-text wpcf7-validates-as-url\" aria-invalid=\"false\" value=\"\" type=\"url\" name=\"txtVideoURL\" \/><\/span>\n <\/div>\n<\/div>\n\n<div class=\"formColumns\">\n<label class=\"formLabel\"> * Direcci\u00f3n: <\/label>\n   <span class=\"wpcf7-form-control-wrap\" data-name=\"txtDireccion\"><input size=\"40\" class=\"wpcf7-form-control wpcf7-text wpcf7-validates-as-required\" aria-required=\"true\" aria-invalid=\"false\" value=\"\" type=\"text\" name=\"txtDireccion\" \/><\/span>\n<\/div>\n\n<div class=\"formColumns wp-block-columns\">\n <div class=\"wp-block-column\">\n   <label class=\"formLabel\"> * C\u00f3digo Postal: <\/label>\n   <span class=\"wpcf7-form-control-wrap\" data-name=\"txtCodigoPostal\"><input size=\"40\" class=\"wpcf7-form-control wpcf7-text wpcf7-validates-as-required\" aria-required=\"true\" aria-invalid=\"false\" value=\"\" type=\"text\" name=\"txtCodigoPostal\" \/><\/span>\n <\/div>\n <div class=\"wp-block-column\">\n   <label class=\"formLabel\"> * Provincia: <\/label>\n   <span class=\"wpcf7-form-control-wrap\" data-name=\"ddlProvincias\"><select class=\"wpcf7-form-control wpcf7-select wpcf7-validates-as-required\" aria-required=\"true\" aria-invalid=\"false\" name=\"ddlProvincias\"><option value=\"\">Provincia<\/option><option value=\"A Coru\u00f1a\">A Coru\u00f1a<\/option><option value=\"\u00c1lava\">\u00c1lava<\/option><option value=\"Albacete\">Albacete<\/option><option value=\"Alicante\">Alicante<\/option><option value=\"Almer\u00eda\">Almer\u00eda<\/option><option value=\"Asturias\">Asturias<\/option><option value=\"\u00c1vila\">\u00c1vila<\/option><option value=\"Badajoz\">Badajoz<\/option><option value=\"Baleares\">Baleares<\/option><option value=\"Barcelona\">Barcelona<\/option><option value=\"Burgos\">Burgos<\/option><option value=\"C\u00e1ceres\">C\u00e1ceres<\/option><option value=\"C\u00e1diz\">C\u00e1diz<\/option><option value=\"Cantabria\">Cantabria<\/option><option value=\"Castell\u00f3n\">Castell\u00f3n<\/option><option value=\"Ciudad Real\">Ciudad Real<\/option><option value=\"C\u00f3rdoba\">C\u00f3rdoba<\/option><option value=\"Cuenca\">Cuenca<\/option><option value=\"Girona\">Girona<\/option><option value=\"Granada\">Granada<\/option><option value=\"Guadalajara\">Guadalajara<\/option><option value=\"Gipuzkoa\">Gipuzkoa<\/option><option value=\"Huelva\">Huelva<\/option><option value=\"Huesca\">Huesca<\/option><option value=\"Ja\u00e9n\">Ja\u00e9n<\/option><option value=\"La Rioja\">La Rioja<\/option><option value=\"Las Palmas\">Las Palmas<\/option><option value=\"Le\u00f3n\">Le\u00f3n<\/option><option value=\"L\u00e9rida\">L\u00e9rida<\/option><option value=\"Lugo\">Lugo<\/option><option value=\"Madrid\">Madrid<\/option><option value=\"M\u00e1laga\">M\u00e1laga<\/option><option value=\"Murcia\">Murcia<\/option><option value=\"Navarra\">Navarra<\/option><option value=\"Ourense\">Ourense<\/option><option value=\"Palencia\">Palencia<\/option><option value=\"Pontevedra\">Pontevedra<\/option><option value=\"Salamanca\">Salamanca<\/option><option value=\"Segovia\">Segovia<\/option><option value=\"Sevilla\">Sevilla<\/option><option value=\"Soria\">Soria<\/option><option value=\"Tarragona\">Tarragona<\/option><option value=\"Santa Cruz de Tenerife\">Santa Cruz de Tenerife<\/option><option value=\"Teruel\">Teruel<\/option><option value=\"Toledo\">Toledo<\/option><option value=\"Valencia\">Valencia<\/option><option value=\"Valladolid\">Valladolid<\/option><option value=\"Vizcaya\">Vizcaya<\/option><option value=\"Zamora\">Zamora<\/option><option value=\"Zaragoza\">Zaragoza<\/option><\/select><\/span>\n <\/div>\n<\/div>\n\n<div class=\"column-full captcha_col\"><p> *C\u00f3digo de Seguridad: <input type=\"hidden\" name=\"_wpcf7_captcha_challenge_captcha-118\" value=\"2059036051\" \/><img decoding=\"async\" class=\"wpcf7-form-control wpcf7-captchac wpcf7-captcha-captcha-118\" width=\"84\" height=\"28\" alt=\"captcha\" src=\"https:\/\/www.aie.es\/wp-content\/uploads\/wpcf7_captcha\/2059036051.png\" \/><span class=\"wpcf7-form-control-wrap\" data-name=\"captcha-118\"><input size=\"4\" maxlength=\"4\" class=\"wpcf7-form-control wpcf7-captchar\" autocomplete=\"off\" aria-invalid=\"false\" value=\"\" type=\"text\" name=\"captcha-118\" \/><\/span><\/p><\/div>\n\n<p style=\"text-align:justify\">Artistas Int\u00e9rpretes o Ejecutantes, EGDPI (\u201cAIE\u201d), tratar\u00e1 los datos personales recabados a trav\u00e9s de este formulario exclusivamente de forma confidencial para gestionar servicios y comunicaciones relacionados con la inscripci\u00f3n en los circuitos. La base de legitimaci\u00f3n para el tratamiento es el consentimiento del interesado, conforme al art\u00edculo 6.1.a) RGPD. Sus datos personales no ser\u00e1n cedidos a terceros para fines distintos de los establecidos, salvo obligaci\u00f3n legal. Puede ejercer sus derechos de acceso, rectificaci\u00f3n, supresi\u00f3n, limitaci\u00f3n, oposici\u00f3n y portabilidad de sus datos personales, as\u00ed como realizar consultas o revocar su consentimiento en cualquier momento, mediante solicitud escrita dirigida a AIE, en la direcci\u00f3n Calle Torrelara, 8, 28016, Madrid, o a trav\u00e9s del correo electr\u00f3nico <a style=\"color: #ff0000;\" href=\"mailto:dpo@aie.es\">dpo@aie.es<\/a>. Asimismo, tiene derecho a presentar una reclamaci\u00f3n ante la Agencia Espa\u00f1ola de Protecci\u00f3n de Datos (<a style=\"color: #ff0000;\" href=\"https:\/\/www.aepd.es\" target=\"_blank\">aepd.es<\/a>).<\/p>\n\n<p class=\"lastParagraph formParagraph\">M\u00e1s informaci\u00f3n sobre protecci\u00f3n de datos en <a style=\"color: #ff0000;\" href=\"https:\/\/www.aie.es\/privacidad\"  target=\"_blank\">aie.es\/privacidad<\/a>.<\/p>\n\n<input class=\"wpcf7-form-control wpcf7-submit has-spinner\" type=\"submit\" value=\"Enviar\" \/>\n<\/div><div class=\"wpcf7-response-output\" aria-hidden=\"true\"><\/div>\n<\/form>\n<\/div>\n<\/div>\n<p><script type=\"text\/javascript\">\njQuery(document).ready(function($) {\nvar d = document.getElementById(\"menu-item-18145\");\nd.className += \" linkOrangeSideMenu\";\nd = document.getElementById(\"nav-menu-item-15466\");\nd.className += \" linkOrangeTopMenu\";\njQuery(\"#language-list li a\").attr(\"href\",\"#\");\njQuery(\"#language-list li a\").css('pointer-events', 'none');\n});\n<\/script><\/p>\n<\/div>","protected":false},"excerpt":{"rendered":"<p>[vc_row row_type=&#8221;content_menu&#8221;][vc_column][\/vc_column][\/vc_row] [vc_row css_animation=&#8221;&#8221; row_type=&#8221;row&#8221; use_row_as_full_screen_section=&#8221;no&#8221; type=&#8221;full_width&#8221; anchor=&#8221;&#8221; in_content_menu=&#8221;in_content_menu&#8221; content_menu_title=&#8221;INSCRIPCI\u00d3N EN AIEnRUTa-Cl\u00e1sicos&#8221; content_menu_icon=&#8221;&#8221; angled_section=&#8221;no&#8221; text_align=&#8221;left&#8221; background_image_as_pattern=&#8221;without_pattern&#8221; el_class=&#8221;seccion&#8221;][\/vc_row]<\/p>\n","protected":false},"author":3,"featured_media":0,"parent":24800,"menu_order":0,"comment_status":"closed","ping_status":"closed","template":"aienruta-formulario.php","meta":{"_acf_changed":false,"_relevanssi_hide_post":"","_relevanssi_hide_content":"","_relevanssi_pin_for_all":"","_relevanssi_pin_keywords":"","_relevanssi_unpin_keywords":"","_relevanssi_related_keywords":"","_relevanssi_related_include_ids":"","_relevanssi_related_exclude_ids":"","_relevanssi_related_no_append":"","_relevanssi_related_not_related":"","_relevanssi_related_posts":"","_relevanssi_noindex_reason":"","footnotes":""},"acf":[],"yoast_head":"<!-- This site is optimized with the Yoast SEO Premium plugin v21.5 (Yoast SEO v21.9.1) - https:\/\/yoast.com\/wordpress\/plugins\/seo\/ -->\n<title>Inscripci\u00f3n Cl\u00e1sicos - AIE Sociedad de Artistas Int\u00e9rpretes o Ejecutantes de Espa\u00f1a<\/title>\n<meta name=\"robots\" content=\"index, follow, max-snippet:-1, max-image-preview:large, max-video-preview:-1\" \/>\n<link rel=\"canonical\" href=\"https:\/\/www.aie.es\/en\/promotion\/aienruta-clasicos\/formulario-alta\/\" \/>\n<meta property=\"og:locale\" content=\"en_US\" \/>\n<meta property=\"og:type\" content=\"article\" \/>\n<meta property=\"og:title\" content=\"Inscripci\u00f3n Cl\u00e1sicos\" \/>\n<meta property=\"og:description\" content=\"[vc_row row_type=&#8221;content_menu&#8221;][vc_column][\/vc_column][\/vc_row] [vc_row css_animation=&#8221;&#8221; row_type=&#8221;row&#8221; use_row_as_full_screen_section=&#8221;no&#8221; type=&#8221;full_width&#8221; anchor=&#8221;&#8221; in_content_menu=&#8221;in_content_menu&#8221; content_menu_title=&#8221;INSCRIPCI\u00d3N EN AIEnRUTa-Cl\u00e1sicos&#8221; content_menu_icon=&#8221;&#8221; angled_section=&#8221;no&#8221; text_align=&#8221;left&#8221; background_image_as_pattern=&#8221;without_pattern&#8221; el_class=&#8221;seccion&#8221;][\/vc_row]\" \/>\n<meta property=\"og:url\" content=\"https:\/\/www.aie.es\/en\/promotion\/aienruta-clasicos\/formulario-alta\/\" \/>\n<meta property=\"og:site_name\" content=\"AIE Sociedad de Artistas Int\u00e9rpretes o Ejecutantes de Espa\u00f1a\" \/>\n<meta property=\"article:modified_time\" content=\"2021-01-11T16:53:16+00:00\" \/>\n<meta name=\"twitter:card\" content=\"summary_large_image\" \/>\n<script type=\"application\/ld+json\" class=\"yoast-schema-graph\">{\"@context\":\"https:\/\/schema.org\",\"@graph\":[{\"@type\":\"WebPage\",\"@id\":\"https:\/\/www.aie.es\/en\/promotion\/aienruta-clasicos\/formulario-alta\/\",\"url\":\"https:\/\/www.aie.es\/en\/promotion\/aienruta-clasicos\/formulario-alta\/\",\"name\":\"Inscripci\u00f3n Cl\u00e1sicos - AIE Sociedad de Artistas Int\u00e9rpretes o Ejecutantes de Espa\u00f1a\",\"isPartOf\":{\"@id\":\"https:\/\/www.aie.es\/#website\"},\"datePublished\":\"2020-11-05T10:39:06+00:00\",\"dateModified\":\"2021-01-11T16:53:16+00:00\",\"breadcrumb\":{\"@id\":\"https:\/\/www.aie.es\/en\/promotion\/aienruta-clasicos\/formulario-alta\/#breadcrumb\"},\"inLanguage\":\"en-US\",\"potentialAction\":[{\"@type\":\"ReadAction\",\"target\":[\"https:\/\/www.aie.es\/en\/promotion\/aienruta-clasicos\/formulario-alta\/\"]}]},{\"@type\":\"BreadcrumbList\",\"@id\":\"https:\/\/www.aie.es\/en\/promotion\/aienruta-clasicos\/formulario-alta\/#breadcrumb\",\"itemListElement\":[{\"@type\":\"ListItem\",\"position\":1,\"name\":\"Portada\",\"item\":\"https:\/\/www.aie.es\/en\/\"},{\"@type\":\"ListItem\",\"position\":2,\"name\":\"Promotion\",\"item\":\"https:\/\/www.aie.es\/en\/promotion\/\"},{\"@type\":\"ListItem\",\"position\":3,\"name\":\"AIEnRUTa-Classics\",\"item\":\"https:\/\/www.aie.es\/en\/promotion\/aienruta-clasicos\/\"},{\"@type\":\"ListItem\",\"position\":4,\"name\":\"Inscripci\u00f3n Cl\u00e1sicos\"}]},{\"@type\":\"WebSite\",\"@id\":\"https:\/\/www.aie.es\/#website\",\"url\":\"https:\/\/www.aie.es\/\",\"name\":\"AIE Sociedad de Artistas Int\u00e9rpretes o Ejecutantes de Espa\u00f1a\",\"description\":\"Entidad de gesti\u00f3n de derechos de propiedad intelectual\",\"potentialAction\":[{\"@type\":\"SearchAction\",\"target\":{\"@type\":\"EntryPoint\",\"urlTemplate\":\"https:\/\/www.aie.es\/?s={search_term_string}\"},\"query-input\":\"required name=search_term_string\"}],\"inLanguage\":\"en-US\"}]}<\/script>\n<!-- \/ Yoast SEO Premium plugin. -->","yoast_head_json":{"title":"Inscripci\u00f3n Cl\u00e1sicos - AIE Sociedad de Artistas Int\u00e9rpretes o Ejecutantes de Espa\u00f1a","robots":{"index":"index","follow":"follow","max-snippet":"max-snippet:-1","max-image-preview":"max-image-preview:large","max-video-preview":"max-video-preview:-1"},"canonical":"https:\/\/www.aie.es\/en\/promotion\/aienruta-clasicos\/formulario-alta\/","og_locale":"en_US","og_type":"article","og_title":"Inscripci\u00f3n Cl\u00e1sicos","og_description":"[vc_row row_type=&#8221;content_menu&#8221;][vc_column][\/vc_column][\/vc_row] [vc_row css_animation=&#8221;&#8221; row_type=&#8221;row&#8221; use_row_as_full_screen_section=&#8221;no&#8221; type=&#8221;full_width&#8221; anchor=&#8221;&#8221; in_content_menu=&#8221;in_content_menu&#8221; content_menu_title=&#8221;INSCRIPCI\u00d3N EN AIEnRUTa-Cl\u00e1sicos&#8221; content_menu_icon=&#8221;&#8221; angled_section=&#8221;no&#8221; text_align=&#8221;left&#8221; background_image_as_pattern=&#8221;without_pattern&#8221; el_class=&#8221;seccion&#8221;][\/vc_row]","og_url":"https:\/\/www.aie.es\/en\/promotion\/aienruta-clasicos\/formulario-alta\/","og_site_name":"AIE Sociedad de Artistas Int\u00e9rpretes o Ejecutantes de Espa\u00f1a","article_modified_time":"2021-01-11T16:53:16+00:00","twitter_card":"summary_large_image","schema":{"@context":"https:\/\/schema.org","@graph":[{"@type":"WebPage","@id":"https:\/\/www.aie.es\/en\/promotion\/aienruta-clasicos\/formulario-alta\/","url":"https:\/\/www.aie.es\/en\/promotion\/aienruta-clasicos\/formulario-alta\/","name":"Inscripci\u00f3n Cl\u00e1sicos - AIE Sociedad de Artistas Int\u00e9rpretes o Ejecutantes de Espa\u00f1a","isPartOf":{"@id":"https:\/\/www.aie.es\/#website"},"datePublished":"2020-11-05T10:39:06+00:00","dateModified":"2021-01-11T16:53:16+00:00","breadcrumb":{"@id":"https:\/\/www.aie.es\/en\/promotion\/aienruta-clasicos\/formulario-alta\/#breadcrumb"},"inLanguage":"en-US","potentialAction":[{"@type":"ReadAction","target":["https:\/\/www.aie.es\/en\/promotion\/aienruta-clasicos\/formulario-alta\/"]}]},{"@type":"BreadcrumbList","@id":"https:\/\/www.aie.es\/en\/promotion\/aienruta-clasicos\/formulario-alta\/#breadcrumb","itemListElement":[{"@type":"ListItem","position":1,"name":"Portada","item":"https:\/\/www.aie.es\/en\/"},{"@type":"ListItem","position":2,"name":"Promotion","item":"https:\/\/www.aie.es\/en\/promotion\/"},{"@type":"ListItem","position":3,"name":"AIEnRUTa-Classics","item":"https:\/\/www.aie.es\/en\/promotion\/aienruta-clasicos\/"},{"@type":"ListItem","position":4,"name":"Inscripci\u00f3n Cl\u00e1sicos"}]},{"@type":"WebSite","@id":"https:\/\/www.aie.es\/#website","url":"https:\/\/www.aie.es\/","name":"AIE Sociedad de Artistas Int\u00e9rpretes o Ejecutantes de Espa\u00f1a","description":"Entidad de gesti\u00f3n de derechos de propiedad intelectual","potentialAction":[{"@type":"SearchAction","target":{"@type":"EntryPoint","urlTemplate":"https:\/\/www.aie.es\/?s={search_term_string}"},"query-input":"required name=search_term_string"}],"inLanguage":"en-US"}]}},"_links":{"self":[{"href":"https:\/\/www.aie.es\/en\/wp-json\/wp\/v2\/pages\/34129"}],"collection":[{"href":"https:\/\/www.aie.es\/en\/wp-json\/wp\/v2\/pages"}],"about":[{"href":"https:\/\/www.aie.es\/en\/wp-json\/wp\/v2\/types\/page"}],"author":[{"embeddable":true,"href":"https:\/\/www.aie.es\/en\/wp-json\/wp\/v2\/users\/3"}],"replies":[{"embeddable":true,"href":"https:\/\/www.aie.es\/en\/wp-json\/wp\/v2\/comments?post=34129"}],"version-history":[{"count":1,"href":"https:\/\/www.aie.es\/en\/wp-json\/wp\/v2\/pages\/34129\/revisions"}],"predecessor-version":[{"id":34131,"href":"https:\/\/www.aie.es\/en\/wp-json\/wp\/v2\/pages\/34129\/revisions\/34131"}],"up":[{"embeddable":true,"href":"https:\/\/www.aie.es\/en\/wp-json\/wp\/v2\/pages\/24800"}],"wp:attachment":[{"href":"https:\/\/www.aie.es\/en\/wp-json\/wp\/v2\/media?parent=34129"}],"curies":[{"name":"wp","href":"https:\/\/api.w.org\/{rel}","templated":true}]}}