{"id":42340,"date":"2023-01-18T06:38:37","date_gmt":"2023-01-18T05:38:37","guid":{"rendered":"https:\/\/www.aie.es\/aie\/statutes-and-documents\/rsc\/"},"modified":"2025-10-28T17:51:13","modified_gmt":"2025-10-28T16:51:13","slug":"rsc","status":"publish","type":"page","link":"https:\/\/www.aie.es\/en\/aie\/statutes-and-documents\/rsc\/","title":{"rendered":"RSC"},"content":{"rendered":"<div><\/div>\n<div><\/div>\n<div style=\"margin-top: 2em;\"><strong>CORPORATE SOCIAL RESPONSIBILITY REPORT AIE 2021<\/strong><\/div>\n<div>VERSION 1: Interactive, Optimized for Adobe Reader:<\/div>\n<div class=\"elementToProof\"><span style=\"color: #ff0000;\"><br \/>\n<a style=\"color: #ff0000;\" href=\"https:\/\/www.aie.es\/wp-content\/uploads\/Memoria-RSC-AIE-2021-30nov22-INTERACTIVA.pdf\" target=\"_blank\" rel=\"noopener noreferrer\">MEMORIA RSC AIE 2021<\/a><\/span><\/div>\n<div><span style=\"color: #ff0000;\"><a style=\"color: #ff0000;\" href=\"https:\/\/www.aie.es\/wp-content\/uploads\/Memoria-RSC-AIE-2022-9Ene23-DEF.pdf\" target=\"_blank\" rel=\"noopener noreferrer\">MEMORIA RSC AIE 2022<\/a><\/span><\/div>\n<div><a href=\"https:\/\/indd.adobe.com\/view\/6e883041-022e-486c-9888-366fb54f1e57\" target=\"_blank\" rel=\"noopener\"><span style=\"color: #ff0000;\">MEMORIA RSC AIE 2023<\/span><\/a><\/div>\n<div><a href=\"https:\/\/indd.adobe.com\/view\/a04ba513-144b-4671-869d-19ce83e6e0f4\" target=\"_blank\" rel=\"noopener\"><span style=\"color: #ff0000;\">MEMORIA RSC AIE 2024<\/span><\/a><\/div>\n<p><span style=\"font-weight: 400;\">VERSION 2: Non-Interactive, Suitable for Smartphones and Tablets:<\/span><\/p>\n<div class=\"elementToProof\"><span style=\"color: #ff0000;\"><a style=\"color: #ff0000;\" href=\"https:\/\/www.aie.es\/wp-content\/uploads\/Memoria-RSC-AIE-2021-30nov22-NO-INTERACTIVA.pdf\" target=\"_blank\" rel=\"noopener noreferrer\">MEMORIA RSC AIE 2021<\/a><\/span><\/div>\n<div>\n<p><span style=\"font-weight: 400;\">VERSION 3: English:<\/span><\/p>\n<\/div>\n<div>\n<div class=\"elementToProof\"><span style=\"color: #ff0000;\"><a style=\"color: #ff0000;\" href=\"https:\/\/www.aie.es\/wp-content\/uploads\/Memoria-CSR-AIE-2022-19ene24-DEF.pdf\">MEMORIA RSC AIE 2022<\/a><\/span><\/div>\n<\/div>\n","protected":false},"excerpt":{"rendered":"<p>CORPORATE SOCIAL RESPONSIBILITY REPORT AIE 2021 VERSION 1: Interactive, Optimized for Adobe Reader: MEMORIA RSC AIE 2021 MEMORIA RSC AIE 2022 MEMORIA RSC AIE 2023 MEMORIA RSC AIE 2024 VERSION 2: Non-Interactive, Suitable for Smartphones and Tablets: MEMORIA RSC AIE 2021 VERSION 3: English: MEMORIA&#8230;<\/p>\n","protected":false},"author":3,"featured_media":0,"parent":24803,"menu_order":0,"comment_status":"closed","ping_status":"closed","template":"","meta":{"_acf_changed":false,"_relevanssi_hide_post":"","_relevanssi_hide_content":"","_relevanssi_pin_for_all":"","_relevanssi_pin_keywords":"","_relevanssi_unpin_keywords":"","_relevanssi_related_keywords":"","_relevanssi_related_include_ids":"","_relevanssi_related_exclude_ids":"","_relevanssi_related_no_append":"","_relevanssi_related_not_related":"","_relevanssi_related_posts":"","_relevanssi_noindex_reason":"","footnotes":""},"acf":[],"yoast_head":"<!-- This site is optimized with the Yoast SEO Premium plugin v21.5 (Yoast SEO v21.9.1) - https:\/\/yoast.com\/wordpress\/plugins\/seo\/ -->\n<title>RSC - AIE Sociedad de Artistas Int\u00e9rpretes o Ejecutantes de Espa\u00f1a<\/title>\n<meta name=\"robots\" content=\"index, follow, max-snippet:-1, max-image-preview:large, max-video-preview:-1\" \/>\n<link rel=\"canonical\" href=\"https:\/\/www.aie.es\/en\/aie\/statutes-and-documents\/rsc\/\" \/>\n<meta property=\"og:locale\" content=\"en_US\" \/>\n<meta property=\"og:type\" content=\"article\" \/>\n<meta property=\"og:title\" content=\"RSC\" \/>\n<meta property=\"og:description\" content=\"CORPORATE SOCIAL RESPONSIBILITY REPORT AIE 2021 VERSION 1: Interactive, Optimized for Adobe Reader: MEMORIA RSC AIE 2021 MEMORIA RSC AIE 2022 MEMORIA RSC AIE 2023 MEMORIA RSC AIE 2024 VERSION 2: Non-Interactive, Suitable for Smartphones and Tablets: MEMORIA RSC AIE 2021 VERSION 3: English: MEMORIA...\" \/>\n<meta property=\"og:url\" content=\"https:\/\/www.aie.es\/en\/aie\/statutes-and-documents\/rsc\/\" \/>\n<meta property=\"og:site_name\" content=\"AIE Sociedad de Artistas Int\u00e9rpretes o Ejecutantes de Espa\u00f1a\" \/>\n<meta property=\"article:modified_time\" content=\"2025-10-28T16:51:13+00:00\" \/>\n<meta name=\"twitter:card\" content=\"summary_large_image\" \/>\n<meta name=\"twitter:label1\" content=\"Est. reading time\" \/>\n\t<meta name=\"twitter:data1\" content=\"1 minute\" \/>\n<script type=\"application\/ld+json\" class=\"yoast-schema-graph\">{\"@context\":\"https:\/\/schema.org\",\"@graph\":[{\"@type\":\"WebPage\",\"@id\":\"https:\/\/www.aie.es\/en\/aie\/statutes-and-documents\/rsc\/\",\"url\":\"https:\/\/www.aie.es\/en\/aie\/statutes-and-documents\/rsc\/\",\"name\":\"RSC - AIE Sociedad de Artistas Int\u00e9rpretes o Ejecutantes de Espa\u00f1a\",\"isPartOf\":{\"@id\":\"https:\/\/www.aie.es\/#website\"},\"datePublished\":\"2023-01-18T05:38:37+00:00\",\"dateModified\":\"2025-10-28T16:51:13+00:00\",\"breadcrumb\":{\"@id\":\"https:\/\/www.aie.es\/en\/aie\/statutes-and-documents\/rsc\/#breadcrumb\"},\"inLanguage\":\"en-US\",\"potentialAction\":[{\"@type\":\"ReadAction\",\"target\":[\"https:\/\/www.aie.es\/en\/aie\/statutes-and-documents\/rsc\/\"]}]},{\"@type\":\"BreadcrumbList\",\"@id\":\"https:\/\/www.aie.es\/en\/aie\/statutes-and-documents\/rsc\/#breadcrumb\",\"itemListElement\":[{\"@type\":\"ListItem\",\"position\":1,\"name\":\"Portada\",\"item\":\"https:\/\/www.aie.es\/en\/\"},{\"@type\":\"ListItem\",\"position\":2,\"name\":\"AIE\",\"item\":\"https:\/\/www.aie.es\/en\/aie\/\"},{\"@type\":\"ListItem\",\"position\":3,\"name\":\"Statutes and Documents\",\"item\":\"https:\/\/www.aie.es\/en\/aie\/statutes-and-documents\/\"},{\"@type\":\"ListItem\",\"position\":4,\"name\":\"RSC\"}]},{\"@type\":\"WebSite\",\"@id\":\"https:\/\/www.aie.es\/#website\",\"url\":\"https:\/\/www.aie.es\/\",\"name\":\"AIE Sociedad de Artistas Int\u00e9rpretes o Ejecutantes de Espa\u00f1a\",\"description\":\"Entidad de gesti\u00f3n de derechos de propiedad intelectual\",\"potentialAction\":[{\"@type\":\"SearchAction\",\"target\":{\"@type\":\"EntryPoint\",\"urlTemplate\":\"https:\/\/www.aie.es\/?s={search_term_string}\"},\"query-input\":\"required name=search_term_string\"}],\"inLanguage\":\"en-US\"}]}<\/script>\n<!-- \/ Yoast SEO Premium plugin. -->","yoast_head_json":{"title":"RSC - AIE Sociedad de Artistas Int\u00e9rpretes o Ejecutantes de Espa\u00f1a","robots":{"index":"index","follow":"follow","max-snippet":"max-snippet:-1","max-image-preview":"max-image-preview:large","max-video-preview":"max-video-preview:-1"},"canonical":"https:\/\/www.aie.es\/en\/aie\/statutes-and-documents\/rsc\/","og_locale":"en_US","og_type":"article","og_title":"RSC","og_description":"CORPORATE SOCIAL RESPONSIBILITY REPORT AIE 2021 VERSION 1: Interactive, Optimized for Adobe Reader: MEMORIA RSC AIE 2021 MEMORIA RSC AIE 2022 MEMORIA RSC AIE 2023 MEMORIA RSC AIE 2024 VERSION 2: Non-Interactive, Suitable for Smartphones and Tablets: MEMORIA RSC AIE 2021 VERSION 3: English: MEMORIA...","og_url":"https:\/\/www.aie.es\/en\/aie\/statutes-and-documents\/rsc\/","og_site_name":"AIE Sociedad de Artistas Int\u00e9rpretes o Ejecutantes de Espa\u00f1a","article_modified_time":"2025-10-28T16:51:13+00:00","twitter_card":"summary_large_image","twitter_misc":{"Est. reading time":"1 minute"},"schema":{"@context":"https:\/\/schema.org","@graph":[{"@type":"WebPage","@id":"https:\/\/www.aie.es\/en\/aie\/statutes-and-documents\/rsc\/","url":"https:\/\/www.aie.es\/en\/aie\/statutes-and-documents\/rsc\/","name":"RSC - AIE Sociedad de Artistas Int\u00e9rpretes o Ejecutantes de Espa\u00f1a","isPartOf":{"@id":"https:\/\/www.aie.es\/#website"},"datePublished":"2023-01-18T05:38:37+00:00","dateModified":"2025-10-28T16:51:13+00:00","breadcrumb":{"@id":"https:\/\/www.aie.es\/en\/aie\/statutes-and-documents\/rsc\/#breadcrumb"},"inLanguage":"en-US","potentialAction":[{"@type":"ReadAction","target":["https:\/\/www.aie.es\/en\/aie\/statutes-and-documents\/rsc\/"]}]},{"@type":"BreadcrumbList","@id":"https:\/\/www.aie.es\/en\/aie\/statutes-and-documents\/rsc\/#breadcrumb","itemListElement":[{"@type":"ListItem","position":1,"name":"Portada","item":"https:\/\/www.aie.es\/en\/"},{"@type":"ListItem","position":2,"name":"AIE","item":"https:\/\/www.aie.es\/en\/aie\/"},{"@type":"ListItem","position":3,"name":"Statutes and Documents","item":"https:\/\/www.aie.es\/en\/aie\/statutes-and-documents\/"},{"@type":"ListItem","position":4,"name":"RSC"}]},{"@type":"WebSite","@id":"https:\/\/www.aie.es\/#website","url":"https:\/\/www.aie.es\/","name":"AIE Sociedad de Artistas Int\u00e9rpretes o Ejecutantes de Espa\u00f1a","description":"Entidad de gesti\u00f3n de derechos de propiedad intelectual","potentialAction":[{"@type":"SearchAction","target":{"@type":"EntryPoint","urlTemplate":"https:\/\/www.aie.es\/?s={search_term_string}"},"query-input":"required name=search_term_string"}],"inLanguage":"en-US"}]}},"_links":{"self":[{"href":"https:\/\/www.aie.es\/en\/wp-json\/wp\/v2\/pages\/42340"}],"collection":[{"href":"https:\/\/www.aie.es\/en\/wp-json\/wp\/v2\/pages"}],"about":[{"href":"https:\/\/www.aie.es\/en\/wp-json\/wp\/v2\/types\/page"}],"author":[{"embeddable":true,"href":"https:\/\/www.aie.es\/en\/wp-json\/wp\/v2\/users\/3"}],"replies":[{"embeddable":true,"href":"https:\/\/www.aie.es\/en\/wp-json\/wp\/v2\/comments?post=42340"}],"version-history":[{"count":8,"href":"https:\/\/www.aie.es\/en\/wp-json\/wp\/v2\/pages\/42340\/revisions"}],"predecessor-version":[{"id":56666,"href":"https:\/\/www.aie.es\/en\/wp-json\/wp\/v2\/pages\/42340\/revisions\/56666"}],"up":[{"embeddable":true,"href":"https:\/\/www.aie.es\/en\/wp-json\/wp\/v2\/pages\/24803"}],"wp:attachment":[{"href":"https:\/\/www.aie.es\/en\/wp-json\/wp\/v2\/media?parent=42340"}],"curies":[{"name":"wp","href":"https:\/\/api.w.org\/{rel}","templated":true}]}}