{"id":51599,"date":"2024-11-12T17:12:06","date_gmt":"2024-11-12T16:12:06","guid":{"rendered":"https:\/\/www.aie.es\/rates\/"},"modified":"2024-11-18T19:21:23","modified_gmt":"2024-11-18T18:21:23","slug":"rates","status":"publish","type":"page","link":"https:\/\/www.aie.es\/en\/rates\/","title":{"rendered":"Rates"},"content":{"rendered":"<div class=\"wpb-content-wrapper\"><p>[vc_row css_animation=&#8221;&#8221; row_type=&#8221;row&#8221; use_row_as_full_screen_section=&#8221;no&#8221; type=&#8221;full_width&#8221; angled_section=&#8221;no&#8221; text_align=&#8221;left&#8221; background_image_as_pattern=&#8221;without_pattern&#8221; el_class=&#8221;seccion&#8221;][vc_column][vc_column_text css=&#8221;&#8221;]<\/p>\n<h3>Rates<\/h3>\n<p><i><span style=\"font-weight: 400;\">If you are the owner of a business that uses music\u2014companies, establishments, venues, etc.\u2014and you want to comply with current legislation, AIE, as the Management Society for the rights of performing and executant artists, allows you to establish the appropriate legal framework regarding these rights.<\/span><\/i><\/p>\n<p><i><span style=\"font-weight: 400;\">The conditions of the agreement you establish with AIE will depend on the type of business, the size of the establishments, and the nature and extent to which music is used or disseminated in your business.<\/span><\/i><\/p>\n<p><i><span style=\"font-weight: 400;\">Below, you can consult or download (PDF) the following rate catalogs, which remain in effect as provided in the second additional provision of Order CUD\/330\/2023, dated March 28, published in the BOE on April 5, 2023, which approves the methodology for determining the general rates of management entities for intellectual property rights for the use of their repertoire and the content of the economic report that must accompany the general rates.<\/span><\/i><\/p>\n<p><a href=\"https:\/\/www.aie.es\/wp-content\/uploads\/CATALOGO-DE-TARIFAS-DE-AIE-CP-DE-GGAA_SF1.pdf\" target=\"_blank\" rel=\"noopener\"><span style=\"font-weight: 400;\">General Rate Catalog for the Public Communication of Audiovisual Recordings<\/span><\/a><\/p>\n<p><a href=\"http:\/\/www.agedi-aie.es\/tarifas\"><span style=\"font-weight: 400;\">General Rate Catalog for the Public Communication of Phonograms<\/span><\/a><\/p>\n<p><a href=\"https:\/\/www.aie.es\/wp-content\/uploads\/Cat%C3%A1logo-de-tarifas-Generales-par-la-puesta-a-disposici%C3%B3n-de-fonogramas.pdf\"><span style=\"font-weight: 400;\">Rate Catalog for the Provision of Phonograms<\/span><\/a><\/p>\n<p><a href=\"https:\/\/www.aie.es\/wp-content\/uploads\/Tarifas_puesta-a-disposicion-GGAA.pdf\"><span style=\"font-weight: 400;\">Rate Catalog for the Provision of Audiovisual Recordings<\/span><\/a><\/p>\n<p><a href=\"https:\/\/www.aie.es\/wp-content\/uploads\/Tarifas-de-alquiler-GGAA-y-Memo-ria-Economica-Justificativa.pdf\" target=\"_blank\" rel=\"noopener\"><span style=\"font-weight: 400;\">General Rate Catalog for the Rental of Audiovisual Recordings<\/span><\/a><\/p>\n<p><a href=\"https:\/\/www.ventanillaunica.digital\/VU_Tarifas.aspx\"><span style=\"font-weight: 400;\">Rate Catalog for Equipment, Devices, and Reproduction Media Subject to Private Copying<\/span><\/a>[\/vc_column_text][\/vc_column][\/vc_row][vc_row css_animation=&#8221;&#8221; row_type=&#8221;row&#8221; use_row_as_full_screen_section=&#8221;no&#8221; type=&#8221;full_width&#8221; in_content_menu=&#8221;in_content_menu&#8221; content_menu_icon=&#8221;&#8221; angled_section=&#8221;no&#8221; text_align=&#8221;left&#8221; background_image_as_pattern=&#8221;without_pattern&#8221;][vc_column width=&#8221;1\/2&#8243; offset=&#8221;vc_hidden-lg vc_hidden-md vc_hidden-sm vc_hidden-xs&#8221;][vc_accordion active_tab=&#8221;false&#8221; collapsible=&#8221;yes&#8221; style=&#8221;accordion&#8221;][vc_accordion_tab title=&#8221;Hospedaje&#8221;][vc_column_text]124124<br \/>\n[\/vc_column_text][\/vc_accordion_tab][vc_accordion_tab title=&#8221;Bares y cafeter\u00edas&#8221;][vc_column_text]1231243[\/vc_column_text][\/vc_accordion_tab][vc_accordion_tab title=&#8221;Ocio nocturno&#8221;][vc_column_text]124[\/vc_column_text][\/vc_accordion_tab][vc_accordion_tab title=&#8221;Transporte colectivo&#8221;][vc_column_text]124[\/vc_column_text][\/vc_accordion_tab][vc_accordion_tab title=&#8221;Superficies comerciales y de trabajo&#8221;][vc_column_text]124124[\/vc_column_text][\/vc_accordion_tab][\/vc_accordion][\/vc_column][vc_column width=&#8221;1\/2&#8243; offset=&#8221;vc_hidden-lg vc_hidden-md vc_hidden-sm vc_hidden-xs&#8221;][vc_accordion active_tab=&#8221;false&#8221; collapsible=&#8221;yes&#8221; style=&#8221;accordion&#8221;][vc_accordion_tab title=&#8221;Radio&#8221;][vc_column_text]124[\/vc_column_text][\/vc_accordion_tab][vc_accordion_tab title=&#8221;Televisi\u00f3n&#8221;][vc_column_text]12412[\/vc_column_text][\/vc_accordion_tab][vc_accordion_tab title=&#8221;Cine&#8221;][vc_column_text]124124[\/vc_column_text][\/vc_accordion_tab][vc_accordion_tab title=&#8221;Internet&#8221;][vc_column_text]124124[\/vc_column_text][\/vc_accordion_tab][vc_accordion_tab title=&#8221;Gimnasios&#8221;][vc_column_text]12124[\/vc_column_text][\/vc_accordion_tab][\/vc_accordion][\/vc_column][\/vc_row]<\/p>\n<\/div>","protected":false},"excerpt":{"rendered":"<p>[vc_row css_animation=&#8221;&#8221; row_type=&#8221;row&#8221; use_row_as_full_screen_section=&#8221;no&#8221; type=&#8221;full_width&#8221; angled_section=&#8221;no&#8221; text_align=&#8221;left&#8221; background_image_as_pattern=&#8221;without_pattern&#8221; el_class=&#8221;seccion&#8221;][vc_column][vc_column_text css=&#8221;&#8221;] Rates If you are the owner of a business that uses music\u2014companies, establishments, venues, etc.\u2014and you want to comply with current legislation, AIE, as the Management Society for the rights of performing and executant artists,&#8230;<\/p>\n","protected":false},"author":4,"featured_media":0,"parent":0,"menu_order":0,"comment_status":"closed","ping_status":"closed","template":"","meta":{"_acf_changed":false,"_relevanssi_hide_post":"","_relevanssi_hide_content":"","_relevanssi_pin_for_all":"","_relevanssi_pin_keywords":"","_relevanssi_unpin_keywords":"","_relevanssi_related_keywords":"","_relevanssi_related_include_ids":"","_relevanssi_related_exclude_ids":"","_relevanssi_related_no_append":"","_relevanssi_related_not_related":"","_relevanssi_related_posts":"","_relevanssi_noindex_reason":"","footnotes":""},"acf":[],"yoast_head":"<!-- This site is optimized with the Yoast SEO Premium plugin v21.5 (Yoast SEO v21.9.1) - https:\/\/yoast.com\/wordpress\/plugins\/seo\/ -->\n<title>Rates - AIE Sociedad de Artistas Int\u00e9rpretes o Ejecutantes de Espa\u00f1a<\/title>\n<meta name=\"robots\" content=\"index, follow, max-snippet:-1, max-image-preview:large, max-video-preview:-1\" \/>\n<link rel=\"canonical\" href=\"https:\/\/www.aie.es\/en\/rates\/\" \/>\n<meta property=\"og:locale\" content=\"en_US\" \/>\n<meta property=\"og:type\" content=\"article\" \/>\n<meta property=\"og:title\" content=\"Rates\" \/>\n<meta property=\"og:description\" content=\"[vc_row css_animation=&#8221;&#8221; row_type=&#8221;row&#8221; use_row_as_full_screen_section=&#8221;no&#8221; type=&#8221;full_width&#8221; angled_section=&#8221;no&#8221; text_align=&#8221;left&#8221; background_image_as_pattern=&#8221;without_pattern&#8221; el_class=&#8221;seccion&#8221;][vc_column][vc_column_text css=&#8221;&#8221;] Rates If you are the owner of a business that uses music\u2014companies, establishments, venues, etc.\u2014and you want to comply with current legislation, AIE, as the Management Society for the rights of performing and executant artists,...\" \/>\n<meta property=\"og:url\" content=\"https:\/\/www.aie.es\/en\/rates\/\" \/>\n<meta property=\"og:site_name\" content=\"AIE Sociedad de Artistas Int\u00e9rpretes o Ejecutantes de Espa\u00f1a\" \/>\n<meta property=\"article:modified_time\" content=\"2024-11-18T18:21:23+00:00\" \/>\n<meta name=\"twitter:card\" content=\"summary_large_image\" \/>\n<meta name=\"twitter:label1\" content=\"Est. reading time\" \/>\n\t<meta name=\"twitter:data1\" content=\"2 minutes\" \/>\n<script type=\"application\/ld+json\" class=\"yoast-schema-graph\">{\"@context\":\"https:\/\/schema.org\",\"@graph\":[{\"@type\":\"WebPage\",\"@id\":\"https:\/\/www.aie.es\/en\/rates\/\",\"url\":\"https:\/\/www.aie.es\/en\/rates\/\",\"name\":\"Rates - AIE Sociedad de Artistas Int\u00e9rpretes o Ejecutantes de Espa\u00f1a\",\"isPartOf\":{\"@id\":\"https:\/\/www.aie.es\/#website\"},\"datePublished\":\"2024-11-12T16:12:06+00:00\",\"dateModified\":\"2024-11-18T18:21:23+00:00\",\"breadcrumb\":{\"@id\":\"https:\/\/www.aie.es\/en\/rates\/#breadcrumb\"},\"inLanguage\":\"en-US\",\"potentialAction\":[{\"@type\":\"ReadAction\",\"target\":[\"https:\/\/www.aie.es\/en\/rates\/\"]}]},{\"@type\":\"BreadcrumbList\",\"@id\":\"https:\/\/www.aie.es\/en\/rates\/#breadcrumb\",\"itemListElement\":[{\"@type\":\"ListItem\",\"position\":1,\"name\":\"Portada\",\"item\":\"https:\/\/www.aie.es\/en\/\"},{\"@type\":\"ListItem\",\"position\":2,\"name\":\"Rates\"}]},{\"@type\":\"WebSite\",\"@id\":\"https:\/\/www.aie.es\/#website\",\"url\":\"https:\/\/www.aie.es\/\",\"name\":\"AIE Sociedad de Artistas Int\u00e9rpretes o Ejecutantes de Espa\u00f1a\",\"description\":\"Entidad de gesti\u00f3n de derechos de propiedad intelectual\",\"potentialAction\":[{\"@type\":\"SearchAction\",\"target\":{\"@type\":\"EntryPoint\",\"urlTemplate\":\"https:\/\/www.aie.es\/?s={search_term_string}\"},\"query-input\":\"required name=search_term_string\"}],\"inLanguage\":\"en-US\"}]}<\/script>\n<!-- \/ Yoast SEO Premium plugin. -->","yoast_head_json":{"title":"Rates - AIE Sociedad de Artistas Int\u00e9rpretes o Ejecutantes de Espa\u00f1a","robots":{"index":"index","follow":"follow","max-snippet":"max-snippet:-1","max-image-preview":"max-image-preview:large","max-video-preview":"max-video-preview:-1"},"canonical":"https:\/\/www.aie.es\/en\/rates\/","og_locale":"en_US","og_type":"article","og_title":"Rates","og_description":"[vc_row css_animation=&#8221;&#8221; row_type=&#8221;row&#8221; use_row_as_full_screen_section=&#8221;no&#8221; type=&#8221;full_width&#8221; angled_section=&#8221;no&#8221; text_align=&#8221;left&#8221; background_image_as_pattern=&#8221;without_pattern&#8221; el_class=&#8221;seccion&#8221;][vc_column][vc_column_text css=&#8221;&#8221;] Rates If you are the owner of a business that uses music\u2014companies, establishments, venues, etc.\u2014and you want to comply with current legislation, AIE, as the Management Society for the rights of performing and executant artists,...","og_url":"https:\/\/www.aie.es\/en\/rates\/","og_site_name":"AIE Sociedad de Artistas Int\u00e9rpretes o Ejecutantes de Espa\u00f1a","article_modified_time":"2024-11-18T18:21:23+00:00","twitter_card":"summary_large_image","twitter_misc":{"Est. reading time":"2 minutes"},"schema":{"@context":"https:\/\/schema.org","@graph":[{"@type":"WebPage","@id":"https:\/\/www.aie.es\/en\/rates\/","url":"https:\/\/www.aie.es\/en\/rates\/","name":"Rates - AIE Sociedad de Artistas Int\u00e9rpretes o Ejecutantes de Espa\u00f1a","isPartOf":{"@id":"https:\/\/www.aie.es\/#website"},"datePublished":"2024-11-12T16:12:06+00:00","dateModified":"2024-11-18T18:21:23+00:00","breadcrumb":{"@id":"https:\/\/www.aie.es\/en\/rates\/#breadcrumb"},"inLanguage":"en-US","potentialAction":[{"@type":"ReadAction","target":["https:\/\/www.aie.es\/en\/rates\/"]}]},{"@type":"BreadcrumbList","@id":"https:\/\/www.aie.es\/en\/rates\/#breadcrumb","itemListElement":[{"@type":"ListItem","position":1,"name":"Portada","item":"https:\/\/www.aie.es\/en\/"},{"@type":"ListItem","position":2,"name":"Rates"}]},{"@type":"WebSite","@id":"https:\/\/www.aie.es\/#website","url":"https:\/\/www.aie.es\/","name":"AIE Sociedad de Artistas Int\u00e9rpretes o Ejecutantes de Espa\u00f1a","description":"Entidad de gesti\u00f3n de derechos de propiedad intelectual","potentialAction":[{"@type":"SearchAction","target":{"@type":"EntryPoint","urlTemplate":"https:\/\/www.aie.es\/?s={search_term_string}"},"query-input":"required name=search_term_string"}],"inLanguage":"en-US"}]}},"_links":{"self":[{"href":"https:\/\/www.aie.es\/en\/wp-json\/wp\/v2\/pages\/51599"}],"collection":[{"href":"https:\/\/www.aie.es\/en\/wp-json\/wp\/v2\/pages"}],"about":[{"href":"https:\/\/www.aie.es\/en\/wp-json\/wp\/v2\/types\/page"}],"author":[{"embeddable":true,"href":"https:\/\/www.aie.es\/en\/wp-json\/wp\/v2\/users\/4"}],"replies":[{"embeddable":true,"href":"https:\/\/www.aie.es\/en\/wp-json\/wp\/v2\/comments?post=51599"}],"version-history":[{"count":7,"href":"https:\/\/www.aie.es\/en\/wp-json\/wp\/v2\/pages\/51599\/revisions"}],"predecessor-version":[{"id":51666,"href":"https:\/\/www.aie.es\/en\/wp-json\/wp\/v2\/pages\/51599\/revisions\/51666"}],"wp:attachment":[{"href":"https:\/\/www.aie.es\/en\/wp-json\/wp\/v2\/media?parent=51599"}],"curies":[{"name":"wp","href":"https:\/\/api.w.org\/{rel}","templated":true}]}}